{"id":9817,"date":"2024-07-13T08:45:05","date_gmt":"2024-07-13T06:45:05","guid":{"rendered":"https:\/\/www.krajan.pl\/index.php\/produkt\/tor-3\/"},"modified":"2026-01-27T12:08:56","modified_gmt":"2026-01-27T11:08:56","slug":"tor-3","status":"publish","type":"product","link":"https:\/\/www.krajan.pl\/index.php\/produkt\/tor-3\/","title":{"rendered":"Tor 3"},"content":{"rendered":"<p><em>Uwagi:<\/em><\/p>\n<p><em><span class=\"ILfuVd\" lang=\"pl\"><span class=\"hgKElc\">\u00a0Kolory na zdj\u0119ciach\u00a0 mog\u0105 si\u0119 nieznacznie r\u00f3\u017cni\u0107 od rzeczywistych \u2013 wynika to z r\u00f3\u017cnorodno\u015bci dost\u0119pnego sprz\u0119tu komputerowego oraz jego indywidualnych ustawie\u0144 a w szczeg\u00f3lno\u015bci ustawie\u0144 monitora i karty graficznej.<\/span><\/span><\/em><\/p>\n<p>Views: 28<\/p>","protected":false},"excerpt":{"rendered":"<p>Informacje :<\/p>\n<p>Szer.\/wys.\/g\u0142.: 120\/200\/40 cm<\/p>\n<h3 data-start=\"0\" data-end=\"31\">Opis techniczny garderoby<\/h3>\n<ul data-start=\"33\" data-end=\"641\">\n<li data-start=\"33\" data-end=\"76\">\n<p data-start=\"35\" data-end=\"76\"><strong data-start=\"35\" data-end=\"48\">Typ mebla<\/strong>: garderoba do przedpokoju<\/p>\n<\/li>\n<li data-start=\"77\" data-end=\"185\">\n<p data-start=\"79\" data-end=\"103\"><strong data-start=\"79\" data-end=\"100\">Wymiary ca\u0142kowite<\/strong>:<\/p>\n<ul data-start=\"106\" data-end=\"185\">\n<li data-start=\"106\" data-end=\"131\">\n<p data-start=\"108\" data-end=\"131\">szeroko\u015b\u0107: <strong data-start=\"119\" data-end=\"129\">120 cm<\/strong><\/p>\n<\/li>\n<li data-start=\"134\" data-end=\"158\">\n<p data-start=\"136\" data-end=\"158\">wysoko\u015b\u0107: <strong data-start=\"146\" data-end=\"156\">200 cm<\/strong><\/p>\n<\/li>\n<li data-start=\"161\" data-end=\"185\">\n<p data-start=\"163\" data-end=\"185\">g\u0142\u0119boko\u015b\u0107: <strong data-start=\"174\" data-end=\"183\">40 cm<\/strong><\/p>\n<\/li>\n<\/ul>\n<ul data-start=\"218\" data-end=\"324\">\n<li data-start=\"312\" data-end=\"324\">\n<p data-start=\"314\" data-end=\"324\">\n<\/li>\n<\/ul>\n<\/li>\n<li data-start=\"325\" data-end=\"391\">\n<p data-start=\"327\" data-end=\"391\"><strong data-start=\"327\" data-end=\"339\">Materia\u0142<\/strong>: p\u0142yta laminowana odporna na zarysowania i wilgo\u0107<\/p>\n<\/li>\n<li data-start=\"392\" data-end=\"474\">\n<p data-start=\"394\" data-end=\"474\"><strong data-start=\"394\" data-end=\"409\">Kolorystyka<\/strong>: dekor d\u0105b artisan + listwy w kolorze grafitowym<\/p>\n<\/li>\n<li data-start=\"475\" data-end=\"533\">\n<p data-start=\"477\" data-end=\"533\"><strong data-start=\"477\" data-end=\"498\">System otwierania<\/strong>: bezuchwytowy (frezy w frontach): 2 x klapa (dolne); 1 x drzwi otwierane<\/p>\n<\/li>\n<li data-start=\"534\" data-end=\"558\">\n<p data-start=\"536\" data-end=\"558\"><strong data-start=\"536\" data-end=\"545\">Plecy<\/strong>: p\u0142yta HDF<\/p>\n<\/li>\n<li data-start=\"559\" data-end=\"641\">\n<p data-start=\"561\" data-end=\"641\"><strong data-start=\"561\" data-end=\"571\">Monta\u017c<\/strong>: mebel do samodzielnego monta\u017cu, w komplecie instrukcja i akcesoria<\/p>\n<\/li>\n<\/ul>\n<p>Meble w paczkach do samodzielnego monta\u017cu.<br \/>\nProdukt nowy, oryginalnie zapakowany!<br \/>\nMebel wykonany z laminowanej p\u0142yty wi\u00f3rowej.<br \/>\nFronty: p\u0142yta front g\u0142adki.<\/p>\n<p>Mo\u017cliwo\u015b\u0107 dokupienia lustra.<\/p>\n<p>&nbsp;<\/p>\n","protected":false},"featured_media":31095,"comment_status":"closed","ping_status":"closed","template":"","meta":[],"product_brand":[],"product_cat":[190],"product_tag":[],"class_list":{"0":"post-9817","1":"product","2":"type-product","3":"status-publish","4":"has-post-thumbnail","6":"product_cat-garderoby","7":"pa_kolor-artisan-grafit-listwy","8":"pa_kolor-artisan-grafit-kaszmir-listwy","9":"pa_kolor-artisan-kaszmir-grafit-listwy","10":"pa_kolor-trufel-grafit-listwy","11":"pa_kolor-wotan-grafit-listwy","13":"first","14":"outofstock","15":"shipping-taxable","16":"product-type-variable"},"_links":{"self":[{"href":"https:\/\/www.krajan.pl\/index.php\/wp-json\/wp\/v2\/product\/9817","targetHints":{"allow":["GET"]}}],"collection":[{"href":"https:\/\/www.krajan.pl\/index.php\/wp-json\/wp\/v2\/product"}],"about":[{"href":"https:\/\/www.krajan.pl\/index.php\/wp-json\/wp\/v2\/types\/product"}],"replies":[{"embeddable":true,"href":"https:\/\/www.krajan.pl\/index.php\/wp-json\/wp\/v2\/comments?post=9817"}],"wp:featuredmedia":[{"embeddable":true,"href":"https:\/\/www.krajan.pl\/index.php\/wp-json\/wp\/v2\/media\/31095"}],"wp:attachment":[{"href":"https:\/\/www.krajan.pl\/index.php\/wp-json\/wp\/v2\/media?parent=9817"}],"wp:term":[{"taxonomy":"product_brand","embeddable":true,"href":"https:\/\/www.krajan.pl\/index.php\/wp-json\/wp\/v2\/product_brand?post=9817"},{"taxonomy":"product_cat","embeddable":true,"href":"https:\/\/www.krajan.pl\/index.php\/wp-json\/wp\/v2\/product_cat?post=9817"},{"taxonomy":"product_tag","embeddable":true,"href":"https:\/\/www.krajan.pl\/index.php\/wp-json\/wp\/v2\/product_tag?post=9817"}],"curies":[{"name":"wp","href":"https:\/\/api.w.org\/{rel}","templated":true}]}}