{"id":9166,"date":"2024-06-15T08:36:04","date_gmt":"2024-06-15T06:36:04","guid":{"rendered":"https:\/\/www.krajan.pl\/index.php\/produkt\/dora-i\/"},"modified":"2024-08-12T00:26:10","modified_gmt":"2024-08-11T22:26:10","slug":"dora-i","status":"publish","type":"product","link":"https:\/\/www.krajan.pl\/index.php\/produkt\/dora-i\/","title":{"rendered":"Dora I"},"content":{"rendered":"<p>Views: 13<\/p>","protected":false},"excerpt":{"rendered":"<p>Szer.\/wys.\/g\u0142.: 280\/204\/52cm<\/p>\n<p><strong>Meble m\u0142odzie\u017cowe DORA I<\/strong> to doskona\u0142e uzupe\u0142nienie ka\u017cdego pokoju nastolatka\/dziecka. Wyj\u0105tkowy design nada wn\u0119trzu stylu i podkre\u015bli m\u0142odzie\u017cowy charakter pomieszczenia. To doskona\u0142e rozwi\u0105zanie dla wszystkich, kt\u00f3rzy ceni\u0105 sobie funkcjonalno\u015b\u0107 w przestrzeni swoich pociech.Ka\u017cdy element zestawu jest osobnym modu\u0142em, dzi\u0119ki czemu mo\u017cna ustawi\u0107 meble w dowolnej kombinacji. Meble s\u0105 pojemne i dost\u0119pne w r\u00f3\u017cnych kolorach.<\/p>\n<p><strong>Wymiary:<\/strong><br \/>\n\u2013 szeroko\u015b\u0107 280 cm \/ wysoko\u015b\u0107 204 cm \/ g\u0142\u0119boko\u015b\u0107 52 cm<\/p>\n<p><strong>Informacje dodatkowe:<\/strong><br \/>\nW sk\u0142ad powy\u017cszego zestawu wchodz\u0105 meble (szer.\/wys.\/g\u0142.):<\/p>\n<ul>\n<li>\u00a0szafa 90\u00d7204\/52 z pojemn\u0105 szuflad\u0105 oraz dr\u0105\u017ckiem ubraniowym na wieszaki,<\/li>\n<li>\u00a0biurko 130\u00d781\/52 z p\u00f3\u0142k\u0105 wysuwan\u0105 na klawiatur\u0119  nadstawka nad biurkiem,<\/li>\n<li>\u00a0s\u0142upek 60\/204 z p\u00f3\u0142kami,<\/li>\n<li>\u00a0mebel wykonany jest z p\u0142yty\u00a0 laminowanej o grubo\u015bci 16 mm,<\/li>\n<li>\u00a0zastosowano wysokiej jako\u015bci uchwyty z tworzywa sztucznego, kt\u00f3re zapewniaj\u0105 trwa\u0142o\u015b\u0107 oraz komfort u\u017cytkowania.<\/li>\n<li>\u00a0meble s\u0105 nowe, zapakowane w paczkach do samodzielnego monta\u017cu,<\/li>\n<li>\u00a0wraz z czyteln\u0105 instrukcj\u0105 oraz akcesoriami.<\/li>\n<\/ul>\n","protected":false},"featured_media":28298,"comment_status":"closed","ping_status":"closed","template":"","meta":[],"product_brand":[],"product_cat":[235],"product_tag":[],"class_list":{"0":"post-9166","1":"product","2":"type-product","3":"status-publish","4":"has-post-thumbnail","6":"product_cat-mlodziezowe","7":"pa_kolor-artisan-bialy","8":"pa_kolor-wotan-jesion-portland","9":"pa_kolor-wotan-anderson","11":"first","12":"instock","13":"shipping-taxable","14":"product-type-variable"},"_links":{"self":[{"href":"https:\/\/www.krajan.pl\/index.php\/wp-json\/wp\/v2\/product\/9166","targetHints":{"allow":["GET"]}}],"collection":[{"href":"https:\/\/www.krajan.pl\/index.php\/wp-json\/wp\/v2\/product"}],"about":[{"href":"https:\/\/www.krajan.pl\/index.php\/wp-json\/wp\/v2\/types\/product"}],"replies":[{"embeddable":true,"href":"https:\/\/www.krajan.pl\/index.php\/wp-json\/wp\/v2\/comments?post=9166"}],"wp:featuredmedia":[{"embeddable":true,"href":"https:\/\/www.krajan.pl\/index.php\/wp-json\/wp\/v2\/media\/28298"}],"wp:attachment":[{"href":"https:\/\/www.krajan.pl\/index.php\/wp-json\/wp\/v2\/media?parent=9166"}],"wp:term":[{"taxonomy":"product_brand","embeddable":true,"href":"https:\/\/www.krajan.pl\/index.php\/wp-json\/wp\/v2\/product_brand?post=9166"},{"taxonomy":"product_cat","embeddable":true,"href":"https:\/\/www.krajan.pl\/index.php\/wp-json\/wp\/v2\/product_cat?post=9166"},{"taxonomy":"product_tag","embeddable":true,"href":"https:\/\/www.krajan.pl\/index.php\/wp-json\/wp\/v2\/product_tag?post=9166"}],"curies":[{"name":"wp","href":"https:\/\/api.w.org\/{rel}","templated":true}]}}