{"id":8895,"date":"2024-06-10T15:09:35","date_gmt":"2024-06-10T13:09:35","guid":{"rendered":"https:\/\/www.krajan.pl\/index.php\/produkt\/lotus-c\/"},"modified":"2026-04-10T15:56:31","modified_gmt":"2026-04-10T13:56:31","slug":"lotus-c","status":"publish","type":"product","link":"https:\/\/www.krajan.pl\/index.php\/produkt\/lotus-c\/","title":{"rendered":"Lotus C"},"content":{"rendered":"<p><em>Uwagi:<\/em><br \/>\n<em><span class=\"ILfuVd\" lang=\"pl\"><span class=\"hgKElc\">\u00a0Kolory na zdj\u0119ciach\u00a0 mog\u0105 si\u0119 nieznacznie r\u00f3\u017cni\u0107 od rzeczywistych \u2013 wynika to z r\u00f3\u017cnorodno\u015bci dost\u0119pnego sprz\u0119tu komputerowego oraz jego indywidualnych ustawie\u0144 a w szczeg\u00f3lno\u015bci ustawie\u0144 monitora i karty graficznej.<\/span><\/span><\/em><\/p>\n<p>Views: 63<\/p>","protected":false},"excerpt":{"rendered":"<p>Szer.\/wys.\/g\u0142.: 345\/209\/53 cm<\/p>\n<p><strong>Zestaw LOTUS C<\/strong> jest doskona\u0142ym wyborem dla tych, kt\u00f3rzy we wszystkim szukaj\u0105 klasyki. Prosta konstrukcja i \u0142atwe utrzymanie znajd\u0105 swoich fan\u00f3w. W meblo\u015bciance znajduje si\u0119 wiele praktycznie rozmieszczonych schowk\u00f3w, kt\u00f3re pomog\u0105 Ci zachowa\u0107 porz\u0105dek, a dzi\u0119ki otwartym i przeszklonym p\u00f3\u0142kom podkre\u015blisz swoj\u0105 oryginalno\u015b\u0107 stylowymi dodatkami. Meble s\u0105 pojemne i dost\u0119pne w r\u00f3\u017cnych kolorach.<\/p>\n<p><strong>Wymiary:<\/strong><\/p>\n<p>\u2013 szeroko\u015b\u0107 345 cm \/ wysoko\u015b\u0107 209 cm \/ g\u0142\u0119boko\u015b\u0107 53 cm<\/p>\n<p><strong>Informacje dodatkowe:<\/strong><\/p>\n<p>\u2013 p\u0142yta laminowana o grubo\u015bci 16 mm<br \/>\n\u2013 na frontach listewki MDF LAMELE<br \/>\n\u2013 w standardzie zastosowano w witrynach p\u00f3\u0142ki z p\u0142yty laminowanej,<br \/>\n\u2013 uchwyty\u00a0 wykonane z tworzywa sztucznego, kt\u00f3re zapewniaj\u0105 trwa\u0142o\u015b\u0107 oraz komfort u\u017cytkowania,<br \/>\n\u2013\u00a0<strong>wn\u0119ka na telewizor szer.116,5 cm<\/strong><br \/>\n\u2013 szafa 90\/209\/53 z szuflad\u0105 oraz dr\u0105\u017ckiem ubraniowym na wieszaki,<br \/>\n\u2013 meble s\u0105 nowe, zapakowane w paczkach do samodzielnego monta\u017cu, wraz z czyteln\u0105 instrukcj\u0105 oraz akcesoriami.<br \/>\n\u2013 meblo\u015bcianka z wizualizacji wykonana w kolorze: trufel<\/p>\n","protected":false},"featured_media":28287,"comment_status":"closed","ping_status":"closed","template":"","meta":[],"product_brand":[],"product_cat":[149,150],"product_tag":[],"class_list":{"0":"post-8895","1":"product","2":"type-product","3":"status-publish","4":"has-post-thumbnail","6":"product_cat-meble-pokojowe","7":"product_cat-mebloscianki-nowoczesne","8":"pa_kolor-artisan","9":"pa_kolor-canyon","10":"pa_kolor-lefkas-ciemny","11":"pa_kolor-sonoma","12":"pa_kolor-trufel","13":"pa_kolor-wotan","15":"first","16":"outofstock","17":"shipping-taxable","18":"purchasable","19":"product-type-variable"},"_links":{"self":[{"href":"https:\/\/www.krajan.pl\/index.php\/wp-json\/wp\/v2\/product\/8895","targetHints":{"allow":["GET"]}}],"collection":[{"href":"https:\/\/www.krajan.pl\/index.php\/wp-json\/wp\/v2\/product"}],"about":[{"href":"https:\/\/www.krajan.pl\/index.php\/wp-json\/wp\/v2\/types\/product"}],"replies":[{"embeddable":true,"href":"https:\/\/www.krajan.pl\/index.php\/wp-json\/wp\/v2\/comments?post=8895"}],"wp:featuredmedia":[{"embeddable":true,"href":"https:\/\/www.krajan.pl\/index.php\/wp-json\/wp\/v2\/media\/28287"}],"wp:attachment":[{"href":"https:\/\/www.krajan.pl\/index.php\/wp-json\/wp\/v2\/media?parent=8895"}],"wp:term":[{"taxonomy":"product_brand","embeddable":true,"href":"https:\/\/www.krajan.pl\/index.php\/wp-json\/wp\/v2\/product_brand?post=8895"},{"taxonomy":"product_cat","embeddable":true,"href":"https:\/\/www.krajan.pl\/index.php\/wp-json\/wp\/v2\/product_cat?post=8895"},{"taxonomy":"product_tag","embeddable":true,"href":"https:\/\/www.krajan.pl\/index.php\/wp-json\/wp\/v2\/product_tag?post=8895"}],"curies":[{"name":"wp","href":"https:\/\/api.w.org\/{rel}","templated":true}]}}