{"id":8706,"date":"2024-06-07T14:27:47","date_gmt":"2024-06-07T12:27:47","guid":{"rendered":"https:\/\/www.krajan.pl\/index.php\/produkt\/jakub\/"},"modified":"2026-04-01T15:43:09","modified_gmt":"2026-04-01T13:43:09","slug":"jakub","status":"publish","type":"product","link":"https:\/\/www.krajan.pl\/index.php\/produkt\/jakub\/","title":{"rendered":"Jakub"},"content":{"rendered":"<p><em>Uwagi:<\/em><br \/>\n<em><span class=\"ILfuVd\" lang=\"pl\"><span class=\"hgKElc\">\u00a0Kolory na zdj\u0119ciach\u00a0 mog\u0105 si\u0119 nieznacznie r\u00f3\u017cni\u0107 od rzeczywistych \u2013 wynika to z r\u00f3\u017cnorodno\u015bci dost\u0119pnego sprz\u0119tu komputerowego oraz jego indywidualnych ustawie\u0144 a w szczeg\u00f3lno\u015bci ustawie\u0144 monitora i karty graficznej.<\/span><\/span><\/em><\/p>\n<p>Views: 16<\/p>","protected":false},"excerpt":{"rendered":"<p>Zestaw <strong>JAKUB<\/strong> cechuje nowoczesny i elegancki design, solidno\u015b\u0107 oraz funkcjonalno\u015b\u0107. Wykonane z wysokiej jako\u015bci p\u0142yty laminowanej pozwol\u0105 cieszy\u0107 si\u0119 trwa\u0142o\u015bci\u0105 przez d\u0142ugie lata, a prostota wykonania daje wygod\u0119 u\u017cytkowania nawet najbardziej wymagaj\u0105cym. Dodatkowo korpusy zosta\u0142y obklejone obrze\u017cami ABS. Meble sprawdz\u0105 si\u0119 w pokojach dziennych oraz salonach. Meble s\u0105 pojemne i dost\u0119pne w r\u00f3\u017cnych kolorach.<\/p>\n<p><strong>Wymiary:<\/strong><\/p>\n<p>\u2013 szeroko\u015b\u0107 325 cm \/ wysoko\u015b\u0107 199 cm \/ g\u0142\u0119boko\u015b\u0107 53 cm<\/p>\n<p>&nbsp;<\/p>\n<p><strong>Informacje dodatkowe:<\/strong><\/p>\n<p>\u2013 p\u0142yta laminowana o grubo\u015bci 16 mm<br \/>\n\u2013 w standardzie zastosowano w witrynach p\u00f3\u0142ki z p\u0142yty laminowanej,<br \/>\n\u2013 mo\u017cliwo\u015b\u0107 zam\u00f3wienia w witrynach p\u00f3\u0142ki szklane i o\u015bwietlenie LED -za dop\u0142at\u0105,<br \/>\n\u2013 uchwyty\u00a0 wykonane z tworzywa sztucznego, kt\u00f3re zapewniaj\u0105 trwa\u0142o\u015b\u0107 oraz komfort u\u017cytkowania,<br \/>\n\u2013 kolorystyka front\u00f3w do wyboru, fronty dost\u0119pne w po\u0142ysku oraz mat,<br \/>\n\u2013 meble s\u0105 nowe, zapakowane w paczkach do samodzielnego monta\u017cu, wraz z czyteln\u0105 instrukcj\u0105 oraz akcesoriami.<br \/>\n\u2013 meblo\u015bcianka z wizualizacji wykonana w kolorze:<\/p>\n","protected":false},"featured_media":28281,"comment_status":"closed","ping_status":"closed","template":"","meta":[],"product_brand":[],"product_cat":[149,150],"product_tag":[],"class_list":{"0":"post-8706","1":"product","2":"type-product","3":"status-publish","4":"has-post-thumbnail","6":"product_cat-meble-pokojowe","7":"product_cat-mebloscianki-nowoczesne","8":"pa_kolor-artisan-bialy","9":"pa_kolor-canyon-bialy","10":"pa_kolor-sonoma-bialy","11":"pa_kolor-trufel-anderson","12":"pa_kolor-wotan-anderson","14":"first","15":"instock","16":"shipping-taxable","17":"purchasable","18":"product-type-variable"},"_links":{"self":[{"href":"https:\/\/www.krajan.pl\/index.php\/wp-json\/wp\/v2\/product\/8706","targetHints":{"allow":["GET"]}}],"collection":[{"href":"https:\/\/www.krajan.pl\/index.php\/wp-json\/wp\/v2\/product"}],"about":[{"href":"https:\/\/www.krajan.pl\/index.php\/wp-json\/wp\/v2\/types\/product"}],"replies":[{"embeddable":true,"href":"https:\/\/www.krajan.pl\/index.php\/wp-json\/wp\/v2\/comments?post=8706"}],"wp:featuredmedia":[{"embeddable":true,"href":"https:\/\/www.krajan.pl\/index.php\/wp-json\/wp\/v2\/media\/28281"}],"wp:attachment":[{"href":"https:\/\/www.krajan.pl\/index.php\/wp-json\/wp\/v2\/media?parent=8706"}],"wp:term":[{"taxonomy":"product_brand","embeddable":true,"href":"https:\/\/www.krajan.pl\/index.php\/wp-json\/wp\/v2\/product_brand?post=8706"},{"taxonomy":"product_cat","embeddable":true,"href":"https:\/\/www.krajan.pl\/index.php\/wp-json\/wp\/v2\/product_cat?post=8706"},{"taxonomy":"product_tag","embeddable":true,"href":"https:\/\/www.krajan.pl\/index.php\/wp-json\/wp\/v2\/product_tag?post=8706"}],"curies":[{"name":"wp","href":"https:\/\/api.w.org\/{rel}","templated":true}]}}