{"id":8556,"date":"2024-06-06T14:43:38","date_gmt":"2024-06-06T12:43:38","guid":{"rendered":"https:\/\/www.krajan.pl\/index.php\/produkt\/adel-ii\/"},"modified":"2026-04-01T13:53:54","modified_gmt":"2026-04-01T11:53:54","slug":"adel-ii","status":"publish","type":"product","link":"https:\/\/www.krajan.pl\/index.php\/produkt\/adel-ii\/","title":{"rendered":"Adel II"},"content":{"rendered":"<p><em>Uwagi:<\/em><br \/>\n<em><span class=\"ILfuVd\" lang=\"pl\"><span class=\"hgKElc\">\u00a0Kolory na zdj\u0119ciach\u00a0 mog\u0105 si\u0119 nieznacznie r\u00f3\u017cni\u0107 od rzeczywistych \u2013 wynika to z r\u00f3\u017cnorodno\u015bci dost\u0119pnego sprz\u0119tu komputerowego oraz jego indywidualnych ustawie\u0144 a w szczeg\u00f3lno\u015bci ustawie\u0144 monitora i karty graficznej.<\/span><\/span><\/em><\/p>\n<p>Views: 27<\/p>","protected":false},"excerpt":{"rendered":"<p>Szer.\/wys.\/g\u0142.:370\/204\/52 cm<\/p>\n<p><strong>Zestaw ADEL<\/strong> cechuje nowoczesny i elegancki design, solidno\u015b\u0107 oraz funkcjonalno\u015b\u0107. Wykonane z wysokiej jako\u015bci p\u0142yty laminowanej pozwol\u0105 cieszy\u0107 si\u0119 trwa\u0142o\u015bci\u0105 przez d\u0142ugie lata, a prostota wykonania daje wygod\u0119 u\u017cytkowania nawet najbardziej wymagaj\u0105cym. Dodatkowo korpusy zosta\u0142y obklejone obrze\u017cami ABS. Meble sprawdz\u0105 si\u0119 w pokojach dziennych oraz salonach. Meble s\u0105 pojemne i dost\u0119pne w r\u00f3\u017cnych kolorach.<\/p>\n<p><strong>Wymiary:<\/strong><\/p>\n<p>\u2013 szeroko\u015b\u0107 322 cm \/ wysoko\u015b\u0107 204 cm \/ g\u0142\u0119boko\u015b\u0107 52 cm<\/p>\n<p><strong>Informacje dodatkowe:<\/strong><\/p>\n<p>\u2013 p\u0142yta laminowana o grubo\u015bci 16 mm<br \/>\n\u2013 w standardzie zastosowano w witrynach p\u00f3\u0142ki z p\u0142yty laminowanej,<br \/>\n\u2013 mo\u017cliwo\u015b\u0107 zam\u00f3wienia w witrynach p\u00f3\u0142ki szklane i o\u015bwietlenie LED -za dop\u0142at\u0105,<br \/>\n\u2013 uchwyty i stopki wykonane z tworzywa sztucznego, kt\u00f3re zapewniaj\u0105 trwa\u0142o\u015b\u0107 oraz komfort u\u017cytkowania,<br \/>\n\u2013 wn\u0119ka na telewizor szer.121,6 cm<br \/>\n\u2013 meble s\u0105 nowe, zapakowane w paczkach do samodzielnego monta\u017cu, wraz z czyteln\u0105 instrukcj\u0105 oraz akcesoriami.<\/p>\n","protected":false},"featured_media":28269,"comment_status":"closed","ping_status":"closed","template":"","meta":[],"product_brand":[],"product_cat":[149,150],"product_tag":[],"class_list":{"0":"post-8556","1":"product","2":"type-product","3":"status-publish","4":"has-post-thumbnail","6":"product_cat-meble-pokojowe","7":"product_cat-mebloscianki-nowoczesne","8":"pa_kolor-artisan-bialy","9":"pa_kolor-sonoma-czekolada","10":"pa_kolor-trufel-bialy","11":"pa_kolor-wotan-jesion-portland","12":"pa_kolor-wotan-anderson","13":"pa_kolor-wotan-bialy","15":"first","16":"instock","17":"shipping-taxable","18":"purchasable","19":"product-type-variable"},"_links":{"self":[{"href":"https:\/\/www.krajan.pl\/index.php\/wp-json\/wp\/v2\/product\/8556","targetHints":{"allow":["GET"]}}],"collection":[{"href":"https:\/\/www.krajan.pl\/index.php\/wp-json\/wp\/v2\/product"}],"about":[{"href":"https:\/\/www.krajan.pl\/index.php\/wp-json\/wp\/v2\/types\/product"}],"replies":[{"embeddable":true,"href":"https:\/\/www.krajan.pl\/index.php\/wp-json\/wp\/v2\/comments?post=8556"}],"wp:featuredmedia":[{"embeddable":true,"href":"https:\/\/www.krajan.pl\/index.php\/wp-json\/wp\/v2\/media\/28269"}],"wp:attachment":[{"href":"https:\/\/www.krajan.pl\/index.php\/wp-json\/wp\/v2\/media?parent=8556"}],"wp:term":[{"taxonomy":"product_brand","embeddable":true,"href":"https:\/\/www.krajan.pl\/index.php\/wp-json\/wp\/v2\/product_brand?post=8556"},{"taxonomy":"product_cat","embeddable":true,"href":"https:\/\/www.krajan.pl\/index.php\/wp-json\/wp\/v2\/product_cat?post=8556"},{"taxonomy":"product_tag","embeddable":true,"href":"https:\/\/www.krajan.pl\/index.php\/wp-json\/wp\/v2\/product_tag?post=8556"}],"curies":[{"name":"wp","href":"https:\/\/api.w.org\/{rel}","templated":true}]}}