{"id":8328,"date":"2023-08-16T13:56:06","date_gmt":"2023-08-16T11:56:06","guid":{"rendered":"https:\/\/www.krajan.pl\/index.php\/produkt\/stol-pns-1a\/"},"modified":"2024-10-31T11:59:56","modified_gmt":"2024-10-31T10:59:56","slug":"stol-pns-1a","status":"publish","type":"product","link":"https:\/\/www.krajan.pl\/index.php\/produkt\/stol-pns-1a\/","title":{"rendered":"St\u00f3\u0142 PNS-1A"},"content":{"rendered":"<p><em>Uwagi:<\/em><\/p>\n<p><em><span class=\"ILfuVd\" lang=\"pl\"><span class=\"hgKElc\">\u00a0Kolory na zdj\u0119ciach\u00a0 mog\u0105 si\u0119 nieznacznie r\u00f3\u017cni\u0107 od rzeczywistych \u2013 wynika to z r\u00f3\u017cnorodno\u015bci dost\u0119pnego sprz\u0119tu komputerowego oraz jego indywidualnych ustawie\u0144 a w szczeg\u00f3lno\u015bci ustawie\u0144 monitora i karty graficznej.<\/span><\/span><\/em><\/p>\n<p>Views: 5<\/p>","protected":false},"excerpt":{"rendered":"<p>\u2013 st\u00f3\u0142 PNST-1A \u2013 (160\/78\/90cm)<\/p>\n<p>\u2013 system z wizualizacji wykonana w kolorze: jesion portland\/artisan<\/p>\n","protected":false},"featured_media":29037,"comment_status":"closed","ping_status":"closed","template":"","meta":[],"product_brand":[],"product_cat":[285,100,74],"product_tag":[],"class_list":{"0":"post-8328","1":"product","2":"type-product","3":"status-publish","4":"has-post-thumbnail","6":"product_cat-panama","7":"product_cat-stoly","8":"product_cat-wszystkie-systemy","9":"pa_kolor-jesion-portland-artisan","10":"pa_kolor-lefkas-ciemny-anderson","11":"pa_kolor-lefkas-ciemny-artisan","12":"pa_kolor-trufel-willton","14":"first","15":"instock","16":"shipping-taxable","17":"purchasable","18":"product-type-variable"},"_links":{"self":[{"href":"https:\/\/www.krajan.pl\/index.php\/wp-json\/wp\/v2\/product\/8328","targetHints":{"allow":["GET"]}}],"collection":[{"href":"https:\/\/www.krajan.pl\/index.php\/wp-json\/wp\/v2\/product"}],"about":[{"href":"https:\/\/www.krajan.pl\/index.php\/wp-json\/wp\/v2\/types\/product"}],"replies":[{"embeddable":true,"href":"https:\/\/www.krajan.pl\/index.php\/wp-json\/wp\/v2\/comments?post=8328"}],"wp:featuredmedia":[{"embeddable":true,"href":"https:\/\/www.krajan.pl\/index.php\/wp-json\/wp\/v2\/media\/29037"}],"wp:attachment":[{"href":"https:\/\/www.krajan.pl\/index.php\/wp-json\/wp\/v2\/media?parent=8328"}],"wp:term":[{"taxonomy":"product_brand","embeddable":true,"href":"https:\/\/www.krajan.pl\/index.php\/wp-json\/wp\/v2\/product_brand?post=8328"},{"taxonomy":"product_cat","embeddable":true,"href":"https:\/\/www.krajan.pl\/index.php\/wp-json\/wp\/v2\/product_cat?post=8328"},{"taxonomy":"product_tag","embeddable":true,"href":"https:\/\/www.krajan.pl\/index.php\/wp-json\/wp\/v2\/product_tag?post=8328"}],"curies":[{"name":"wp","href":"https:\/\/api.w.org\/{rel}","templated":true}]}}