{"id":8185,"date":"2023-08-10T08:55:44","date_gmt":"2023-08-10T06:55:44","guid":{"rendered":"https:\/\/www.krajan.pl\/index.php\/produkt\/flores\/"},"modified":"2025-08-27T11:24:44","modified_gmt":"2025-08-27T09:24:44","slug":"flores","status":"publish","type":"product","link":"https:\/\/www.krajan.pl\/index.php\/produkt\/flores\/","title":{"rendered":"Flores"},"content":{"rendered":"<p>Views: 28<\/p>","protected":false},"excerpt":{"rendered":"<div class=\"woocommerce-product-details__short-description\">\n<p><strong>Zestaw FLORES<\/strong> to wyj\u0105tkowo atrakcyjna, uniwersalna, du\u017ca, nowoczesna meblo\u015bcianka. Doskonale zaprojektowana, bardzo wygodna i komfortowa w u\u017cytkowaniu. Wykonana z wysokiej jako\u015bci p\u0142yty laminowanej pozwoli cieszy\u0107 si\u0119 trwa\u0142o\u015bci\u0105 przez d\u0142ugie lata. Meble sprawdz\u0105 si\u0119 w pokojach dziennych oraz salonach. Meble s\u0105 pojemne i dost\u0119pne w r\u00f3\u017cnych kolorach.<\/p>\n<p><strong>Wymiary:<\/strong><\/p>\n<p>\u2013 szeroko\u015b\u0107 340cm \/ wysoko\u015b\u0107 210 cm \/ g\u0142\u0119boko\u015b\u0107 53 cm<\/p>\n<p><strong>Informacje dodatkowe:<\/strong><\/p>\n<p>\u2013 p\u0142yta laminowana o grubo\u015bci 16 mm, blat 22 mm,<br \/>\n\u2013 w standardzie zastosowano w witrynach p\u00f3\u0142ki z p\u0142yty laminowanej,<br \/>\n\u2013 mo\u017cliwo\u015b\u0107 zam\u00f3wienia w witrynach p\u00f3\u0142ki szklane i o\u015bwietlenie LED -za dop\u0142at\u0105,<br \/>\n\u2013 uchwyty i stopki wykonane z tworzywa sztucznego, kt\u00f3re zapewniaj\u0105 trwa\u0142o\u015b\u0107 oraz komfort u\u017cytkowania,<br \/>\n\u2013 wn\u0119ka na telewizor szer.123 cm,<br \/>\n\u2013 szafa 90\/210\/53 z p\u00f3\u0142k\u0105 nad dr\u0105\u017ckiem ubraniowym,<br \/>\n\u2013 meble s\u0105 nowe, zapakowane w paczkach do samodzielnego monta\u017cu, wraz z czyteln\u0105 instrukcj\u0105 oraz akcesoriami.<\/p>\n<\/div>\n","protected":false},"featured_media":30966,"comment_status":"closed","ping_status":"closed","template":"","meta":[],"product_brand":[],"product_cat":[149,150],"product_tag":[],"class_list":{"0":"post-8185","1":"product","2":"type-product","3":"status-publish","4":"has-post-thumbnail","6":"product_cat-meble-pokojowe","7":"product_cat-mebloscianki-nowoczesne","8":"pa_kolor-grafit-artisan","9":"pa_kolor-lefkas-ciemny-anderson","10":"pa_kolor-sonoma-czekolada","11":"pa_kolor-trufel-anderson","12":"pa_kolor-wotan-anderson","14":"first","15":"instock","16":"shipping-taxable","17":"purchasable","18":"product-type-variable"},"_links":{"self":[{"href":"https:\/\/www.krajan.pl\/index.php\/wp-json\/wp\/v2\/product\/8185","targetHints":{"allow":["GET"]}}],"collection":[{"href":"https:\/\/www.krajan.pl\/index.php\/wp-json\/wp\/v2\/product"}],"about":[{"href":"https:\/\/www.krajan.pl\/index.php\/wp-json\/wp\/v2\/types\/product"}],"replies":[{"embeddable":true,"href":"https:\/\/www.krajan.pl\/index.php\/wp-json\/wp\/v2\/comments?post=8185"}],"wp:featuredmedia":[{"embeddable":true,"href":"https:\/\/www.krajan.pl\/index.php\/wp-json\/wp\/v2\/media\/30966"}],"wp:attachment":[{"href":"https:\/\/www.krajan.pl\/index.php\/wp-json\/wp\/v2\/media?parent=8185"}],"wp:term":[{"taxonomy":"product_brand","embeddable":true,"href":"https:\/\/www.krajan.pl\/index.php\/wp-json\/wp\/v2\/product_brand?post=8185"},{"taxonomy":"product_cat","embeddable":true,"href":"https:\/\/www.krajan.pl\/index.php\/wp-json\/wp\/v2\/product_cat?post=8185"},{"taxonomy":"product_tag","embeddable":true,"href":"https:\/\/www.krajan.pl\/index.php\/wp-json\/wp\/v2\/product_tag?post=8185"}],"curies":[{"name":"wp","href":"https:\/\/api.w.org\/{rel}","templated":true}]}}