{"id":8090,"date":"2023-08-04T10:33:37","date_gmt":"2023-08-04T08:33:37","guid":{"rendered":"https:\/\/www.krajan.pl\/index.php\/produkt\/system-eden\/"},"modified":"2025-02-03T14:11:34","modified_gmt":"2025-02-03T13:11:34","slug":"system-eden","status":"publish","type":"product","link":"https:\/\/www.krajan.pl\/index.php\/produkt\/system-eden\/","title":{"rendered":"System EDEN"},"content":{"rendered":"<p>Views: 12<\/p>","protected":false},"excerpt":{"rendered":"<div class=\"woocommerce-product-details__short-description\">\n<p>EDEN to stylowy, nowoczesny i bardzo praktyczny system mebli, kt\u00f3ry idealnie sprawdzi si\u0119 w ka\u017cdym salonie, jadalni jak r\u00f3wnie\u017c w sypialni.<br \/>\nSystem EDEN umo\u017cliwi Pa\u0144stwu skomponowanie oryginalnej przestrzeni , dzi\u0119ki bogatej gamie produkt\u00f3w kt\u00f3re pozwalaj\u0105 na dowolne tworzenie ustawie\u0144 wed\u0142ug w\u0142asnych potrzeb.<\/p>\n<p>System\u00a0 z wizualizacji wykonana w kolorze: jesion g\u00f3rski\/jesion portland<\/p>\n<h3><strong>Wymiary:<\/strong><\/h3>\n<p>\u2013 szeroko\u015b\u0107 XX cm \/ wysoko\u015b\u0107 XX cm \/ g\u0142\u0119boko\u015b\u0107 XX cm<\/p>\n<p>\u2013 Do\u0142ek RTV ED-1 \u2013 (161,4\/37\/47cm)<br \/>\n\u2013 Do\u0142ek RTV ED-2\u00a0 \u2013 (158\/50\/47cm)<br \/>\n\u2013 Komoda EDK-1 \u2013 (172\/83\/47cm)<br \/>\n\u2013 Komoda EDK-2\u00a0 \u2013 (222\/83\/47cm)<br \/>\n\u2013 Witryna EDW-1\u00a0 \u2013 (116,4\/187,4\/47cm)<br \/>\n\u2013 Witryna EDW-2- (116\/187,4\/47cm)<br \/>\n\u2013 Witryna EDW-3\u2013 (116\/187,4\/47 cm)<br \/>\n\u2013 Witryna EDW-4\u2013 (116\/187,4\/47 cm)<br \/>\n\u2013 \u0141awa ED\u0141-1\u00a0 \u2013 (115\/45,3\/65cm)<br \/>\n\u2013 Lustro EDL-1 \u00a0 \u2013 (180\/82cm)<br \/>\n\u2013 P\u00f3\u0142ka EDP-1 \u2013 (150\/90\/32cm)<br \/>\n\u2013 P\u00f3\u0142ka EDP-2 \u2013 (150\/90\/32cm)<br \/>\n\u2013 P\u00f3\u0142ka EDP-3 \u2013 (150\/34\/24cm)<\/p>\n<p>\u2013 St\u00f3\u0142 EDST-1A \u00a0 \u2013 (160\/78\/90cm)<br \/>\n\u2013 St\u00f3\u0142 EDST-2A\u2013 (180\/78\/90cm)<br \/>\n\u2013 St\u00f3\u0142 EDST-1B \u00a0 \u2013 (160\/210\/78\/90cm)<br \/>\n\u2013 St\u00f3\u0142 EDST-2B \u00a0 \u2013 (180\/230\/78\/90cm)<\/p>\n<h5 class=\"h3\"><strong>O\u015bwietlenie LED:<\/strong><\/h5>\n<p>Przy wariancie mebli z o\u015bwietleniem LED, pod\u015bwietlenie dotyczy element\u00f3w:<\/p>\n<p>\u2013 witryna EDW-1<br \/>\n\u2013 witryna EDW-2<br \/>\n\u2013 witryna EDW-3<br \/>\n\u2013 witryna EDW-4<\/p>\n<p>\u2013 w standardzie zastosowano w witrynach p\u00f3\u0142ki z p\u0142yty laminowanej,<br \/>\n\u2013 mo\u017cliwo\u015b\u0107 zam\u00f3wienia w witrynach p\u00f3\u0142ki szklane o\u015bwietlenie LED -za dop\u0142at\u0105,<\/p>\n<p><strong>Informacje dodatkowe:<\/strong><\/p>\n<p>\u2013 system wykonany zosta\u0142 z wysokiej jako\u015bci p\u0142yty laminowanej,<br \/>\n\u2013 obrze\u017ca wyko\u0144czone oklein\u0105 ABS,<br \/>\n\u2013 blaty i listwy grubo\u015b\u0107 28 mm,<\/p>\n<p>\u2013 meble s\u0105 nowe, zapakowane w paczkach do samodzielnego monta\u017cu, wraz z czyteln\u0105 instrukcj\u0105 oraz akcesoriami.<br \/>\n\u2013 system z wizualizacji wykonana w kolorze: jesion g\u00f3rski\/jesion portland<\/p>\n<\/div>\n","protected":false},"featured_media":28205,"comment_status":"closed","ping_status":"closed","template":"","meta":[],"product_brand":[],"product_cat":[280],"product_tag":[],"class_list":{"0":"post-8090","1":"product","2":"type-product","3":"status-publish","4":"has-post-thumbnail","6":"product_cat-eden","8":"first","9":"instock","10":"shipping-taxable","11":"product-type-simple"},"_links":{"self":[{"href":"https:\/\/www.krajan.pl\/index.php\/wp-json\/wp\/v2\/product\/8090","targetHints":{"allow":["GET"]}}],"collection":[{"href":"https:\/\/www.krajan.pl\/index.php\/wp-json\/wp\/v2\/product"}],"about":[{"href":"https:\/\/www.krajan.pl\/index.php\/wp-json\/wp\/v2\/types\/product"}],"replies":[{"embeddable":true,"href":"https:\/\/www.krajan.pl\/index.php\/wp-json\/wp\/v2\/comments?post=8090"}],"wp:featuredmedia":[{"embeddable":true,"href":"https:\/\/www.krajan.pl\/index.php\/wp-json\/wp\/v2\/media\/28205"}],"wp:attachment":[{"href":"https:\/\/www.krajan.pl\/index.php\/wp-json\/wp\/v2\/media?parent=8090"}],"wp:term":[{"taxonomy":"product_brand","embeddable":true,"href":"https:\/\/www.krajan.pl\/index.php\/wp-json\/wp\/v2\/product_brand?post=8090"},{"taxonomy":"product_cat","embeddable":true,"href":"https:\/\/www.krajan.pl\/index.php\/wp-json\/wp\/v2\/product_cat?post=8090"},{"taxonomy":"product_tag","embeddable":true,"href":"https:\/\/www.krajan.pl\/index.php\/wp-json\/wp\/v2\/product_tag?post=8090"}],"curies":[{"name":"wp","href":"https:\/\/api.w.org\/{rel}","templated":true}]}}