{"id":8013,"date":"2023-08-03T09:33:56","date_gmt":"2023-08-03T07:33:56","guid":{"rendered":"https:\/\/www.krajan.pl\/index.php\/produkt\/system-kewin\/"},"modified":"2025-02-03T15:00:33","modified_gmt":"2025-02-03T14:00:33","slug":"system-kewin","status":"publish","type":"product","link":"https:\/\/www.krajan.pl\/index.php\/produkt\/system-kewin\/","title":{"rendered":"System KEVIN"},"content":{"rendered":"<p>Views: 8<\/p>","protected":false},"excerpt":{"rendered":"<p>Kewin to stylowy, nowoczesny i bardzo praktyczny system mebli, kt\u00f3ry idealnie sprawdzi si\u0119 w ka\u017cdym salonie, jadalni jak r\u00f3wnie\u017c w sypialni.<br \/>\nSystem KEVIN umo\u017cliwi Pa\u0144stwu skomponowanie oryginalnej przestrzeni , dzi\u0119ki bogatej gamie produkt\u00f3w kt\u00f3re pozwalaj\u0105 na dowolne tworzenie ustawie\u0144 wed\u0142ug w\u0142asnych potrzeb.<\/p>\n<p>System z wizualizacji wykonana w kolorze: d\u0105b lancelot\/jesion portland<\/p>\n<div class=\"woocommerce-product-details__short-description\">\n<p>&nbsp;<\/p>\n<h3><strong>Wymiary:<\/strong><\/h3>\n<p>\u2013 szeroko\u015b\u0107 XX cm \/ wysoko\u015b\u0107 XX cm \/ g\u0142\u0119boko\u015b\u0107 XX cm<\/p>\n<p>\u2013 Do\u0142ek KED-1 \u2013 (163,6\/50\/45 cm)<br \/>\n\u2013 Do\u0142ek KED-2\u00a0 \u2013 (163,6\/50\/45 cm)<br \/>\n\u2013 Do\u0142ek KED-3\u00a0 \u2013 (163,6\/61\/45 cm)<br \/>\n\u2013 Komoda KEK-1 \u2013 (160\/83\/45 cm)<br \/>\n\u2013 Komoda KEK-2\u00a0 \u2013 (220\/83\/45 cm)<br \/>\n\u2013 Witryna KEW-1\u00a0 \u2013 (125\/195\/43 cm)<br \/>\n\u2013 Witryna KEW-2- (125\/195\/43 cm)<br \/>\n\u2013 Witryna KEW-3\u2013 (125\/195\/43 cm)<br \/>\n\u2013 \u0141awa KE\u0141-1\u00a0 \u2013 (126\/43\/67 cm)<br \/>\n\u2013 Lustro KEL-1 \u00a0 \u2013 (180\/80 cm)<br \/>\n\u2013 P\u00f3\u0142ka KEP-1 \u2013 (150\/90\/30 cm)<\/p>\n<p>\u2013 St\u00f3\u0142 KEST-1A \u00a0 \u2013 (160\/78\/90cm)<br \/>\n\u2013 St\u00f3\u0142 KEST-2A\u2013 (180\/78\/90cm)<\/p>\n<h5 class=\"h3\"><strong>O\u015bwietlenie LED:<\/strong><\/h5>\n<p>Przy wariancie mebli z o\u015bwietleniem LED, pod\u015bwietlenie dotyczy element\u00f3w:<\/p>\n<p>\u2013 witryna KEW-1<br \/>\n\u2013 witryna KEW-2<br \/>\n\u2013 witryna KEW-3<\/p>\n<p>\u2013 w standardzie zastosowano w witrynach p\u00f3\u0142ki z p\u0142yty laminowanej,<br \/>\n\u2013 mo\u017cliwo\u015b\u0107 zam\u00f3wienia w witrynach p\u00f3\u0142ki szklane o\u015bwietlenie LED -za dop\u0142at\u0105,<\/p>\n<p><strong>Informacje dodatkowe:<\/strong><\/p>\n<p>\u2013 system wykonany zosta\u0142 z wysokiej jako\u015bci p\u0142yty laminowanej,<br \/>\n\u2013 obrze\u017ca wyko\u0144czone oklein\u0105 ABS,<br \/>\n\u2013 blaty grubo\u015b\u0107 28 mm,<\/p>\n<p>\u2013 meble s\u0105 nowe, zapakowane w paczkach do samodzielnego monta\u017cu, wraz z czyteln\u0105 instrukcj\u0105 oraz akcesoriami.<br \/>\n\u2013 system z wizualizacji wykonana w kolorze: d\u0105b lancelot\/jesion portland<\/p>\n<\/div>\n","protected":false},"featured_media":28192,"comment_status":"closed","ping_status":"closed","template":"","meta":[],"product_brand":[],"product_cat":[277,211],"product_tag":[],"class_list":{"0":"post-8013","1":"product","2":"type-product","3":"status-publish","4":"has-post-thumbnail","6":"product_cat-kevin","7":"product_cat-meble-systemowe","9":"first","10":"instock","11":"shipping-taxable","12":"product-type-simple"},"_links":{"self":[{"href":"https:\/\/www.krajan.pl\/index.php\/wp-json\/wp\/v2\/product\/8013","targetHints":{"allow":["GET"]}}],"collection":[{"href":"https:\/\/www.krajan.pl\/index.php\/wp-json\/wp\/v2\/product"}],"about":[{"href":"https:\/\/www.krajan.pl\/index.php\/wp-json\/wp\/v2\/types\/product"}],"replies":[{"embeddable":true,"href":"https:\/\/www.krajan.pl\/index.php\/wp-json\/wp\/v2\/comments?post=8013"}],"wp:featuredmedia":[{"embeddable":true,"href":"https:\/\/www.krajan.pl\/index.php\/wp-json\/wp\/v2\/media\/28192"}],"wp:attachment":[{"href":"https:\/\/www.krajan.pl\/index.php\/wp-json\/wp\/v2\/media?parent=8013"}],"wp:term":[{"taxonomy":"product_brand","embeddable":true,"href":"https:\/\/www.krajan.pl\/index.php\/wp-json\/wp\/v2\/product_brand?post=8013"},{"taxonomy":"product_cat","embeddable":true,"href":"https:\/\/www.krajan.pl\/index.php\/wp-json\/wp\/v2\/product_cat?post=8013"},{"taxonomy":"product_tag","embeddable":true,"href":"https:\/\/www.krajan.pl\/index.php\/wp-json\/wp\/v2\/product_tag?post=8013"}],"curies":[{"name":"wp","href":"https:\/\/api.w.org\/{rel}","templated":true}]}}