{"id":7962,"date":"2023-08-02T12:58:29","date_gmt":"2023-08-02T10:58:29","guid":{"rendered":"https:\/\/www.krajan.pl\/index.php\/produkt\/polka-wip-1\/"},"modified":"2024-10-31T11:55:11","modified_gmt":"2024-10-31T10:55:11","slug":"polka-wip-1","status":"publish","type":"product","link":"https:\/\/www.krajan.pl\/index.php\/produkt\/polka-wip-1\/","title":{"rendered":"P\u00f3\u0142ka WIP-1"},"content":{"rendered":"<p><em>Uwagi:<\/em><\/p>\n<p><em><span class=\"ILfuVd\" lang=\"pl\"><span class=\"hgKElc\">\u00a0Kolory na zdj\u0119ciach\u00a0 mog\u0105 si\u0119 nieznacznie r\u00f3\u017cni\u0107 od rzeczywistych \u2013 wynika to z r\u00f3\u017cnorodno\u015bci dost\u0119pnego sprz\u0119tu komputerowego oraz jego indywidualnych ustawie\u0144 a w szczeg\u00f3lno\u015bci ustawie\u0144 monitora i karty graficznej.<\/span><\/span><\/em><\/p>\n<p>Views: 6<\/p>","protected":false},"excerpt":{"rendered":"<p>\u2013 P\u00f3\u0142ka WIP-1 \u2013 (160\/58\/23,6cm)<\/p>\n<p>\u2013 system z wizualizacji wykonana w kolorze: d\u0105b srebrny<\/p>\n<p>&nbsp;<\/p>\n","protected":false},"featured_media":29010,"comment_status":"closed","ping_status":"closed","template":"","meta":[],"product_brand":[],"product_cat":[94,271,74],"product_tag":[],"class_list":{"0":"post-7962","1":"product","2":"type-product","3":"status-publish","4":"has-post-thumbnail","6":"product_cat-polki","7":"product_cat-wiva","8":"product_cat-wszystkie-systemy","9":"pa_kolor-artisan","10":"pa_kolor-dab-srebrny","11":"pa_kolor-jesion-gorski","12":"pa_kolor-jesion-portland","14":"first","15":"instock","16":"shipping-taxable","17":"purchasable","18":"product-type-variable"},"_links":{"self":[{"href":"https:\/\/www.krajan.pl\/index.php\/wp-json\/wp\/v2\/product\/7962","targetHints":{"allow":["GET"]}}],"collection":[{"href":"https:\/\/www.krajan.pl\/index.php\/wp-json\/wp\/v2\/product"}],"about":[{"href":"https:\/\/www.krajan.pl\/index.php\/wp-json\/wp\/v2\/types\/product"}],"replies":[{"embeddable":true,"href":"https:\/\/www.krajan.pl\/index.php\/wp-json\/wp\/v2\/comments?post=7962"}],"wp:featuredmedia":[{"embeddable":true,"href":"https:\/\/www.krajan.pl\/index.php\/wp-json\/wp\/v2\/media\/29010"}],"wp:attachment":[{"href":"https:\/\/www.krajan.pl\/index.php\/wp-json\/wp\/v2\/media?parent=7962"}],"wp:term":[{"taxonomy":"product_brand","embeddable":true,"href":"https:\/\/www.krajan.pl\/index.php\/wp-json\/wp\/v2\/product_brand?post=7962"},{"taxonomy":"product_cat","embeddable":true,"href":"https:\/\/www.krajan.pl\/index.php\/wp-json\/wp\/v2\/product_cat?post=7962"},{"taxonomy":"product_tag","embeddable":true,"href":"https:\/\/www.krajan.pl\/index.php\/wp-json\/wp\/v2\/product_tag?post=7962"}],"curies":[{"name":"wp","href":"https:\/\/api.w.org\/{rel}","templated":true}]}}