{"id":7896,"date":"2023-08-02T10:15:49","date_gmt":"2023-08-02T08:15:49","guid":{"rendered":"https:\/\/www.krajan.pl\/index.php\/produkt\/komoda-wik-1\/"},"modified":"2024-10-31T11:55:03","modified_gmt":"2024-10-31T10:55:03","slug":"komoda-wik-1","status":"publish","type":"product","link":"https:\/\/www.krajan.pl\/index.php\/produkt\/komoda-wik-1\/","title":{"rendered":"Komoda WIK-1"},"content":{"rendered":"<p><em>Uwagi:<\/em><\/p>\n<p><em><span class=\"ILfuVd\" lang=\"pl\"><span class=\"hgKElc\">\u00a0Kolory na zdj\u0119ciach\u00a0 mog\u0105 si\u0119 nieznacznie r\u00f3\u017cni\u0107 od rzeczywistych \u2013 wynika to z r\u00f3\u017cnorodno\u015bci dost\u0119pnego sprz\u0119tu komputerowego oraz jego indywidualnych ustawie\u0144 a w szczeg\u00f3lno\u015bci ustawie\u0144 monitora i karty graficznej.<\/span><\/span><\/em><\/p>\n<p>Views: 16<\/p>","protected":false},"excerpt":{"rendered":"<p>\u2013 Komoda WIK-1 \u2013 (188,8\/84,2\/45cm)<\/p>\n<p>\u2013 system z wizualizacji wykonana w kolorze: d\u0105b srebrny\/d\u0105b craft<\/p>\n","protected":false},"featured_media":29003,"comment_status":"closed","ping_status":"closed","template":"","meta":[],"product_brand":[],"product_cat":[90,271,74],"product_tag":[],"class_list":{"0":"post-7896","1":"product","2":"type-product","3":"status-publish","4":"has-post-thumbnail","6":"product_cat-komody","7":"product_cat-wiva","8":"product_cat-wszystkie-systemy","9":"pa_kolor-artisan-dab-craft","10":"pa_kolor-dab-srebrny-dab-craft","11":"pa_kolor-dab-srebrny-wellington","12":"pa_kolor-jesion-gorski-dab-craft","13":"pa_kolor-jesion-portland-artisan","15":"first","16":"instock","17":"shipping-taxable","18":"purchasable","19":"product-type-variable"},"_links":{"self":[{"href":"https:\/\/www.krajan.pl\/index.php\/wp-json\/wp\/v2\/product\/7896","targetHints":{"allow":["GET"]}}],"collection":[{"href":"https:\/\/www.krajan.pl\/index.php\/wp-json\/wp\/v2\/product"}],"about":[{"href":"https:\/\/www.krajan.pl\/index.php\/wp-json\/wp\/v2\/types\/product"}],"replies":[{"embeddable":true,"href":"https:\/\/www.krajan.pl\/index.php\/wp-json\/wp\/v2\/comments?post=7896"}],"wp:featuredmedia":[{"embeddable":true,"href":"https:\/\/www.krajan.pl\/index.php\/wp-json\/wp\/v2\/media\/29003"}],"wp:attachment":[{"href":"https:\/\/www.krajan.pl\/index.php\/wp-json\/wp\/v2\/media?parent=7896"}],"wp:term":[{"taxonomy":"product_brand","embeddable":true,"href":"https:\/\/www.krajan.pl\/index.php\/wp-json\/wp\/v2\/product_brand?post=7896"},{"taxonomy":"product_cat","embeddable":true,"href":"https:\/\/www.krajan.pl\/index.php\/wp-json\/wp\/v2\/product_cat?post=7896"},{"taxonomy":"product_tag","embeddable":true,"href":"https:\/\/www.krajan.pl\/index.php\/wp-json\/wp\/v2\/product_tag?post=7896"}],"curies":[{"name":"wp","href":"https:\/\/api.w.org\/{rel}","templated":true}]}}