{"id":7771,"date":"2023-07-18T08:57:08","date_gmt":"2023-07-18T06:57:08","guid":{"rendered":"https:\/\/www.krajan.pl\/index.php\/produkt\/system-smyk\/"},"modified":"2026-03-31T12:17:03","modified_gmt":"2026-03-31T10:17:03","slug":"system-smyk","status":"publish","type":"product","link":"https:\/\/www.krajan.pl\/index.php\/produkt\/system-smyk\/","title":{"rendered":"System SMYK"},"content":{"rendered":"<p>Views: 17<\/p>","protected":false},"excerpt":{"rendered":"<p>Meble modu\u0142owe SMYK przeznaczone dla m\u0142odzie\u017cy to praktyczne, a zarazem bardzo wygodne rozwi\u0105zanie aran\u017cacji wn\u0119trza. Pozwalaj\u0105 nam w spos\u00f3b indywidualny dobra\u0107 i dopasowa\u0107 umeblowanie do przestrzeni, kt\u00f3r\u0105 chcemy wykorzysta\u0107. Dost\u0119pno\u015b\u0107 kolor\u00f3w i kszta\u0142t\u00f3w sprawia, \u017ce meble te s\u0105 uniwersalne i ponadczasowe.<\/p>\n<h3><strong>Wymiary:<\/strong><\/h3>\n<p>\u2013 szeroko\u015b\u0107 XX cm \/ wysoko\u015b\u0107 XX cm \/ g\u0142\u0119boko\u015b\u0107 XX cm<\/p>\n<p>\u2013 szafa SSZ\/100\u00a0 \u2013 (100\/196\/53cm)<br \/>\n\u2013 szafa SSZ\/57\u00a0 \u2013 (57\/196\/53cm)<br \/>\n\u2013 rega\u0142 SR\/57 \u2013 (57\/196\/43cm)<br \/>\n\u2013 rega\u0142 SR\/100\u00a0 \u2013 (100\/196\/43cm)<br \/>\n\u2013 \u0142\u00f3\u017cko S\u0141\/98\u00a0 \u2013 (98\/70\/206cm) bez materaca<br \/>\n\u2013 p\u00f3\u0142ka wisz\u0105ca SP-130- (130\/50\/28)<br \/>\n\u2013 p\u00f3\u0142ka wisz\u0105ca SP2-130- (130\/37\/28)<br \/>\n\u2013 stolik nocny SN\/57\u2013 (57\/37\/39cm)<br \/>\n\u2013 komoda SK \/100\u00a0 \u2013 (100\/81\/43cm)<br \/>\n\u2013 komoda SK \/140\u00a0 \u2013 (140\/81\/43cm)<br \/>\n\u2013 biurko SB\/155\u00a0 \u2013 (155\/78\/53cm)<\/p>\n","protected":false},"featured_media":31294,"comment_status":"closed","ping_status":"closed","template":"","meta":[],"product_brand":[],"product_cat":[211,235,270],"product_tag":[],"class_list":{"0":"post-7771","1":"product","2":"type-product","3":"status-publish","4":"has-post-thumbnail","6":"product_cat-meble-systemowe","7":"product_cat-mlodziezowe","8":"product_cat-smyk","10":"first","11":"instock","12":"shipping-taxable","13":"product-type-simple"},"_links":{"self":[{"href":"https:\/\/www.krajan.pl\/index.php\/wp-json\/wp\/v2\/product\/7771","targetHints":{"allow":["GET"]}}],"collection":[{"href":"https:\/\/www.krajan.pl\/index.php\/wp-json\/wp\/v2\/product"}],"about":[{"href":"https:\/\/www.krajan.pl\/index.php\/wp-json\/wp\/v2\/types\/product"}],"replies":[{"embeddable":true,"href":"https:\/\/www.krajan.pl\/index.php\/wp-json\/wp\/v2\/comments?post=7771"}],"wp:featuredmedia":[{"embeddable":true,"href":"https:\/\/www.krajan.pl\/index.php\/wp-json\/wp\/v2\/media\/31294"}],"wp:attachment":[{"href":"https:\/\/www.krajan.pl\/index.php\/wp-json\/wp\/v2\/media?parent=7771"}],"wp:term":[{"taxonomy":"product_brand","embeddable":true,"href":"https:\/\/www.krajan.pl\/index.php\/wp-json\/wp\/v2\/product_brand?post=7771"},{"taxonomy":"product_cat","embeddable":true,"href":"https:\/\/www.krajan.pl\/index.php\/wp-json\/wp\/v2\/product_cat?post=7771"},{"taxonomy":"product_tag","embeddable":true,"href":"https:\/\/www.krajan.pl\/index.php\/wp-json\/wp\/v2\/product_tag?post=7771"}],"curies":[{"name":"wp","href":"https:\/\/api.w.org\/{rel}","templated":true}]}}