{"id":7628,"date":"2023-03-10T11:17:05","date_gmt":"2023-03-10T10:17:05","guid":{"rendered":"https:\/\/www.krajan.pl\/index.php\/produkt\/nik-iv\/"},"modified":"2024-10-31T10:53:06","modified_gmt":"2024-10-31T09:53:06","slug":"nik-iv","status":"publish","type":"product","link":"https:\/\/www.krajan.pl\/index.php\/produkt\/nik-iv\/","title":{"rendered":"NIK IV"},"content":{"rendered":"<p>W sk\u0142ad zestawu wchodz\u0105:<\/p>\n<ul>\n<li>TV do\u0142ek na bardzo szerokim\u00a0 blacie\u00a0\u00a0 (szer \/ wys.\/g\u0142.)<strong> 180<\/strong>\/44\/42 cm<\/li>\n<li>Witryna wisz\u0105ca prawa (szer \/ wys.\/g\u0142.) 60\/113\/32 cm- w standardzie p\u00f3\u0142ki z p\u0142yty laminowanej<\/li>\n<li>P\u00f3\u0142ka wisz\u0105ca nad telewizorem (szer \/ wys.\/g\u0142.) 110\/22\/23,6 cm<\/li>\n<li>Szafa (szer \/ wys.\/g\u0142.) 75\/200,5\/35 cm<\/li>\n<\/ul>\n<p>W standardzie p\u00f3\u0142ki z p\u0142yty laminowanej we wisz\u0105cej witrynie , na \u017cyczenie klienta p\u00f3\u0142ki szklane z o\u015bwietleniem LED za dop\u0142at\u0105 wed\u0142ug cennika.<\/p>\n<p>&nbsp;<\/p>\n<p>Prezentowane wybarwienia maj\u0105 charakter pogl\u0105dowy. Mog\u0105 wyst\u0105pi\u0107 nieznaczne r\u00f3\u017cnice wynikaj\u0105ce z r\u00f3\u017cnych ustawie\u0144 monitora.<\/p>\n<p><strong>Informacje dodatkowe:<\/strong><\/p>\n<ul>\n<li>\u00a0system wykonany zosta\u0142 z wysokiej jako\u015bci p\u0142yty laminowanej,<\/li>\n<li>\u00a0obrze\u017ca wyko\u0144czone oklein\u0105 ABS,<\/li>\n<li>Meble dost\u0119pne w r\u00f3\u017cnych zestawieniach kolorystycznych.<\/li>\n<\/ul>\n<p>Views: 5<\/p>","protected":false},"excerpt":{"rendered":"<p>Zestaw Mebli RTV \u00a0to niewielki mebel, ale jak\u017ce potrzebny. Przyda si\u0119 zar\u00f3wno w ma\u0142ym, jak i w du\u017cym salonie. Pe\u0142ni funkcj\u0119 praktyczn\u0105 \u00a0i estetyczn\u0105, bo mo\u017ce by\u0107 pi\u0119kn\u0105 dekoracj\u0105 we wn\u0119trzu. Mo\u017cna r\u00f3wnie\u017c postawi\u0107 na niej dowolnego rozmiaru telewizor. Natomiast wisz\u0105ce szafki pomieszcz\u0105 takie drobiazgi jak szklanki, figurki lub ksi\u0105\u017cki. Niew\u0105tpliwym atutem systemu s\u0105 tak\u017ce czarne n\u00f3\u017cki, u\u0142atwiaj\u0105ce sprz\u0105tanie pomieszcze\u0144, oraz nadaj\u0105ce bry\u0142om lekko\u015bci.<\/p>\n<p>&nbsp;<\/p>\n<p><em>Uwagi:<\/em><\/p>\n<p><em><span class=\"ILfuVd\" lang=\"pl\"><span class=\"hgKElc\">\u00a0Kolory na zdj\u0119ciach\u00a0 mog\u0105 si\u0119 nieznacznie r\u00f3\u017cni\u0107 od rzeczywistych \u2013 wynika to z r\u00f3\u017cnorodno\u015bci dost\u0119pnego sprz\u0119tu komputerowego oraz jego indywidualnych ustawie\u0144 a w szczeg\u00f3lno\u015bci ustawie\u0144 monitora i karty graficznej.<\/span><\/span><\/em><\/p>\n","protected":false},"featured_media":28920,"comment_status":"closed","ping_status":"closed","template":"","meta":[],"product_brand":[],"product_cat":[258,95],"product_tag":[],"class_list":{"0":"post-7628","1":"product","2":"type-product","3":"status-publish","4":"has-post-thumbnail","6":"product_cat-nowosc-2026","7":"product_cat-rtv","8":"pa_kolor-artisan-bialy","9":"pa_kolor-dab-lancelot-anderson","10":"pa_kolor-jesion-portland-wotan","11":"pa_kolor-sonoma-bialy","12":"pa_kolor-sonoma-grafit","13":"pa_kolor-wotan-congo","15":"first","16":"outofstock","17":"shipping-taxable","18":"product-type-variable"},"_links":{"self":[{"href":"https:\/\/www.krajan.pl\/index.php\/wp-json\/wp\/v2\/product\/7628","targetHints":{"allow":["GET"]}}],"collection":[{"href":"https:\/\/www.krajan.pl\/index.php\/wp-json\/wp\/v2\/product"}],"about":[{"href":"https:\/\/www.krajan.pl\/index.php\/wp-json\/wp\/v2\/types\/product"}],"replies":[{"embeddable":true,"href":"https:\/\/www.krajan.pl\/index.php\/wp-json\/wp\/v2\/comments?post=7628"}],"wp:featuredmedia":[{"embeddable":true,"href":"https:\/\/www.krajan.pl\/index.php\/wp-json\/wp\/v2\/media\/28920"}],"wp:attachment":[{"href":"https:\/\/www.krajan.pl\/index.php\/wp-json\/wp\/v2\/media?parent=7628"}],"wp:term":[{"taxonomy":"product_brand","embeddable":true,"href":"https:\/\/www.krajan.pl\/index.php\/wp-json\/wp\/v2\/product_brand?post=7628"},{"taxonomy":"product_cat","embeddable":true,"href":"https:\/\/www.krajan.pl\/index.php\/wp-json\/wp\/v2\/product_cat?post=7628"},{"taxonomy":"product_tag","embeddable":true,"href":"https:\/\/www.krajan.pl\/index.php\/wp-json\/wp\/v2\/product_tag?post=7628"}],"curies":[{"name":"wp","href":"https:\/\/api.w.org\/{rel}","templated":true}]}}