{"id":5590,"date":"2019-01-16T13:32:52","date_gmt":"2019-01-16T12:32:52","guid":{"rendered":"https:\/\/www.krajan.pl\/index.php\/produkt\/zar\/"},"modified":"2024-10-31T10:52:51","modified_gmt":"2024-10-31T09:52:51","slug":"zar","status":"publish","type":"product","link":"https:\/\/www.krajan.pl\/index.php\/produkt\/zar\/","title":{"rendered":"\u017bar- po\u0142ysk"},"content":{"rendered":"<p><em>Uwagi:<\/em><\/p>\n<p><em><span class=\"ILfuVd\" lang=\"pl\"><span class=\"hgKElc\">\u00a0Kolory na zdj\u0119ciach\u00a0 mog\u0105 si\u0119 nieznacznie r\u00f3\u017cni\u0107 od rzeczywistych \u2013 wynika to z r\u00f3\u017cnorodno\u015bci dost\u0119pnego sprz\u0119tu komputerowego oraz jego indywidualnych ustawie\u0144 a w szczeg\u00f3lno\u015bci ustawie\u0144 monitora i karty graficznej.<\/span><\/span><\/em><\/p>\n<p>Views: 6<\/p>","protected":false},"excerpt":{"rendered":"<div class=\"woocommerce-product-details__short-description\">\n<p>Szer.\/270 cm<\/p>\n<p><strong>Zestaw RTV \u017bAR<\/strong> to nowoczesnym charakterze i wygl\u0105dzie doskonale sprawdzi si\u0119 w ka\u017cdym salonie, k\u0105ciku wypoczynkowym i nie tylko. Konstrukcja mebla wykonana zosta\u0142a z solidnej p\u0142yty laminowanej o gr.16 mm. Zgrabna forma, oraz nowoczesny wygl\u0105d sprawiaj\u0105, \u017ce mebel nie przyt\u0142oczy wn\u0119trza wi\u0119c \u015bwietnie sprawdza si\u0119 tak\u017ce w niewielkiej przestrzeni. Zestaw RTV \u017bAR dost\u0119pna jest w szerokiej gamie kolorystycznej.<\/p>\n<p>Meble s\u0105 nowe, zapakowane w paczkach do samodzielnego monta\u017cu, wraz z czyteln\u0105 instrukcj\u0105 oraz akcesoriami.<\/p>\n<p><strong>Wymiary:<\/strong><\/p>\n<p>\u2013 szeroko\u015b\u0107 270 cm \/ wysoko\u015b\u0107 XX cm \/ g\u0142\u0119boko\u015b\u0107 45cm<\/p>\n<p><strong>Informacje dodatkowe:<\/strong><\/p>\n<ul>\n<li>dost\u0119pne kolory: bordeaux\/bia\u0142y po\u0142ysk, bordeaux\/czarny po\u0142ysk<\/li>\n<li>wyko\u0144czenie korpusu : matowe,<\/li>\n<li>wyko\u0144czenie front\u00f3w: po\u0142ysk oraz matowy w zale\u017cno\u015bci od wybranej opcji kolorystycznej,<\/li>\n<li>n\u00f3\u017cki z tworzywa sztucznego zapewniaj\u0105 stabilno\u015b\u0107 i wytrzyma\u0142o\u015b\u0107,<\/li>\n<li>wykonanie laminowana p\u0142yta wi\u00f3rowa,<\/li>\n<li>rodzaj: stoj\u0105ca\/wisz\u0105ca<\/li>\n<li>fronty w po\u0142ysku dost\u0119pny w kolorze:bia\u0142y, czarny, latte.<\/li>\n<\/ul>\n<div class=\"positioner\"><\/div>\n<\/div>\n","protected":false},"featured_media":28910,"comment_status":"closed","ping_status":"closed","template":"","meta":[],"product_brand":[],"product_cat":[95],"product_tag":[],"class_list":{"0":"post-5590","1":"product","2":"type-product","3":"status-publish","4":"has-post-thumbnail","6":"product_cat-rtv","7":"pa_kolor-bordeaux-bialy-polysk","8":"pa_kolor-bordeaux-czarny-polysk","10":"first","11":"outofstock","12":"shipping-taxable","13":"purchasable","14":"product-type-variable"},"_links":{"self":[{"href":"https:\/\/www.krajan.pl\/index.php\/wp-json\/wp\/v2\/product\/5590","targetHints":{"allow":["GET"]}}],"collection":[{"href":"https:\/\/www.krajan.pl\/index.php\/wp-json\/wp\/v2\/product"}],"about":[{"href":"https:\/\/www.krajan.pl\/index.php\/wp-json\/wp\/v2\/types\/product"}],"replies":[{"embeddable":true,"href":"https:\/\/www.krajan.pl\/index.php\/wp-json\/wp\/v2\/comments?post=5590"}],"wp:featuredmedia":[{"embeddable":true,"href":"https:\/\/www.krajan.pl\/index.php\/wp-json\/wp\/v2\/media\/28910"}],"wp:attachment":[{"href":"https:\/\/www.krajan.pl\/index.php\/wp-json\/wp\/v2\/media?parent=5590"}],"wp:term":[{"taxonomy":"product_brand","embeddable":true,"href":"https:\/\/www.krajan.pl\/index.php\/wp-json\/wp\/v2\/product_brand?post=5590"},{"taxonomy":"product_cat","embeddable":true,"href":"https:\/\/www.krajan.pl\/index.php\/wp-json\/wp\/v2\/product_cat?post=5590"},{"taxonomy":"product_tag","embeddable":true,"href":"https:\/\/www.krajan.pl\/index.php\/wp-json\/wp\/v2\/product_tag?post=5590"}],"curies":[{"name":"wp","href":"https:\/\/api.w.org\/{rel}","templated":true}]}}