{"id":5018,"date":"2018-07-19T09:55:28","date_gmt":"2018-07-19T07:55:28","guid":{"rendered":"https:\/\/www.krajan.pl\/index.php\/produkt\/tytus\/"},"modified":"2024-08-12T00:32:43","modified_gmt":"2024-08-11T22:32:43","slug":"tytus","status":"publish","type":"product","link":"https:\/\/www.krajan.pl\/index.php\/produkt\/tytus\/","title":{"rendered":"Tytus"},"content":{"rendered":"<p>Szeroko\u015b\u0107 szafy: 90cm<br \/>\nSzeroko\u015b\u0107 biurka: 130cm<br \/>\nSzeroko\u015b\u0107 rega\u0142u prawego: 90 cm<\/p>\n<p>Views: 10<\/p>","protected":false},"excerpt":{"rendered":"<div id=\"opisy\">Szer.\/wys.\/g\u0142.: 310\/196\/53cm<\/div>\n<div id=\"box_bottom\">\n<div class=\"paleta_box\">\n<p><strong>Meble m\u0142odzie\u017cowe TYTUS<\/strong>\u00a0to doskona\u0142e uzupe\u0142nienie ka\u017cdego pokoju nastolatka\/dziecka. Wyj\u0105tkowy design nada wn\u0119trzu stylu i podkre\u015bli m\u0142odzie\u017cowy charakter pomieszczenia. To doskona\u0142e rozwi\u0105zanie dla wszystkich, kt\u00f3rzy ceni\u0105 sobie funkcjonalno\u015b\u0107 w przestrzeni swoich pociech. Ka\u017cdy element zestawu jest osobnym modu\u0142em, dzi\u0119ki czemu mo\u017cna ustawi\u0107 meble w dowolnej kombinacji. Meble s\u0105 pojemne i dost\u0119pne w r\u00f3\u017cnych kolorach.<\/p>\n<p><strong>Wymiary:<\/strong><\/p>\n<p>\u2013 szeroko\u015b\u0107 310 cm \/ wysoko\u015b\u0107 196 cm \/ g\u0142\u0119boko\u015b\u0107 53 cm<\/p>\n<p><strong>Informacje dodatkowe:<\/strong><\/p>\n<p>W sk\u0142ad powy\u017cszego zestawu wchodz\u0105 meble (szer.\/wys.\/g\u0142.):<br \/>\n\u2013 szafa 90\u00d7196\/53 z pojemn\u0105 szuflad\u0105 oraz dr\u0105\u017ckiem ubraniowym na wieszaki,<br \/>\n\u2013 biurko 130\u00d781\/53 z p\u00f3\u0142k\u0105 wysuwan\u0105 na klawiatur\u0119  nadstawka nad biurkiem,<br \/>\n\u2013 rega\u0142 80\/196 z p\u00f3\u0142kami,<br \/>\n\u2013 mebel wykonany jest z p\u0142yty\u00a0 laminowanej o grubo\u015bci 16 mm,<br \/>\n\u2013 zastosowano wysokiej jako\u015bci uchwyty z tworzywa sztucznego, kt\u00f3re zapewniaj\u0105 trwa\u0142o\u015b\u0107 oraz komfort u\u017cytkowania.<br \/>\n\u2013 meble s\u0105 nowe, zapakowane w paczkach do samodzielnego monta\u017cu,<br \/>\n\u2013 wraz z czyteln\u0105 instrukcj\u0105 oraz akcesoriami.<\/p>\n<\/div>\n<\/div>\n","protected":false},"featured_media":28095,"comment_status":"closed","ping_status":"closed","template":"","meta":[],"product_brand":[],"product_cat":[235],"product_tag":[],"class_list":{"0":"post-5018","1":"product","2":"type-product","3":"status-publish","4":"has-post-thumbnail","6":"product_cat-mlodziezowe","7":"pa_kolor-artisan-jesion-portland","8":"pa_kolor-sonoma-czekolada","10":"first","11":"outofstock","12":"shipping-taxable","13":"purchasable","14":"product-type-variable"},"_links":{"self":[{"href":"https:\/\/www.krajan.pl\/index.php\/wp-json\/wp\/v2\/product\/5018","targetHints":{"allow":["GET"]}}],"collection":[{"href":"https:\/\/www.krajan.pl\/index.php\/wp-json\/wp\/v2\/product"}],"about":[{"href":"https:\/\/www.krajan.pl\/index.php\/wp-json\/wp\/v2\/types\/product"}],"replies":[{"embeddable":true,"href":"https:\/\/www.krajan.pl\/index.php\/wp-json\/wp\/v2\/comments?post=5018"}],"wp:featuredmedia":[{"embeddable":true,"href":"https:\/\/www.krajan.pl\/index.php\/wp-json\/wp\/v2\/media\/28095"}],"wp:attachment":[{"href":"https:\/\/www.krajan.pl\/index.php\/wp-json\/wp\/v2\/media?parent=5018"}],"wp:term":[{"taxonomy":"product_brand","embeddable":true,"href":"https:\/\/www.krajan.pl\/index.php\/wp-json\/wp\/v2\/product_brand?post=5018"},{"taxonomy":"product_cat","embeddable":true,"href":"https:\/\/www.krajan.pl\/index.php\/wp-json\/wp\/v2\/product_cat?post=5018"},{"taxonomy":"product_tag","embeddable":true,"href":"https:\/\/www.krajan.pl\/index.php\/wp-json\/wp\/v2\/product_tag?post=5018"}],"curies":[{"name":"wp","href":"https:\/\/api.w.org\/{rel}","templated":true}]}}