{"id":4817,"date":"2018-07-17T12:38:43","date_gmt":"2018-07-17T10:38:43","guid":{"rendered":"https:\/\/www.krajan.pl\/index.php\/produkt\/izis-stol-ist-1b-rozkladany\/"},"modified":"2025-02-03T15:36:42","modified_gmt":"2025-02-03T14:36:42","slug":"izis-stol-ist-1b-rozkladany","status":"publish","type":"product","link":"https:\/\/www.krajan.pl\/index.php\/produkt\/izis-stol-ist-1b-rozkladany\/","title":{"rendered":"IZIS St\u00f3\u0142 IST-1B Rozk\u0142adany"},"content":{"rendered":"<p>Views: 2<\/p>","protected":false},"excerpt":{"rendered":"<p><strong>Szer<\/strong>.\/wys.\/g\u0142.: <strong>160\/210<\/strong>\/78\/90 cm<\/p>\n<p>&nbsp;<\/p>\n<div class=\"positioner\"><\/div>\n","protected":false},"featured_media":28081,"comment_status":"closed","ping_status":"closed","template":"","meta":[],"product_brand":[],"product_cat":[239,100],"product_tag":[],"class_list":{"0":"post-4817","1":"product","2":"type-product","3":"status-publish","4":"has-post-thumbnail","6":"product_cat-izis","7":"product_cat-stoly","8":"pa_kolor-artisan","9":"pa_kolor-syrach","10":"pa_kolor-welington","12":"first","13":"instock","14":"shipping-taxable","15":"purchasable","16":"product-type-variable"},"_links":{"self":[{"href":"https:\/\/www.krajan.pl\/index.php\/wp-json\/wp\/v2\/product\/4817","targetHints":{"allow":["GET"]}}],"collection":[{"href":"https:\/\/www.krajan.pl\/index.php\/wp-json\/wp\/v2\/product"}],"about":[{"href":"https:\/\/www.krajan.pl\/index.php\/wp-json\/wp\/v2\/types\/product"}],"replies":[{"embeddable":true,"href":"https:\/\/www.krajan.pl\/index.php\/wp-json\/wp\/v2\/comments?post=4817"}],"wp:featuredmedia":[{"embeddable":true,"href":"https:\/\/www.krajan.pl\/index.php\/wp-json\/wp\/v2\/media\/28081"}],"wp:attachment":[{"href":"https:\/\/www.krajan.pl\/index.php\/wp-json\/wp\/v2\/media?parent=4817"}],"wp:term":[{"taxonomy":"product_brand","embeddable":true,"href":"https:\/\/www.krajan.pl\/index.php\/wp-json\/wp\/v2\/product_brand?post=4817"},{"taxonomy":"product_cat","embeddable":true,"href":"https:\/\/www.krajan.pl\/index.php\/wp-json\/wp\/v2\/product_cat?post=4817"},{"taxonomy":"product_tag","embeddable":true,"href":"https:\/\/www.krajan.pl\/index.php\/wp-json\/wp\/v2\/product_tag?post=4817"}],"curies":[{"name":"wp","href":"https:\/\/api.w.org\/{rel}","templated":true}]}}