{"id":4200,"date":"2018-05-15T10:02:48","date_gmt":"2018-05-15T08:02:48","guid":{"rendered":"https:\/\/www.krajan.pl\/index.php\/produkt\/nevada-stol-nst-1b-rozkladany\/"},"modified":"2024-10-31T12:08:26","modified_gmt":"2024-10-31T11:08:26","slug":"nevada-stol-nst-1b-rozkladany","status":"publish","type":"product","link":"https:\/\/www.krajan.pl\/index.php\/produkt\/nevada-stol-nst-1b-rozkladany\/","title":{"rendered":"NEVADA St\u00f3\u0142 NST-1B rozk\u0142adany"},"content":{"rendered":"<p>Uwagi:<\/p>\n<p>Kolory na zdj\u0119ciach\u00a0 mog\u0105 si\u0119 nieznacznie r\u00f3\u017cni\u0107 od rzeczywistych \u2013 wynika to z r\u00f3\u017cnorodno\u015bci dost\u0119pnego sprz\u0119tu komputerowego oraz jego indywidualnych ustawie\u0144 a w szczeg\u00f3lno\u015bci ustawie\u0144 monitora i karty graficznej.<\/p>\n<p>Views: 3<\/p>","protected":false},"excerpt":{"rendered":"<p><strong>Szer.<\/strong>\/wys.\/g\u0142.: <strong>160\/210<\/strong>\/78\/90 cm<\/p>\n<p>&nbsp;<\/p>\n<div class=\"positioner\"><\/div>\n","protected":false},"featured_media":29085,"comment_status":"closed","ping_status":"closed","template":"","meta":[],"product_brand":[],"product_cat":[212,100],"product_tag":[],"class_list":{"0":"post-4200","1":"product","2":"type-product","3":"status-publish","4":"has-post-thumbnail","6":"product_cat-nevada","7":"product_cat-stoly","8":"pa_kolor-bordeaux","9":"pa_kolor-czekolada","10":"pa_kolor-lefkas-ciemny","12":"first","13":"instock","14":"shipping-taxable","15":"purchasable","16":"product-type-variable"},"_links":{"self":[{"href":"https:\/\/www.krajan.pl\/index.php\/wp-json\/wp\/v2\/product\/4200","targetHints":{"allow":["GET"]}}],"collection":[{"href":"https:\/\/www.krajan.pl\/index.php\/wp-json\/wp\/v2\/product"}],"about":[{"href":"https:\/\/www.krajan.pl\/index.php\/wp-json\/wp\/v2\/types\/product"}],"replies":[{"embeddable":true,"href":"https:\/\/www.krajan.pl\/index.php\/wp-json\/wp\/v2\/comments?post=4200"}],"wp:featuredmedia":[{"embeddable":true,"href":"https:\/\/www.krajan.pl\/index.php\/wp-json\/wp\/v2\/media\/29085"}],"wp:attachment":[{"href":"https:\/\/www.krajan.pl\/index.php\/wp-json\/wp\/v2\/media?parent=4200"}],"wp:term":[{"taxonomy":"product_brand","embeddable":true,"href":"https:\/\/www.krajan.pl\/index.php\/wp-json\/wp\/v2\/product_brand?post=4200"},{"taxonomy":"product_cat","embeddable":true,"href":"https:\/\/www.krajan.pl\/index.php\/wp-json\/wp\/v2\/product_cat?post=4200"},{"taxonomy":"product_tag","embeddable":true,"href":"https:\/\/www.krajan.pl\/index.php\/wp-json\/wp\/v2\/product_tag?post=4200"}],"curies":[{"name":"wp","href":"https:\/\/api.w.org\/{rel}","templated":true}]}}