{"id":4163,"date":"2022-04-27T10:27:44","date_gmt":"2022-04-27T08:27:44","guid":{"rendered":"https:\/\/www.krajan.pl\/index.php\/produkt\/system-lisa\/"},"modified":"2025-02-03T14:31:11","modified_gmt":"2025-02-03T13:31:11","slug":"system-lisa","status":"publish","type":"product","link":"https:\/\/www.krajan.pl\/index.php\/produkt\/system-lisa\/","title":{"rendered":"System LISA"},"content":{"rendered":"<p>Views: 7<\/p>","protected":false},"excerpt":{"rendered":"<p>Meble systemowe <strong>LISA<\/strong> to kilku modu\u0142owy zestaw, kt\u00f3ry dzi\u0119ki swojej ustawno\u015bci pomog\u0105 Ci \u015bwietnie zagospodarowa\u0107 ka\u017cd\u0105, nawet trudn\u0105 i nietypow\u0105 przestrze\u0144. Meble systemowe \u015bwietnie sprawdz\u0105 si\u0119 jako element wyposa\u017cenia sypialni oraz salon\u00f3w, ale tak\u017ce pokoi\u00a0 m\u0142odzie\u017cowych. Systemy daj\u0105 mo\u017cliwo\u015b\u0107 urz\u0105dzenia wn\u0119trz w jednym stylu co niezwykle u\u0142atwia ca\u0142y proces aran\u017cacji wn\u0119trz. Wybieraj\u0105c elementy z danego zestawu mo\u017cemy by\u0107 pewni, \u017ce wszystko b\u0119dzie tworzy\u0142o sp\u00f3jn\u0105 ca\u0142o\u015b\u0107.<\/p>\n<p>&nbsp;<\/p>\n<p><strong>O\u015bwietlenie LED:<\/strong><\/p>\n<p>Przy wariancie mebli z o\u015bwietleniem LED, pod\u015bwietlenie dotyczy element\u00f3w:<\/p>\n<p>\u2013 witryna LW-108<br \/>\n\u2013 witryna LW-156<\/p>\n<p>\u2013 w standardzie zastosowano w witrynach p\u00f3\u0142ki z p\u0142yty laminowanej,<br \/>\n\u2013 mo\u017cliwo\u015b\u0107 zam\u00f3wienia w witrynach p\u00f3\u0142ki szklane o\u015bwietlenie LED -za dop\u0142at\u0105,<\/p>\n<p><strong>Informacje dodatkowe:<\/strong><\/p>\n<p>\u2013 system wykonany zosta\u0142 z wysokiej jako\u015bci p\u0142yty laminowanej,<br \/>\n\u2013 obrze\u017ca wyko\u0144czone oklein\u0105 ABS,<br \/>\n\u2013 blaty grubo\u015b\u0107 22mm,<\/p>\n<p>\u2013 meble s\u0105 nowe, zapakowane w paczkach do samodzielnego monta\u017cu, wraz z czyteln\u0105 instrukcj\u0105 oraz akcesoriami.<br \/>\n\u2013 system z wizualizacji wykonana w kolorze: czekolada\/wstawka-sonoma<\/p>\n<div class=\"positioner\"><\/div>\n","protected":false},"featured_media":28052,"comment_status":"closed","ping_status":"closed","template":"","meta":[],"product_brand":[],"product_cat":[238,211],"product_tag":[],"class_list":{"0":"post-4163","1":"product","2":"type-product","3":"status-publish","4":"has-post-thumbnail","6":"product_cat-lisa","7":"product_cat-meble-systemowe","9":"first","10":"instock","11":"shipping-taxable","12":"product-type-simple"},"_links":{"self":[{"href":"https:\/\/www.krajan.pl\/index.php\/wp-json\/wp\/v2\/product\/4163","targetHints":{"allow":["GET"]}}],"collection":[{"href":"https:\/\/www.krajan.pl\/index.php\/wp-json\/wp\/v2\/product"}],"about":[{"href":"https:\/\/www.krajan.pl\/index.php\/wp-json\/wp\/v2\/types\/product"}],"replies":[{"embeddable":true,"href":"https:\/\/www.krajan.pl\/index.php\/wp-json\/wp\/v2\/comments?post=4163"}],"wp:featuredmedia":[{"embeddable":true,"href":"https:\/\/www.krajan.pl\/index.php\/wp-json\/wp\/v2\/media\/28052"}],"wp:attachment":[{"href":"https:\/\/www.krajan.pl\/index.php\/wp-json\/wp\/v2\/media?parent=4163"}],"wp:term":[{"taxonomy":"product_brand","embeddable":true,"href":"https:\/\/www.krajan.pl\/index.php\/wp-json\/wp\/v2\/product_brand?post=4163"},{"taxonomy":"product_cat","embeddable":true,"href":"https:\/\/www.krajan.pl\/index.php\/wp-json\/wp\/v2\/product_cat?post=4163"},{"taxonomy":"product_tag","embeddable":true,"href":"https:\/\/www.krajan.pl\/index.php\/wp-json\/wp\/v2\/product_tag?post=4163"}],"curies":[{"name":"wp","href":"https:\/\/api.w.org\/{rel}","templated":true}]}}