{"id":4158,"date":"2022-04-26T09:48:51","date_gmt":"2022-04-26T07:48:51","guid":{"rendered":"https:\/\/www.krajan.pl\/index.php\/produkt\/system-laura\/"},"modified":"2025-02-05T11:34:19","modified_gmt":"2025-02-05T10:34:19","slug":"system-laura","status":"publish","type":"product","link":"https:\/\/www.krajan.pl\/index.php\/produkt\/system-laura\/","title":{"rendered":"System LAURA"},"content":{"rendered":"<p>Views: 4<\/p>","protected":false},"excerpt":{"rendered":"<p>Meble systemowe <strong>LAURA<\/strong> to kilku modu\u0142owy zestaw, kt\u00f3ry dzi\u0119ki swojej ustawno\u015bci pomog\u0105 Ci \u015bwietnie zagospodarowa\u0107 ka\u017cd\u0105, nawet trudn\u0105 i nietypow\u0105 przestrze\u0144. Meble systemowe \u015bwietnie sprawdz\u0105 si\u0119 jako element wyposa\u017cenia sypialni oraz salon\u00f3w, ale tak\u017ce pokoi\u00a0 m\u0142odzie\u017cowych.Systemy daj\u0105 mo\u017cliwo\u015b\u0107 urz\u0105dzenia wn\u0119trz w jednym stylu co niezwykle u\u0142atwia ca\u0142y proces aran\u017cacji wn\u0119trz. Wybieraj\u0105c elementy z danego zestawu mo\u017cemy by\u0107 pewni, \u017ce wszystko b\u0119dzie tworzy\u0142o sp\u00f3jn\u0105 ca\u0142o\u015b\u0107.<\/p>\n<h3><strong>Wymiary:<\/strong><\/h3>\n<p>\u2013 szeroko\u015b\u0107 XX cm \/ wysoko\u015b\u0107 XX cm \/ g\u0142\u0119boko\u015b\u0107 XX cm<\/p>\n<p>\u2013 komoda LAK-204\u2013 (204\/88,5\/45cm)<br \/>\n\u2013 witryna LAW-124 \u2013 (124\/161\/45 cm)<br \/>\n\u2013 st\u00f3\u0142 LAST-1A\u00a0\u00a0 \u2013 (160\/78\/90cm)<br \/>\n\u2013 st\u00f3\u0142 rozk\u0142adany LAST-1B \u2013 (160\/210\/78\/90cm)<br \/>\n\u2013 st\u00f3\u0142 LAST-2A \u2013 (180\/78\/90cm)<br \/>\n\u2013 st\u00f3\u0142 rozk\u0142adany LAST-2B \u2013 (180\/230\/78\/90cm)<br \/>\n\u2013 lustro LA \u2013 (180\/80cm)<\/p>\n<h5 class=\"h3\"><strong>O\u015bwietlenie LED:<\/strong><\/h5>\n<p>Przy wariancie mebli z o\u015bwietleniem LED, pod\u015bwietlenie dotyczy element\u00f3w:<\/p>\n<p>\u2013 witryna LAW-124<\/p>\n<p>\u2013 w standardzie zastosowano w witrynach p\u00f3\u0142ki z p\u0142yty laminowanej,<br \/>\n\u2013 mo\u017cliwo\u015b\u0107 zam\u00f3wienia w witrynach p\u00f3\u0142ki szklane o\u015bwietlenie LED -za dop\u0142at\u0105,<\/p>\n<p><strong>Informacje dodatkowe:<\/strong><\/p>\n<p>\u2013 system wykonany zosta\u0142 z wysokiej jako\u015bci p\u0142yty laminowanej,<br \/>\n\u2013 obrze\u017ca wyko\u0144czone oklein\u0105 ABS,<br \/>\n\u2013 listwy boczne 22 mm,<br \/>\n\u2013 blaty grubo\u015b\u0107 22 mm,<\/p>\n<p>\u2013 meble s\u0105 nowe, zapakowane w paczkach do samodzielnego monta\u017cu, wraz z czyteln\u0105 instrukcj\u0105 oraz akcesoriami.<br \/>\n\u2013 system z wizualizacji wykonana w kolorze: wilton\/latte<\/p>\n<div class=\"positioner\"><\/div>\n","protected":false},"featured_media":28049,"comment_status":"closed","ping_status":"closed","template":"","meta":[],"product_brand":[],"product_cat":[241,211],"product_tag":[],"class_list":{"0":"post-4158","1":"product","2":"type-product","3":"status-publish","4":"has-post-thumbnail","6":"product_cat-laura","7":"product_cat-meble-systemowe","9":"first","10":"instock","11":"shipping-taxable","12":"product-type-simple"},"_links":{"self":[{"href":"https:\/\/www.krajan.pl\/index.php\/wp-json\/wp\/v2\/product\/4158","targetHints":{"allow":["GET"]}}],"collection":[{"href":"https:\/\/www.krajan.pl\/index.php\/wp-json\/wp\/v2\/product"}],"about":[{"href":"https:\/\/www.krajan.pl\/index.php\/wp-json\/wp\/v2\/types\/product"}],"replies":[{"embeddable":true,"href":"https:\/\/www.krajan.pl\/index.php\/wp-json\/wp\/v2\/comments?post=4158"}],"wp:featuredmedia":[{"embeddable":true,"href":"https:\/\/www.krajan.pl\/index.php\/wp-json\/wp\/v2\/media\/28049"}],"wp:attachment":[{"href":"https:\/\/www.krajan.pl\/index.php\/wp-json\/wp\/v2\/media?parent=4158"}],"wp:term":[{"taxonomy":"product_brand","embeddable":true,"href":"https:\/\/www.krajan.pl\/index.php\/wp-json\/wp\/v2\/product_brand?post=4158"},{"taxonomy":"product_cat","embeddable":true,"href":"https:\/\/www.krajan.pl\/index.php\/wp-json\/wp\/v2\/product_cat?post=4158"},{"taxonomy":"product_tag","embeddable":true,"href":"https:\/\/www.krajan.pl\/index.php\/wp-json\/wp\/v2\/product_tag?post=4158"}],"curies":[{"name":"wp","href":"https:\/\/api.w.org\/{rel}","templated":true}]}}