{"id":4139,"date":"2022-04-20T10:29:10","date_gmt":"2022-04-20T08:29:10","guid":{"rendered":"https:\/\/www.krajan.pl\/index.php\/produkt\/system-capri\/"},"modified":"2025-02-03T11:08:40","modified_gmt":"2025-02-03T10:08:40","slug":"system-capri","status":"publish","type":"product","link":"https:\/\/www.krajan.pl\/index.php\/produkt\/system-capri\/","title":{"rendered":"System CAPRI"},"content":{"rendered":"<p>Views: 7<\/p>","protected":false},"excerpt":{"rendered":"<div class=\"positioner\">\n<p>Meble systemowe <strong>CAPRI<\/strong> to kilku modu\u0142owy zestaw, kt\u00f3ry dzi\u0119ki swojej ustawno\u015bci pomog\u0105 Ci \u015bwietnie zagospodarowa\u0107 ka\u017cd\u0105, nawet trudn\u0105 i nietypow\u0105 przestrze\u0144. Meble systemowe \u015bwietnie sprawdz\u0105 si\u0119 jako element wyposa\u017cenia sypialni oraz salon\u00f3w, ale tak\u017ce pokoi\u00a0 m\u0142odzie\u017cowych.Systemy daj\u0105 mo\u017cliwo\u015b\u0107 urz\u0105dzenia wn\u0119trz w jednym stylu co niezwykle u\u0142atwia ca\u0142y proces aran\u017cacji wn\u0119trz. Wybieraj\u0105c elementy z danego zestawu mo\u017cemy by\u0107 pewni, \u017ce wszystko b\u0119dzie tworzy\u0142o sp\u00f3jn\u0105 ca\u0142o\u015b\u0107.<\/p>\n<h3><strong>Wymiary:<\/strong><\/h3>\n<p>\u2013 szeroko\u015b\u0107 XX cm \/ wysoko\u015b\u0107 XX cm \/ g\u0142\u0119boko\u015b\u0107 XX cm<\/p>\n<p>\u2013 do\u0142ek RTV-CD-2 \u2013 (156\/47\/43,5cm)<br \/>\n\u2013 komoda CK-2\u00a0 \u2013 (156\/92\/43,5cm)<br \/>\n\u2013 komoda CK-3 \u2013 (201\/92\/43,5cm)<br \/>\n\u2013 witryna CW-1\u00a0 \u2013 (66\/201\/43,5cm)<br \/>\n\u2013 witryna CW-2\u00a0 \u2013 (110\/201\/43,5cm)<br \/>\n\u2013 rega\u0142 CR-1- (66\/201\/43,5)<br \/>\n\u2013 rega\u0142 CR-4- (110\/161\/43,5)<br \/>\n\u2013 szafka wisz\u0105ca CP-4- (124,5\/40\/23)<br \/>\n\u2013 lustro CL \u2013 (133\/92 cm)<br \/>\n\u2013 \u0142awa C\u0141-1\u00a0 \u2013 (140\/58\/65cm)<br \/>\n\u2013 st\u00f3\u0142 CS-1A\u00a0\u00a0 \u2013 (160\/78\/90cm)<br \/>\n\u2013 st\u00f3\u0142 rozk\u0142adany CS-1B\u00a0\u2013 (160\/210\/78\/90cm)<br \/>\n\u2013 st\u00f3\u0142 CS-2A \u2013 (180\/78\/90cm)<br \/>\n\u2013 st\u00f3\u0142 rozk\u0142adany CS-2B \u2013 (180\/230\/78\/90cm)<\/p>\n<h5 class=\"h3\"><strong>O\u015bwietlenie LED:<\/strong><\/h5>\n<p>Przy wariancie mebli z o\u015bwietleniem LED, pod\u015bwietlenie dotyczy element\u00f3w:<\/p>\n<p>\u2013 witryna CW-1<br \/>\n\u2013 witryna CW-2<\/p>\n<p>\u2013 w standardzie zastosowano w witrynach p\u00f3\u0142ki z p\u0142yty laminowanej,<br \/>\n\u2013 mo\u017cliwo\u015b\u0107 zam\u00f3wienia w witrynach p\u00f3\u0142ki szklane o\u015bwietlenie LED -za dop\u0142at\u0105,<\/p>\n<p><strong>Informacje dodatkowe:<\/strong><\/p>\n<p>\u2013 system wykonany zosta\u0142 z wysokiej jako\u015bci p\u0142yty laminowanej,<br \/>\n\u2013 obrze\u017ca wyko\u0144czone oklein\u0105 ABS,<br \/>\n\u2013 listwy boczne 22 mm,<br \/>\n\u2013 blaty grubo\u015b\u0107 22 mm,<\/p>\n<p>\u2013 meble s\u0105 nowe, zapakowane w paczkach do samodzielnego monta\u017cu, wraz z czyteln\u0105 instrukcj\u0105 oraz akcesoriami.<br \/>\n\u2013 system z wizualizacji wykonana w kolorze: syrach<\/p>\n<\/div>\n","protected":false},"featured_media":28040,"comment_status":"closed","ping_status":"closed","template":"","meta":[],"product_brand":[],"product_cat":[208],"product_tag":[],"class_list":{"0":"post-4139","1":"product","2":"type-product","3":"status-publish","4":"has-post-thumbnail","6":"product_cat-capri","7":"pa_kolor-artisan-sosna-biala","8":"pa_kolor-wilton","10":"first","11":"instock","12":"shipping-taxable","13":"product-type-simple"},"_links":{"self":[{"href":"https:\/\/www.krajan.pl\/index.php\/wp-json\/wp\/v2\/product\/4139","targetHints":{"allow":["GET"]}}],"collection":[{"href":"https:\/\/www.krajan.pl\/index.php\/wp-json\/wp\/v2\/product"}],"about":[{"href":"https:\/\/www.krajan.pl\/index.php\/wp-json\/wp\/v2\/types\/product"}],"replies":[{"embeddable":true,"href":"https:\/\/www.krajan.pl\/index.php\/wp-json\/wp\/v2\/comments?post=4139"}],"wp:featuredmedia":[{"embeddable":true,"href":"https:\/\/www.krajan.pl\/index.php\/wp-json\/wp\/v2\/media\/28040"}],"wp:attachment":[{"href":"https:\/\/www.krajan.pl\/index.php\/wp-json\/wp\/v2\/media?parent=4139"}],"wp:term":[{"taxonomy":"product_brand","embeddable":true,"href":"https:\/\/www.krajan.pl\/index.php\/wp-json\/wp\/v2\/product_brand?post=4139"},{"taxonomy":"product_cat","embeddable":true,"href":"https:\/\/www.krajan.pl\/index.php\/wp-json\/wp\/v2\/product_cat?post=4139"},{"taxonomy":"product_tag","embeddable":true,"href":"https:\/\/www.krajan.pl\/index.php\/wp-json\/wp\/v2\/product_tag?post=4139"}],"curies":[{"name":"wp","href":"https:\/\/api.w.org\/{rel}","templated":true}]}}