{"id":4088,"date":"2018-04-23T11:47:41","date_gmt":"2018-04-23T09:47:41","guid":{"rendered":"https:\/\/www.krajan.pl\/index.php\/produkt\/venus-polysk\/"},"modified":"2024-08-12T00:32:28","modified_gmt":"2024-08-11T22:32:28","slug":"venus-polysk","status":"publish","type":"product","link":"https:\/\/www.krajan.pl\/index.php\/produkt\/venus-polysk\/","title":{"rendered":"Venus Po\u0142ysk"},"content":{"rendered":"<p><em>Uwagi:<\/em><\/p>\n<p><em><span class=\"ILfuVd\" lang=\"pl\"><span class=\"hgKElc\">\u00a0Kolory na zdj\u0119ciach\u00a0 mog\u0105 si\u0119 nieznacznie r\u00f3\u017cni\u0107 od rzeczywistych \u2013 wynika to z r\u00f3\u017cnorodno\u015bci dost\u0119pnego sprz\u0119tu komputerowego oraz jego indywidualnych ustawie\u0144 a w szczeg\u00f3lno\u015bci ustawie\u0144 monitora i karty graficznej.<\/span><\/span><\/em><\/p>\n<p>Views: 6<\/p>","protected":false},"excerpt":{"rendered":"<p>Informacje :<\/p>\n<p>Szer.\/wys.\/g\u0142.: 242\/200\/45 cm<\/p>\n<p>Rega\u0142 lewy szeroko\u015b\u0107: 66 cm<br \/>\nKomoda wisz\u0105ca szeroko\u015b\u0107: 116 cm<br \/>\nWieszak szeroko\u015b\u0107: 60 cm<br \/>\nP\u0142yta pod lustro: 116\u00d788<\/p>\n<p>Kolor na zdj\u0119ciu: sonoma\/bia\u0142y po\u0142ysk<\/p>\n<p>&nbsp;<\/p>\n<p>Meble w paczkach do samodzielnego monta\u017cu.<br \/>\nProdukt nowy, oryginalnie zapakowany!<br \/>\nMebel wykonany z laminowanej p\u0142yty wi\u00f3rowej.<br \/>\nFronty: p\u0142yta  front g\u0142adki listwa boczna.<\/p>\n<div class=\"positioner\"><\/div>\n","protected":false},"featured_media":28032,"comment_status":"closed","ping_status":"closed","template":"","meta":[],"product_brand":[],"product_cat":[190],"product_tag":[],"class_list":{"0":"post-4088","1":"product","2":"type-product","3":"status-publish","4":"has-post-thumbnail","6":"product_cat-garderoby","7":"pa_kolor-sonoma-bialy-polysk","8":"pa_kolor-wotan-bialy-polysk","10":"first","11":"outofstock","12":"shipping-taxable","13":"purchasable","14":"product-type-variable"},"_links":{"self":[{"href":"https:\/\/www.krajan.pl\/index.php\/wp-json\/wp\/v2\/product\/4088","targetHints":{"allow":["GET"]}}],"collection":[{"href":"https:\/\/www.krajan.pl\/index.php\/wp-json\/wp\/v2\/product"}],"about":[{"href":"https:\/\/www.krajan.pl\/index.php\/wp-json\/wp\/v2\/types\/product"}],"replies":[{"embeddable":true,"href":"https:\/\/www.krajan.pl\/index.php\/wp-json\/wp\/v2\/comments?post=4088"}],"wp:featuredmedia":[{"embeddable":true,"href":"https:\/\/www.krajan.pl\/index.php\/wp-json\/wp\/v2\/media\/28032"}],"wp:attachment":[{"href":"https:\/\/www.krajan.pl\/index.php\/wp-json\/wp\/v2\/media?parent=4088"}],"wp:term":[{"taxonomy":"product_brand","embeddable":true,"href":"https:\/\/www.krajan.pl\/index.php\/wp-json\/wp\/v2\/product_brand?post=4088"},{"taxonomy":"product_cat","embeddable":true,"href":"https:\/\/www.krajan.pl\/index.php\/wp-json\/wp\/v2\/product_cat?post=4088"},{"taxonomy":"product_tag","embeddable":true,"href":"https:\/\/www.krajan.pl\/index.php\/wp-json\/wp\/v2\/product_tag?post=4088"}],"curies":[{"name":"wp","href":"https:\/\/api.w.org\/{rel}","templated":true}]}}