{"id":4076,"date":"2018-04-23T11:36:48","date_gmt":"2018-04-23T09:36:48","guid":{"rendered":"https:\/\/www.krajan.pl\/index.php\/produkt\/tunis-polysk\/"},"modified":"2024-08-12T00:32:28","modified_gmt":"2024-08-11T22:32:28","slug":"tunis-polysk","status":"publish","type":"product","link":"https:\/\/www.krajan.pl\/index.php\/produkt\/tunis-polysk\/","title":{"rendered":"Tunis Po\u0142ysk"},"content":{"rendered":"<p>Szafa szeroko\u015b\u0107: 105 cm<br \/>\nKomoda szeroko\u015b\u0107: 105 cm<br \/>\nRega\u0142 z wieszakiem: 105 cm<br \/>\nlustro:50&#215;70 ramka<\/p>\n<p>&nbsp;<\/p>\n<p><span style=\"font-size: 14pt;\"><strong>Wn\u0119trze szafy:\u2193\u2193\u2193<\/strong><\/span><\/p>\n<p><span style=\"font-size: 18pt;\"><a href=\"https:\/\/meblepromocje.pl\/?attachment_id=5480\" rel=\"attachment wp-att-5480\"><span style=\"color: #99cc00;\">Szafa Tunis<\/span><\/a><\/span><\/p>\n<p>Views: 8<\/p>","protected":false},"excerpt":{"rendered":"<p>Informacje :<\/p>\n<p>Szer.\/wys.\/g\u0142.: 315\/201\/45 cm<\/p>\n<p>Kolor na zdj\u0119ciu: d\u0105b s\u0119kowy\/bia\u0142y po\u0142ysk<\/p>\n<p>&nbsp;<\/p>\n<p>Meble w paczkach do samodzielnego monta\u017cu.<br \/>\nProdukt nowy, oryginalnie zapakowany!<br \/>\nMebel wykonany z laminowanej p\u0142yty wi\u00f3rowej.<br \/>\nFronty: p\u0142yta  front g\u0142adki listwa boczna.<\/p>\n<div class=\"positioner\"><\/div>\n","protected":false},"featured_media":28029,"comment_status":"closed","ping_status":"closed","template":"","meta":[],"product_brand":[],"product_cat":[190],"product_tag":[],"class_list":{"0":"post-4076","1":"product","2":"type-product","3":"status-publish","4":"has-post-thumbnail","6":"product_cat-garderoby","7":"pa_kolor-artisan-bialy-polysk","8":"pa_kolor-canyon-bialy-polysk","9":"pa_kolor-lefkas-ciemny-bialy-polysk","10":"pa_kolor-sonoma-bialy-polysk","11":"pa_kolor-wotan-bialy-polysk","13":"first","14":"outofstock","15":"shipping-taxable","16":"purchasable","17":"product-type-variable"},"_links":{"self":[{"href":"https:\/\/www.krajan.pl\/index.php\/wp-json\/wp\/v2\/product\/4076","targetHints":{"allow":["GET"]}}],"collection":[{"href":"https:\/\/www.krajan.pl\/index.php\/wp-json\/wp\/v2\/product"}],"about":[{"href":"https:\/\/www.krajan.pl\/index.php\/wp-json\/wp\/v2\/types\/product"}],"replies":[{"embeddable":true,"href":"https:\/\/www.krajan.pl\/index.php\/wp-json\/wp\/v2\/comments?post=4076"}],"wp:featuredmedia":[{"embeddable":true,"href":"https:\/\/www.krajan.pl\/index.php\/wp-json\/wp\/v2\/media\/28029"}],"wp:attachment":[{"href":"https:\/\/www.krajan.pl\/index.php\/wp-json\/wp\/v2\/media?parent=4076"}],"wp:term":[{"taxonomy":"product_brand","embeddable":true,"href":"https:\/\/www.krajan.pl\/index.php\/wp-json\/wp\/v2\/product_brand?post=4076"},{"taxonomy":"product_cat","embeddable":true,"href":"https:\/\/www.krajan.pl\/index.php\/wp-json\/wp\/v2\/product_cat?post=4076"},{"taxonomy":"product_tag","embeddable":true,"href":"https:\/\/www.krajan.pl\/index.php\/wp-json\/wp\/v2\/product_tag?post=4076"}],"curies":[{"name":"wp","href":"https:\/\/api.w.org\/{rel}","templated":true}]}}