{"id":31405,"date":"2026-05-08T14:05:33","date_gmt":"2026-05-08T12:05:33","guid":{"rendered":"https:\/\/www.krajan.pl\/?post_type=product&#038;p=31405"},"modified":"2026-05-15T12:19:11","modified_gmt":"2026-05-15T10:19:11","slug":"system-diego","status":"publish","type":"product","link":"https:\/\/www.krajan.pl\/index.php\/produkt\/system-diego\/","title":{"rendered":"System DIEGO"},"content":{"rendered":"<p><a href=\"https:\/\/www.krajan.pl\/index.php\/kategoria-produktu\/meble-systemowe\/diego\/\">https:\/\/www.krajan.pl\/index.php\/kategoria-produktu\/meble-systemowe\/diego\/<\/a><\/p>\n<p>&nbsp;<\/p>\n<p>Views: 7<\/p>","protected":false},"excerpt":{"rendered":"<p>Meble systemowe <strong>DIEGO <\/strong>to kilku modu\u0142owy zestaw, kt\u00f3ry dzi\u0119ki swojej ustawno\u015bci pomog\u0105 Ci \u015bwietnie zagospodarowa\u0107 ka\u017cd\u0105, nawet trudn\u0105 i nietypow\u0105 przestrze\u0144. Meble systemowe \u015bwietnie sprawdz\u0105 si\u0119 jako element wyposa\u017cenia sypialni oraz salon\u00f3w, ale tak\u017ce pokoi\u00a0 m\u0142odzie\u017cowych.Systemy daj\u0105 mo\u017cliwo\u015b\u0107 urz\u0105dzenia wn\u0119trz w jednym stylu co niezwykle u\u0142atwia ca\u0142y proces aran\u017cacji wn\u0119trz. Wybieraj\u0105c elementy z danego zestawu mo\u017cemy by\u0107 pewni, \u017ce wszystko b\u0119dzie tworzy\u0142o sp\u00f3jn\u0105 ca\u0142o\u015b\u0107.<\/p>\n<h3><strong>Wymiary:<\/strong><\/h3>\n<p>\u2013 szeroko\u015b\u0107 XX cm \/ wysoko\u015b\u0107 XX cm \/ g\u0142\u0119boko\u015b\u0107 XX cm<\/p>\n<p>\u2013 komoda DK-1\u2013 (70\/110\/34cm)<br \/>\n\u2013 komoda DK-2\u00a0 \u2013 (70\/110\/34cm)<br \/>\n\u2013 komoda DK-3 \u2013 (70\/110\/34cm)<br \/>\n\u2013 komoda DK-4 (140\/75\/34cm)<br \/>\n\u2013 do\u0142ek DID-120 (120\/45\/38cm)<br \/>\n\u2013 do\u0142ek DID-150\u00a0 (150\/445\/38cm)<br \/>\n\u2013 szafa DISZ-1 (80\/53\/196cm)<br \/>\n\u2013 szafa DISZ-2 (120\/53\/196cm)<br \/>\n\u2013 stolik nocny<br \/>\n\u2013 \u0142\u00f3\u017cko (na materac 160&#215;200)<\/p>\n<p>\u2013 \u0142awa (120\/45\/65)<\/p>\n<p><a href=\"https:\/\/www.krajan.pl\/index.php\/kategoria-produktu\/meble-systemowe\/diego\/\">https:\/\/www.krajan.pl\/index.php\/kategoria-produktu\/meble-systemowe\/diego\/<\/a><\/p>\n<p>&nbsp;<\/p>\n<p><strong>Informacje dodatkowe:<\/strong><\/p>\n<p>\u2013 system wykonany zosta\u0142 z wysokiej jako\u015bci p\u0142yty laminowanej,<br \/>\n\u2013 obrze\u017ca wyko\u0144czone oklein\u0105 ABS,<br \/>\n\u2013 nogi drewniane,<\/p>\n<p>\u2013 meble s\u0105 nowe, zapakowane w paczkach do samodzielnego monta\u017cu, wraz z czyteln\u0105 instrukcj\u0105 oraz akcesoriami.<br \/>\n\u2013 system z wizualizacji wykonana w kolorze: bia\u0142y\/artisan<\/p>\n","protected":false},"featured_media":31409,"comment_status":"open","ping_status":"closed","template":"","meta":[],"product_brand":[],"product_cat":[465,211,258],"product_tag":[],"class_list":{"0":"post-31405","1":"product","2":"type-product","3":"status-publish","4":"has-post-thumbnail","6":"product_cat-diego","7":"product_cat-meble-systemowe","8":"product_cat-nowosc-2026","10":"first","11":"instock","12":"shipping-taxable","13":"product-type-simple"},"_links":{"self":[{"href":"https:\/\/www.krajan.pl\/index.php\/wp-json\/wp\/v2\/product\/31405","targetHints":{"allow":["GET"]}}],"collection":[{"href":"https:\/\/www.krajan.pl\/index.php\/wp-json\/wp\/v2\/product"}],"about":[{"href":"https:\/\/www.krajan.pl\/index.php\/wp-json\/wp\/v2\/types\/product"}],"replies":[{"embeddable":true,"href":"https:\/\/www.krajan.pl\/index.php\/wp-json\/wp\/v2\/comments?post=31405"}],"wp:featuredmedia":[{"embeddable":true,"href":"https:\/\/www.krajan.pl\/index.php\/wp-json\/wp\/v2\/media\/31409"}],"wp:attachment":[{"href":"https:\/\/www.krajan.pl\/index.php\/wp-json\/wp\/v2\/media?parent=31405"}],"wp:term":[{"taxonomy":"product_brand","embeddable":true,"href":"https:\/\/www.krajan.pl\/index.php\/wp-json\/wp\/v2\/product_brand?post=31405"},{"taxonomy":"product_cat","embeddable":true,"href":"https:\/\/www.krajan.pl\/index.php\/wp-json\/wp\/v2\/product_cat?post=31405"},{"taxonomy":"product_tag","embeddable":true,"href":"https:\/\/www.krajan.pl\/index.php\/wp-json\/wp\/v2\/product_tag?post=31405"}],"curies":[{"name":"wp","href":"https:\/\/api.w.org\/{rel}","templated":true}]}}