{"id":31399,"date":"2026-05-08T10:45:25","date_gmt":"2026-05-08T08:45:25","guid":{"rendered":"https:\/\/www.krajan.pl\/?post_type=product&#038;p=31399"},"modified":"2026-05-08T10:49:11","modified_gmt":"2026-05-08T08:49:11","slug":"szafa-nivo-140","status":"publish","type":"product","link":"https:\/\/www.krajan.pl\/index.php\/produkt\/szafa-nivo-140\/","title":{"rendered":"SZAFA NIVO-140"},"content":{"rendered":"<p>Views: 7<\/p>","protected":false},"excerpt":{"rendered":"<p data-start=\"0\" data-end=\"55\"><strong data-start=\"0\" data-end=\"55\">Szafa NIVO \u2013 nowoczesny design i praktyczne wn\u0119trze<\/strong><\/p>\n<p data-start=\"57\" data-end=\"364\">Stylowa szafa NIVO to idealne rozwi\u0105zanie do sypialni, pokoju m\u0142odzie\u017cowego lub garderoby. Po\u0142\u0105czenie bia\u0142ych front\u00f3w z ciep\u0142ym dekorem drewna oraz grafitowymi szufladami nadaje meblowi nowoczesny i elegancki wygl\u0105d. Otwarty rega\u0142 boczny doskonale sprawdzi si\u0119 na ksi\u0105\u017cki, dekoracje lub podr\u0119czne akcesoria.<\/p>\n<p data-start=\"366\" data-end=\"444\"><strong data-start=\"366\" data-end=\"378\">Wymiary:<\/strong><br data-start=\"378\" data-end=\"381\" \/>\u2022 Szeroko\u015b\u0107: 140 cm<br data-start=\"400\" data-end=\"403\" \/>\u2022 Wysoko\u015b\u0107: 196 cm<br data-start=\"421\" data-end=\"424\" \/>\u2022 G\u0142\u0119boko\u015b\u0107: 52 cm<\/p>\n<p data-start=\"446\" data-end=\"616\"><strong data-start=\"446\" data-end=\"464\">Wn\u0119trze szafy:<\/strong><br data-start=\"464\" data-end=\"467\" \/>\u2022 dr\u0105\u017cek ubraniowy na wieszaki<br data-start=\"497\" data-end=\"500\" \/>\u2022 praktyczne p\u00f3\u0142ki na odzie\u017c i dodatki<br data-start=\"538\" data-end=\"541\" \/>\u2022 2 pojemne szuflady na prowadnicach<br data-start=\"577\" data-end=\"580\" \/>\u2022 dodatkowy boczny rega\u0142 z p\u00f3\u0142kami<\/p>\n<p data-start=\"618\" data-end=\"797\" data-is-last-node=\"\" data-is-only-node=\"\">Szafa NIVO \u0142\u0105czy funkcjonalno\u015b\u0107 z nowoczesnym stylem, dzi\u0119ki czemu \u015bwietnie prezentuje si\u0119 zar\u00f3wno w jasnych, minimalistycznych wn\u0119trzach, jak i bardziej nowoczesnych aran\u017cacjach.<\/p>\n","protected":false},"featured_media":31397,"comment_status":"open","ping_status":"closed","template":"","meta":[],"product_brand":[],"product_cat":[190,258,195,196],"product_tag":[],"class_list":{"0":"post-31399","1":"product","2":"type-product","3":"status-publish","4":"has-post-thumbnail","6":"product_cat-garderoby","7":"product_cat-nowosc-2026","8":"product_cat-szafy-otwierane","9":"product_cat-szafy-otwierane-szafy-otwierane","11":"first","12":"instock","13":"shipping-taxable","14":"product-type-simple"},"_links":{"self":[{"href":"https:\/\/www.krajan.pl\/index.php\/wp-json\/wp\/v2\/product\/31399","targetHints":{"allow":["GET"]}}],"collection":[{"href":"https:\/\/www.krajan.pl\/index.php\/wp-json\/wp\/v2\/product"}],"about":[{"href":"https:\/\/www.krajan.pl\/index.php\/wp-json\/wp\/v2\/types\/product"}],"replies":[{"embeddable":true,"href":"https:\/\/www.krajan.pl\/index.php\/wp-json\/wp\/v2\/comments?post=31399"}],"wp:featuredmedia":[{"embeddable":true,"href":"https:\/\/www.krajan.pl\/index.php\/wp-json\/wp\/v2\/media\/31397"}],"wp:attachment":[{"href":"https:\/\/www.krajan.pl\/index.php\/wp-json\/wp\/v2\/media?parent=31399"}],"wp:term":[{"taxonomy":"product_brand","embeddable":true,"href":"https:\/\/www.krajan.pl\/index.php\/wp-json\/wp\/v2\/product_brand?post=31399"},{"taxonomy":"product_cat","embeddable":true,"href":"https:\/\/www.krajan.pl\/index.php\/wp-json\/wp\/v2\/product_cat?post=31399"},{"taxonomy":"product_tag","embeddable":true,"href":"https:\/\/www.krajan.pl\/index.php\/wp-json\/wp\/v2\/product_tag?post=31399"}],"curies":[{"name":"wp","href":"https:\/\/api.w.org\/{rel}","templated":true}]}}