{"id":30842,"date":"2025-04-08T12:26:27","date_gmt":"2025-04-08T10:26:27","guid":{"rendered":"https:\/\/www.krajan.pl\/?post_type=product&#038;p=30842"},"modified":"2025-04-09T13:16:42","modified_gmt":"2025-04-09T11:16:42","slug":"willy-1","status":"publish","type":"product","link":"https:\/\/www.krajan.pl\/index.php\/produkt\/willy-1\/","title":{"rendered":"Willy 5"},"content":{"rendered":"<p><em>Uwagi:<\/em><\/p>\n<p><em><span class=\"ILfuVd\" lang=\"pl\"><span class=\"hgKElc\">\u00a0Kolory na zdj\u0119ciach\u00a0 mog\u0105 si\u0119 nieznacznie r\u00f3\u017cni\u0107 od rzeczywistych \u2013 wynika to z r\u00f3\u017cnorodno\u015bci dost\u0119pnego sprz\u0119tu komputerowego oraz jego indywidualnych ustawie\u0144 a w szczeg\u00f3lno\u015bci ustawie\u0144 monitora i karty graficznej.<\/span><\/span><\/em><\/p>\n<p>Views: 38<\/p>","protected":false},"excerpt":{"rendered":"<div class=\"woocommerce-product-details__short-description\">\n<div class=\"paleta\">\n<p><strong>UWAGA!!!\u00a0 Kolor kuchni grafit\/czarny &#8211; na magazynie<\/strong><\/p>\n<p>Szer- 170\/230 cm<\/p>\n<p><strong>Kuchnia WILLY 5 <\/strong>to prosty w formie, elegancki, a zarazem nowoczesny zestaw szafek kuchennych, wykonany w bardzo popularnym stylu.<\/p>\n<p>Zestaw mebli kuchennych posiada blat w zestawie.<br \/>\nMeble s\u0105 nowe, zapakowane w paczkach do samodzielnego monta\u017cu, wraz z czyteln\u0105 instrukcj\u0105 oraz akcesoriami.<\/p>\n<p>G\u00f3rne szafki:- 170 cm<br \/>\nDolne szafki: &#8211; 170 cm + zabudowa pieca 60 cm<br \/>\nBlat kuchenny: 2,3 m<\/p>\n<p><strong>Wymiary:<\/strong><\/p>\n<p>\u2013 szafki g\u00f3rne: szer.170 cm \/ wys.72 cm \/ g\u0142. 38 cm<br \/>\n\u2013 szafki dolne: szer. 170 cm \/ wys.82 cm \/ g\u0142. 57 cm<br \/>\n\u2013 szafki dolne: szer. 60 cm \/ wys.82 cm \/ g\u0142. 57 cm<\/p>\n<p>&nbsp;<\/p>\n<p><strong>Informacje dodatkowe:<\/strong><\/p>\n<div id=\"module_gallery\" class=\"module\">\n<ul>\n<li><strong>blat w ca\u0142o\u015bci,<\/strong><\/li>\n<li>Kolor blatu: artisan, gr.28mm,<\/li>\n<li>Korpus i fronty z p\u0142yty laminowanej \u201e16\u201d,<\/li>\n<li>Zawiasy regulowane,<\/li>\n<li>Prowadnice oraz boki szuflad metalowe: <strong>METABOX<\/strong><\/li>\n<li>G\u00f3rne szafki mocowane na zawieszkach regulowanych ( szyn monta\u017cowych punktowych w komplecie),<\/li>\n<li>solidne n\u00f3\u017cki z tworzywa sztucznego zapewniaj\u0105 stabilno\u015b\u0107 i wytrzyma\u0142o\u015b\u0107,<\/li>\n<li>Kolorystyka front\u00f3w do wyboru,<\/li>\n<li>Szafki kuchenne w gotowych zastawach maj\u0105 standardowe wymiary. Dolne maj\u0105 wysoko\u015b\u0107 82 cm, z blatem o grubo\u015bci 28 mm \u2013 ok. 85 cm.<\/li>\n<\/ul>\n<div id=\"module_gallery\" class=\"module\">\n<ul>\n<li>Kuchnia z wizualizacji wykonana w kolorze: korpus: grafit \/front: czarny<\/li>\n<li>Dost\u0119pna kolorystyka: grafit\/czarny , artisan, grafit<\/li>\n<li>Wszystkie widoczne na zdj\u0119ciach akcesoria np.: sprz\u0119t AGD, panel przy\u015bcienny, okapy, poch\u0142aniacze, artyku\u0142y dekoracyjne\u00a0<strong>NIE<\/strong>\u00a0wchodz\u0105 w sk\u0142ad zestawu.<\/li>\n<\/ul>\n<\/div>\n<\/div>\n<\/div>\n<\/div>\n","protected":false},"featured_media":30844,"comment_status":"open","ping_status":"closed","template":"","meta":[],"product_brand":[],"product_cat":[103,258],"product_tag":[],"class_list":{"0":"post-30842","1":"product","2":"type-product","3":"status-publish","4":"has-post-thumbnail","6":"product_cat-kuchnie","7":"product_cat-nowosc-2026","9":"first","10":"instock","11":"featured","12":"shipping-taxable","13":"product-type-variable"},"_links":{"self":[{"href":"https:\/\/www.krajan.pl\/index.php\/wp-json\/wp\/v2\/product\/30842","targetHints":{"allow":["GET"]}}],"collection":[{"href":"https:\/\/www.krajan.pl\/index.php\/wp-json\/wp\/v2\/product"}],"about":[{"href":"https:\/\/www.krajan.pl\/index.php\/wp-json\/wp\/v2\/types\/product"}],"replies":[{"embeddable":true,"href":"https:\/\/www.krajan.pl\/index.php\/wp-json\/wp\/v2\/comments?post=30842"}],"wp:featuredmedia":[{"embeddable":true,"href":"https:\/\/www.krajan.pl\/index.php\/wp-json\/wp\/v2\/media\/30844"}],"wp:attachment":[{"href":"https:\/\/www.krajan.pl\/index.php\/wp-json\/wp\/v2\/media?parent=30842"}],"wp:term":[{"taxonomy":"product_brand","embeddable":true,"href":"https:\/\/www.krajan.pl\/index.php\/wp-json\/wp\/v2\/product_brand?post=30842"},{"taxonomy":"product_cat","embeddable":true,"href":"https:\/\/www.krajan.pl\/index.php\/wp-json\/wp\/v2\/product_cat?post=30842"},{"taxonomy":"product_tag","embeddable":true,"href":"https:\/\/www.krajan.pl\/index.php\/wp-json\/wp\/v2\/product_tag?post=30842"}],"curies":[{"name":"wp","href":"https:\/\/api.w.org\/{rel}","templated":true}]}}