{"id":30121,"date":"2024-12-14T09:39:35","date_gmt":"2024-12-14T08:39:35","guid":{"rendered":"https:\/\/www.krajan.pl\/?post_type=product&#038;p=30121"},"modified":"2024-12-14T09:40:57","modified_gmt":"2024-12-14T08:40:57","slug":"rosa-d-27-m","status":"publish","type":"product","link":"https:\/\/www.krajan.pl\/index.php\/produkt\/rosa-d-27-m\/","title":{"rendered":"Rosa D 2,7 m"},"content":{"rendered":"<p><em>Uwagi:<\/em><\/p>\n<p><em><span class=\"ILfuVd\" lang=\"pl\"><span class=\"hgKElc\">\u00a0Kolory na zdj\u0119ciach\u00a0 mog\u0105 si\u0119 nieznacznie r\u00f3\u017cni\u0107 od rzeczywistych \u2013 wynika to z r\u00f3\u017cnorodno\u015bci dost\u0119pnego sprz\u0119tu komputerowego oraz jego indywidualnych ustawie\u0144 a w szczeg\u00f3lno\u015bci ustawie\u0144 monitora i karty graficznej.<\/span><\/span><\/em><\/p>\n<p>Views: 2<\/p>","protected":false},"excerpt":{"rendered":"<p>Szer- 270cm<\/p>\n<p><strong>Kuchnia ROSA D <\/strong>to prosty w formie, elegancki, a zarazem nowoczesny zestaw szafek kuchennych, wykonany w bardzo popularnym stylu. Na zestaw ten sk\u0142ada si\u0119 7 osobnych szafek, kt\u00f3re mo\u017cna w dowolny spos\u00f3b konfigurowa\u0107, co daje maksimum u\u017cyteczno\u015bci i swobod\u0119 aran\u017cacji. Zestaw mebli kuchennych posiada blat.<br \/>\nMeble s\u0105 nowe, zapakowane w paczkach do samodzielnego monta\u017cu, wraz z czyteln\u0105 instrukcj\u0105 oraz akcesoriami.<\/p>\n<p>G\u00f3rne szafki: 80-60-80<br \/>\nDolne szafki: 80-60-80<br \/>\nPomocnik: 50<br \/>\nBlat kuchenny 2,2 m<\/p>\n<p><strong>Wymiary:<\/strong><\/p>\n<p>\u2013 szafki g\u00f3rne: szer. 220 cm \/ wys.72 cm \/ g\u0142. 30 cm<br \/>\n\u2013 szafki dolne: szer. 220 cm \/ wys.82 cm \/ g\u0142. 47 cm<br \/>\n\u2013 pomocnik: szer.50 cm \/ wys.2,12 cm<\/p>\n<p><strong>Informacje dodatkowe:<\/strong><\/p>\n<ul>\n<li>Blat na szafkach ci\u0119ty w cz\u0119\u015bciach 80-60-80,<\/li>\n<li>Mo\u017cliwo\u015b\u0107 zam\u00f3wienia\u00a0<strong>blatu w ca\u0142o\u015bci,<\/strong><\/li>\n<li>Brak blatu na szafce zlewozmywakowej,mo\u017cliwo\u015b\u0107 dokupienia,<\/li>\n<li>Kolor blatu: gr.28mm,<\/li>\n<li>Korpus i fronty z p\u0142yty laminowanej \u201e16\u201d,<\/li>\n<li>Zawiasy regulowane,<\/li>\n<li>Prowadnice szuflad metalowe\u00a0<strong>METABOX<\/strong>,<\/li>\n<li>G\u00f3rne szafki mocowane na zawieszkach regulowanych ( szyn monta\u017cowych punktowych w komplecie),<\/li>\n<li>solidne n\u00f3\u017cki z tworzywa sztucznego zapewniaj\u0105 stabilno\u015b\u0107 i wytrzyma\u0142o\u015b\u0107,<\/li>\n<li>Kolorystyka front\u00f3w do wyboru,<\/li>\n<li>Szafki kuchenne w gotowych zastawach maj\u0105 standardowe wymiary. Dolne maj\u0105 wysoko\u015b\u0107 82 cm, z blatem o grubo\u015bci 28 mm \u2013 ok.<\/li>\n<li>Kuchnia z wizualizacji wykonana w kolorze: korpus: bia\u0142yt\/front: d\u00f3\u0142 bia\u0142y &#8211; g\u00f3ra wotan<\/li>\n<li>Wszystkie widoczne na zdj\u0119ciach akcesoria np.: sprz\u0119t AGD, panel przy\u015bcienny, okapy, poch\u0142aniacze, artyku\u0142y dekoracyjne\u00a0<strong>NIE<\/strong>\u00a0wchodz\u0105 w sk\u0142ad zestawu.<\/li>\n<\/ul>\n","protected":false},"featured_media":29922,"comment_status":"open","ping_status":"closed","template":"","meta":[],"product_brand":[],"product_cat":[103],"product_tag":[],"class_list":{"0":"post-30121","1":"product","2":"type-product","3":"status-publish","4":"has-post-thumbnail","6":"product_cat-kuchnie","8":"first","9":"instock","10":"shipping-taxable","11":"product-type-variable"},"_links":{"self":[{"href":"https:\/\/www.krajan.pl\/index.php\/wp-json\/wp\/v2\/product\/30121","targetHints":{"allow":["GET"]}}],"collection":[{"href":"https:\/\/www.krajan.pl\/index.php\/wp-json\/wp\/v2\/product"}],"about":[{"href":"https:\/\/www.krajan.pl\/index.php\/wp-json\/wp\/v2\/types\/product"}],"replies":[{"embeddable":true,"href":"https:\/\/www.krajan.pl\/index.php\/wp-json\/wp\/v2\/comments?post=30121"}],"wp:featuredmedia":[{"embeddable":true,"href":"https:\/\/www.krajan.pl\/index.php\/wp-json\/wp\/v2\/media\/29922"}],"wp:attachment":[{"href":"https:\/\/www.krajan.pl\/index.php\/wp-json\/wp\/v2\/media?parent=30121"}],"wp:term":[{"taxonomy":"product_brand","embeddable":true,"href":"https:\/\/www.krajan.pl\/index.php\/wp-json\/wp\/v2\/product_brand?post=30121"},{"taxonomy":"product_cat","embeddable":true,"href":"https:\/\/www.krajan.pl\/index.php\/wp-json\/wp\/v2\/product_cat?post=30121"},{"taxonomy":"product_tag","embeddable":true,"href":"https:\/\/www.krajan.pl\/index.php\/wp-json\/wp\/v2\/product_tag?post=30121"}],"curies":[{"name":"wp","href":"https:\/\/api.w.org\/{rel}","templated":true}]}}