{"id":30111,"date":"2024-12-14T09:39:08","date_gmt":"2024-12-14T08:39:08","guid":{"rendered":"https:\/\/www.krajan.pl\/?post_type=product&#038;p=30111"},"modified":"2025-06-23T11:17:04","modified_gmt":"2025-06-23T09:17:04","slug":"bona-b-12-m","status":"publish","type":"product","link":"https:\/\/www.krajan.pl\/index.php\/produkt\/bona-b-12-m\/","title":{"rendered":"BONA  B 1,2 m"},"content":{"rendered":"<p><em>Uwagi:<\/em><\/p>\n<p><em><span class=\"ILfuVd\" lang=\"pl\"><span class=\"hgKElc\">\u00a0Kolory na zdj\u0119ciach\u00a0 mog\u0105 si\u0119 nieznacznie r\u00f3\u017cni\u0107 od rzeczywistych \u2013 wynika to z r\u00f3\u017cnorodno\u015bci dost\u0119pnego sprz\u0119tu komputerowego oraz jego indywidualnych ustawie\u0144 a w szczeg\u00f3lno\u015bci ustawie\u0144 monitora i karty graficznej.<\/span><\/span><\/em><\/p>\n<p>Views: 12<\/p>","protected":false},"excerpt":{"rendered":"<div class=\"woocommerce-product-details__short-description\">\n<p><strong>Kredens BONA B <\/strong>to prosty w formie, elegancki, a zarazem nowoczesny rega\u0142, wykonany w bardzo popularnym stylu.<br \/>\nMeble s\u0105 nowe, zapakowane w paczkach do samodzielnego monta\u017cu, wraz z czyteln\u0105 instrukcj\u0105 oraz akcesoriami.<\/p>\n<p>&nbsp;<\/p>\n<p><strong>Wymiary:<\/strong><\/p>\n<p>\u2013\u00a0 szer. 120 cm \/ wys.200 cm \/ g\u0142. 43 cm<\/p>\n<p><strong>Informacje dodatkowe:<\/strong><\/p>\n<div id=\"module_gallery\" class=\"module\">\n<ul>\n<li>Korpus i fronty z p\u0142yty laminowanej \u201e16\u201d,<\/li>\n<li>Zawiasy regulowane,<\/li>\n<li>Prowadnice szuflad metalowe rolkowe,<\/li>\n<li>solidne n\u00f3\u017cki z tworzywa sztucznego zapewniaj\u0105 stabilno\u015b\u0107 i wytrzyma\u0142o\u015b\u0107,<\/li>\n<li>Kolorystyka front\u00f3w do wyboru,<\/li>\n<\/ul>\n<div id=\"module_gallery\" class=\"module\">\n<ul>\n<li>Kredens z wizualizacji wykonana w kolorze: bia\u0142y\/ bellato szary<\/li>\n<li>Wszystkie widoczne na zdj\u0119ciach akcesoria np.: sprz\u0119t AGD, panel przy\u015bcienny, okapy, poch\u0142aniacze, artyku\u0142y dekoracyjne <strong>NIE<\/strong> wchodz\u0105 w sk\u0142ad zestawu.<\/li>\n<\/ul>\n<\/div>\n<\/div>\n<\/div>\n","protected":false},"featured_media":28843,"comment_status":"open","ping_status":"closed","template":"","meta":[],"product_brand":[],"product_cat":[103],"product_tag":[],"class_list":{"0":"post-30111","1":"product","2":"type-product","3":"status-publish","4":"has-post-thumbnail","6":"product_cat-kuchnie","8":"first","9":"instock","10":"shipping-taxable","11":"product-type-variable"},"_links":{"self":[{"href":"https:\/\/www.krajan.pl\/index.php\/wp-json\/wp\/v2\/product\/30111","targetHints":{"allow":["GET"]}}],"collection":[{"href":"https:\/\/www.krajan.pl\/index.php\/wp-json\/wp\/v2\/product"}],"about":[{"href":"https:\/\/www.krajan.pl\/index.php\/wp-json\/wp\/v2\/types\/product"}],"replies":[{"embeddable":true,"href":"https:\/\/www.krajan.pl\/index.php\/wp-json\/wp\/v2\/comments?post=30111"}],"wp:featuredmedia":[{"embeddable":true,"href":"https:\/\/www.krajan.pl\/index.php\/wp-json\/wp\/v2\/media\/28843"}],"wp:attachment":[{"href":"https:\/\/www.krajan.pl\/index.php\/wp-json\/wp\/v2\/media?parent=30111"}],"wp:term":[{"taxonomy":"product_brand","embeddable":true,"href":"https:\/\/www.krajan.pl\/index.php\/wp-json\/wp\/v2\/product_brand?post=30111"},{"taxonomy":"product_cat","embeddable":true,"href":"https:\/\/www.krajan.pl\/index.php\/wp-json\/wp\/v2\/product_cat?post=30111"},{"taxonomy":"product_tag","embeddable":true,"href":"https:\/\/www.krajan.pl\/index.php\/wp-json\/wp\/v2\/product_tag?post=30111"}],"curies":[{"name":"wp","href":"https:\/\/api.w.org\/{rel}","templated":true}]}}