{"id":30092,"date":"2024-12-14T09:39:05","date_gmt":"2024-12-14T08:39:05","guid":{"rendered":"https:\/\/www.krajan.pl\/?post_type=product&#038;p=30092"},"modified":"2025-06-23T11:17:03","modified_gmt":"2025-06-23T09:17:03","slug":"dana","status":"publish","type":"product","link":"https:\/\/www.krajan.pl\/index.php\/produkt\/dana\/","title":{"rendered":"Dana"},"content":{"rendered":"<p>Views: 22<\/p>","protected":false},"excerpt":{"rendered":"<div id=\"box_bottom\">\n<div class=\"paleta_box\">\n<div>\n<p>Szer- 310cm<\/p>\n<p><strong>Kuchnia DANA <\/strong>to prosty w formie, elegancki, a zarazem nowoczesny zestaw szafek kuchennych, wykonany w bardzo popularnym stylu. Na zestaw ten sk\u0142ada si\u0119 7 osobnych szafek, kt\u00f3re mo\u017cna w dowolny spos\u00f3b konfigurowa\u0107, co daje maksimum u\u017cyteczno\u015bci i swobod\u0119 aran\u017cacji. Zestaw mebli kuchennych posiada blat.<br \/>\nMeble s\u0105 nowe, zapakowane w paczkach do samodzielnego monta\u017cu, wraz z czyteln\u0105 instrukcj\u0105 oraz akcesoriami.<\/p>\n<p>G\u00f3rne szafki:-100-60-100<br \/>\nDolne szafki: 100-60-100<br \/>\nPomocnik: 50<\/p>\n<p><strong>Wymiary:<\/strong><\/p>\n<p>\u2013 szafki g\u00f3rne: szer.260 cm \/ wys.92 cm \/ g\u0142. XX cm<br \/>\n\u2013 szafki dolne: szer. 260 cm \/ wys.82 cm \/ g\u0142. XX cm<br \/>\n\u2013 pomocnik: szer.50 cm \/ wys.2,27 cm<\/p>\n<p><strong>Informacje dodatkowe:<\/strong><\/p>\n<ul style=\"list-style-type: disc;\">\n<li>Blat na szafkach ci\u0119ty w cz\u0119\u015bciach 100-60-100,<\/li>\n<li>Mo\u017cliwo\u015b\u0107 zam\u00f3wienia\u00a0<strong>blatu w ca\u0142o\u015bci, <\/strong><\/li>\n<li>Kolor blatu: marmur jasny, gr.28mm,<\/li>\n<li>Korpus i fronty z p\u0142yty laminowanej \u201e16\u201d,<\/li>\n<li>Zawiasy regulowane,<\/li>\n<li>Prowadnice szuflad metalowe <strong>METABOX<\/strong>,<\/li>\n<li>G\u00f3rne szafki mocowane na zawieszkach regulowanych ( szyn monta\u017cowych punktowych w komplecie),<\/li>\n<li>Kolorystyka front\u00f3w do wyboru,<\/li>\n<li>Szafki kuchenne w gotowych zastawach maj\u0105 standardowe wymiary. Dolne maj\u0105 wysoko\u015b\u0107 82 cm, z blatem o grubo\u015bci 28 mm \u2013 ok. 85 cm.<\/li>\n<\/ul>\n<div id=\"module_gallery\" class=\"module\">\n<ul style=\"list-style-type: disc;\">\n<li>Kuchnia z wizualizacji wykonana w kolorze:d\u00f3\u0142- czekolada\/g\u00f3ra-bia\u0142y<\/li>\n<li>Wszystkie widoczne na zdj\u0119ciach akcesoria np.: sprz\u0119t AGD, panel przy\u015bcienny, okapy, poch\u0142aniacze, artyku\u0142y dekoracyjne <strong>NIE<\/strong> wchodz\u0105 w sk\u0142ad zestawu.<\/li>\n<\/ul>\n<\/div>\n<\/div>\n<\/div>\n<\/div>\n","protected":false},"featured_media":28817,"comment_status":"open","ping_status":"closed","template":"","meta":[],"product_brand":[],"product_cat":[103],"product_tag":[],"class_list":{"0":"post-30092","1":"product","2":"type-product","3":"status-publish","4":"has-post-thumbnail","6":"product_cat-kuchnie","8":"first","9":"instock","10":"shipping-taxable","11":"product-type-variable"},"_links":{"self":[{"href":"https:\/\/www.krajan.pl\/index.php\/wp-json\/wp\/v2\/product\/30092","targetHints":{"allow":["GET"]}}],"collection":[{"href":"https:\/\/www.krajan.pl\/index.php\/wp-json\/wp\/v2\/product"}],"about":[{"href":"https:\/\/www.krajan.pl\/index.php\/wp-json\/wp\/v2\/types\/product"}],"replies":[{"embeddable":true,"href":"https:\/\/www.krajan.pl\/index.php\/wp-json\/wp\/v2\/comments?post=30092"}],"wp:featuredmedia":[{"embeddable":true,"href":"https:\/\/www.krajan.pl\/index.php\/wp-json\/wp\/v2\/media\/28817"}],"wp:attachment":[{"href":"https:\/\/www.krajan.pl\/index.php\/wp-json\/wp\/v2\/media?parent=30092"}],"wp:term":[{"taxonomy":"product_brand","embeddable":true,"href":"https:\/\/www.krajan.pl\/index.php\/wp-json\/wp\/v2\/product_brand?post=30092"},{"taxonomy":"product_cat","embeddable":true,"href":"https:\/\/www.krajan.pl\/index.php\/wp-json\/wp\/v2\/product_cat?post=30092"},{"taxonomy":"product_tag","embeddable":true,"href":"https:\/\/www.krajan.pl\/index.php\/wp-json\/wp\/v2\/product_tag?post=30092"}],"curies":[{"name":"wp","href":"https:\/\/api.w.org\/{rel}","templated":true}]}}