{"id":30090,"date":"2024-12-14T09:39:05","date_gmt":"2024-12-14T08:39:05","guid":{"rendered":"https:\/\/www.krajan.pl\/?post_type=product&#038;p=30090"},"modified":"2026-04-01T12:38:12","modified_gmt":"2026-04-01T10:38:12","slug":"agata-26-m","status":"publish","type":"product","link":"https:\/\/www.krajan.pl\/index.php\/produkt\/agata-26-m\/","title":{"rendered":"Agata 2,6 m"},"content":{"rendered":"<p><em>Uwagi:<\/em><\/p>\n<p><em><span class=\"ILfuVd\" lang=\"pl\"><span class=\"hgKElc\">\u00a0Kolory na zdj\u0119ciach\u00a0 mog\u0105 si\u0119 nieznacznie r\u00f3\u017cni\u0107 od rzeczywistych \u2013 wynika to z r\u00f3\u017cnorodno\u015bci dost\u0119pnego sprz\u0119tu komputerowego oraz jego indywidualnych ustawie\u0144 a w szczeg\u00f3lno\u015bci ustawie\u0144 monitora i karty graficznej.<\/span><\/span><\/em><\/p>\n<p>Views: 57<\/p>","protected":false},"excerpt":{"rendered":"<div class=\"paleta_box\">\n<div>\n<p>Szer- 260cm<\/p>\n<p><strong>Kuchnia AGATA <\/strong>to prosty w formie, elegancki, a zarazem nowoczesny zestaw szafek kuchennych, wykonany w bardzo popularnym stylu. Na zestaw ten sk\u0142ada si\u0119 8 osobnych szafek, kt\u00f3re mo\u017cna w dowolny spos\u00f3b konfigurowa\u0107, co daje maksimum u\u017cyteczno\u015bci i swobod\u0119 aran\u017cacji. Zestaw mebli kuchennych posiada blat.<br \/>\nMeble s\u0105 nowe, zapakowane w paczkach do samodzielnego monta\u017cu, wraz z czyteln\u0105 instrukcj\u0105 oraz akcesoriami.<\/p>\n<p>G\u00f3rne szafki:-80-80-60-40<br \/>\nDolne szafki: 80-80-60-40<br \/>\nBlat kuchenny: 1,8 m<\/p>\n<p><strong>Wymiary:<\/strong><\/p>\n<p>\u2013 szafki g\u00f3rne: szer.260 cm \/ wys.60 cm \/ g\u0142. 30 cm<br \/>\n\u2013 szafki dolne: szer. 260 cm \/ wys.82 cm \/ g\u0142. 47 cm<\/p>\n<p><strong>Informacje dodatkowe:<\/strong><\/p>\n<ul>\n<li style=\"list-style-type: none;\">-Blat na szafkach ci\u0119ty w cz\u0119\u015bciach 80-60-40,<\/li>\n<li style=\"list-style-type: none;\">-Mo\u017cliwo\u015b\u0107 zam\u00f3wienia blatu w ca\u0142o\u015bci,<\/li>\n<li style=\"list-style-type: none;\">-Brak blatu na szafce zlewozmywakowej (mo\u017cliwo\u015b\u0107 dokupienia),<\/li>\n<li style=\"list-style-type: none;\">-Kolor blatu: gr.28mm,<\/li>\n<li style=\"list-style-type: none;\">-Korpus i fronty z p\u0142yty laminowanej \u201e16\u201d,<\/li>\n<li style=\"list-style-type: none;\">-Zawiasy regulowane,<\/li>\n<li style=\"list-style-type: none;\">-Prowadnice szuflad metalowe rolkowe,<\/li>\n<li style=\"list-style-type: none;\">-G\u00f3rne szafki mocowane na zawieszkach regulowanych ( szyn monta\u017cowych punktowych w komplecie),<\/li>\n<li style=\"list-style-type: none;\">-Kolorystyka front\u00f3w do wyboru,<\/li>\n<li style=\"list-style-type: none;\">-Szafki kuchenne w gotowych zastawach maj\u0105 standardowe wymiary. Dolne maj\u0105 wysoko\u015b\u0107 82 cm, z blatem o grubo\u015bci 28 mm \u2013 ok. 85 cm.\n<div class=\"module\">-Kuchnia z wizualizacji wykonana w kolorze: orzech<\/div>\n<p>&nbsp;<\/li>\n<li style=\"list-style-type: none;\"><strong>Dost\u0119pna kolorystyka:<\/strong><\/li>\n<li>sonoma<\/li>\n<li>artisan<\/li>\n<li>trufel<\/li>\n<li>orzech<\/li>\n<li style=\"list-style-type: none;\"><\/li>\n<li style=\"list-style-type: none;\">\n<div id=\"module_gallery\" class=\"module\"><\/div>\n<\/li>\n<\/ul>\n<p>Wszystkie widoczne na zdj\u0119ciach akcesoria np.: sprz\u0119t AGD, panel przy\u015bcienny, okapy, poch\u0142aniacze, artyku\u0142y dekoracyjne <strong>NIE<\/strong> wchodz\u0105 w sk\u0142ad zestawu.<\/p>\n<\/div>\n<\/div>\n","protected":false},"featured_media":31275,"comment_status":"open","ping_status":"closed","template":"","meta":[],"product_brand":[],"product_cat":[103],"product_tag":[],"class_list":{"0":"post-30090","1":"product","2":"type-product","3":"status-publish","4":"has-post-thumbnail","6":"product_cat-kuchnie","8":"first","9":"instock","10":"shipping-taxable","11":"product-type-variable"},"_links":{"self":[{"href":"https:\/\/www.krajan.pl\/index.php\/wp-json\/wp\/v2\/product\/30090","targetHints":{"allow":["GET"]}}],"collection":[{"href":"https:\/\/www.krajan.pl\/index.php\/wp-json\/wp\/v2\/product"}],"about":[{"href":"https:\/\/www.krajan.pl\/index.php\/wp-json\/wp\/v2\/types\/product"}],"replies":[{"embeddable":true,"href":"https:\/\/www.krajan.pl\/index.php\/wp-json\/wp\/v2\/comments?post=30090"}],"wp:featuredmedia":[{"embeddable":true,"href":"https:\/\/www.krajan.pl\/index.php\/wp-json\/wp\/v2\/media\/31275"}],"wp:attachment":[{"href":"https:\/\/www.krajan.pl\/index.php\/wp-json\/wp\/v2\/media?parent=30090"}],"wp:term":[{"taxonomy":"product_brand","embeddable":true,"href":"https:\/\/www.krajan.pl\/index.php\/wp-json\/wp\/v2\/product_brand?post=30090"},{"taxonomy":"product_cat","embeddable":true,"href":"https:\/\/www.krajan.pl\/index.php\/wp-json\/wp\/v2\/product_cat?post=30090"},{"taxonomy":"product_tag","embeddable":true,"href":"https:\/\/www.krajan.pl\/index.php\/wp-json\/wp\/v2\/product_tag?post=30090"}],"curies":[{"name":"wp","href":"https:\/\/api.w.org\/{rel}","templated":true}]}}