{"id":29619,"date":"2024-12-07T10:40:49","date_gmt":"2024-12-07T09:40:49","guid":{"rendered":"https:\/\/www.krajan.pl\/?post_type=product&#038;p=29619"},"modified":"2025-09-26T09:48:42","modified_gmt":"2025-09-26T07:48:42","slug":"aza","status":"publish","type":"product","link":"https:\/\/www.krajan.pl\/index.php\/produkt\/aza\/","title":{"rendered":"AZA"},"content":{"rendered":"<p><em>Uwagi:j<\/em><\/p>\n<p><em><span class=\"ILfuVd\" lang=\"pl\"><span class=\"hgKElc\">\u00a0Kolory na zdj\u0119ciach\u00a0 mog\u0105 si\u0119 nieznacznie r\u00f3\u017cni\u0107 od rzeczywistych \u2013 wynika to z r\u00f3\u017cnorodno\u015bci dost\u0119pnego sprz\u0119tu komputerowego oraz jego indywidualnych ustawie\u0144 a w szczeg\u00f3lno\u015bci ustawie\u0144 monitora i karty graficznej.<\/span><\/span><\/em><\/p>\n<p>Views: 8<\/p>","protected":false},"excerpt":{"rendered":"<p><strong>Nowoczesna i pojemna szafa AZA<\/strong>\u00a0 w bardzo modnym i eleganckim wygl\u0105dzie, kt\u00f3ra posiada dwoje przesuwnych drzwi. Jej niepowtarzalny charakter nada urok ka\u017cdemu pomieszczeniu. Szafa wykonana z najwy\u017cszej jako\u015bci materia\u0142\u00f3w, spe\u0142ni oczekiwania nawet najbardziej wymagaj\u0105cych klient\u00f3w. Na przesuwnych drzwiach zamontowano aluminiowe uchwyty u\u0142atwiaj\u0105ce otwieranie i zamykanie. Korpus i fronty szafy wykonany z p\u0142yty laminowanej w kolorze: czekolada<\/p>\n<p><strong>Wymiary:<\/strong><\/p>\n<p><strong>\u2013 <\/strong>szeroko\u015b\u0107 180 cm \/ wysoko\u015b\u0107 200 cm \/ g\u0142\u0119boko\u015b\u0107 65 cm<\/p>\n<p><strong>Informacje dodatkowe:<\/strong><\/p>\n<p>\u2013 zastosowano najwy\u017cszej jako\u015bci system przesuwny,<br \/>\n\u2013 wn\u0119trze wyposa\u017cone w dr\u0105\u017cki na wieszaki oraz p\u00f3\u0142ki,<br \/>\n\u2013 meble s\u0105 nowe, zapakowane w paczkach do samodzielnego monta\u017cu, wraz z czyteln\u0105 instrukcj\u0105 oraz akcesoriami.<\/p>\n","protected":false},"featured_media":31060,"comment_status":"open","ping_status":"closed","template":"","meta":[],"product_brand":[],"product_cat":[195,200],"product_tag":[],"class_list":{"0":"post-29619","1":"product","2":"type-product","3":"status-publish","4":"has-post-thumbnail","6":"product_cat-szafy-otwierane","7":"product_cat-szafy-przesuwne","8":"pa_kolor-artisan","9":"pa_kolor-czekolada","10":"pa_kolor-lefkas-ciemny","11":"pa_kolor-sonoma","12":"pa_kolor-trufel","13":"pa_kolor-wellington","14":"pa_kolor-wilton","16":"first","17":"instock","18":"shipping-taxable","19":"product-type-variable"},"_links":{"self":[{"href":"https:\/\/www.krajan.pl\/index.php\/wp-json\/wp\/v2\/product\/29619","targetHints":{"allow":["GET"]}}],"collection":[{"href":"https:\/\/www.krajan.pl\/index.php\/wp-json\/wp\/v2\/product"}],"about":[{"href":"https:\/\/www.krajan.pl\/index.php\/wp-json\/wp\/v2\/types\/product"}],"replies":[{"embeddable":true,"href":"https:\/\/www.krajan.pl\/index.php\/wp-json\/wp\/v2\/comments?post=29619"}],"wp:featuredmedia":[{"embeddable":true,"href":"https:\/\/www.krajan.pl\/index.php\/wp-json\/wp\/v2\/media\/31060"}],"wp:attachment":[{"href":"https:\/\/www.krajan.pl\/index.php\/wp-json\/wp\/v2\/media?parent=29619"}],"wp:term":[{"taxonomy":"product_brand","embeddable":true,"href":"https:\/\/www.krajan.pl\/index.php\/wp-json\/wp\/v2\/product_brand?post=29619"},{"taxonomy":"product_cat","embeddable":true,"href":"https:\/\/www.krajan.pl\/index.php\/wp-json\/wp\/v2\/product_cat?post=29619"},{"taxonomy":"product_tag","embeddable":true,"href":"https:\/\/www.krajan.pl\/index.php\/wp-json\/wp\/v2\/product_tag?post=29619"}],"curies":[{"name":"wp","href":"https:\/\/api.w.org\/{rel}","templated":true}]}}