{"id":29614,"date":"2024-12-07T10:40:48","date_gmt":"2024-12-07T09:40:48","guid":{"rendered":"https:\/\/www.krajan.pl\/?post_type=product&#038;p=29614"},"modified":"2026-03-02T10:03:27","modified_gmt":"2026-03-02T09:03:27","slug":"atlas-b-lustro","status":"publish","type":"product","link":"https:\/\/www.krajan.pl\/index.php\/produkt\/atlas-b-lustro\/","title":{"rendered":"Atlas B Lustro"},"content":{"rendered":"<p>&#8217;<br \/>\n<em>Uwagi:<\/em><\/p>\n<p><em><span class=\"ILfuVd\" lang=\"pl\"><span class=\"hgKElc\">\u00a0Kolory na zdj\u0119ciach\u00a0 mog\u0105 si\u0119 nieznacznie r\u00f3\u017cni\u0107 od rzeczywistych \u2013 wynika to z r\u00f3\u017cnorodno\u015bci dost\u0119pnego sprz\u0119tu komputerowego oraz jego indywidualnych ustawie\u0144 a w szczeg\u00f3lno\u015bci ustawie\u0144 monitora i karty graficznej.<\/span><\/span><\/em><\/p>\n<p>Views: 13<\/p>","protected":false},"excerpt":{"rendered":"<p>Szer.\/wys.\/g\u0142.: 200\/200\/65 cm<\/p>\n<p><strong>ATLAS B<\/strong> to nowoczesna i pojemna szafa przesuwna z lustrami. Szafa sprawdzi si\u0119 w eleganckiej sypialni, przedpokoju, a nawet w pokoju m\u0142odzie\u017cowym. Zosta\u0142a wykonana z wysokogatunkowej p\u0142yty laminowanej. Doskona\u0142ym zwie\u0144czeniem jest du\u017ce lustro<strong>,<\/strong> kt\u00f3re nie tylko pozwoli Ci dopi\u0105\u0107 stylizacj\u0119, ale tak\u017ce optycznie powi\u0119kszy pomieszczenie i znacz\u0105co je rozja\u015bni. Wewn\u0105trz szafy znajduj\u0105 si\u0119 praktyczne p\u00f3\u0142ki, dwie szuflady oraz dr\u0105\u017cki na wieszaki. Szafa dost\u0119pna w r\u00f3\u017cnych kolorach.<\/p>\n<p><strong>Wymiary:<\/strong><\/p>\n<p>\u2013 szeroko\u015b\u0107 200 cm \/ wysoko\u015b\u0107 200 cm \/ g\u0142\u0119boko\u015b\u0107 65 cm<\/p>\n<p><strong>Informacje dodatkowe:<\/strong><\/p>\n<div id=\"module_gallery\" class=\"module\">\u2013 w \u015brodku szafy 2 szuflady,<\/div>\n<div>\u2013 fronty w ramce aluminiowej,<\/div>\n<div>\u2013 aluminiowe prowadnice oraz profile boczne,<\/div>\n<div>\u2013 front szafy (drzwi przesuwne) zosta\u0142 wykonany z p\u0142yty laminowanej wyko\u0144czonej lustrem oraz ozdobnymi elementami aluminiowymi.<\/div>\n<div>\u2013 meble s\u0105 nowe, zapakowane w paczkach do samodzielnego monta\u017cu, wraz z czyteln\u0105 instrukcj\u0105 oraz akcesoriami.<br \/>\n\u2013 szafa z wizualizacji wykonana w kolorze: czekolada\/skalny<\/div>\n<p>&nbsp;<\/p>\n","protected":false},"featured_media":31198,"comment_status":"open","ping_status":"closed","template":"","meta":[],"product_brand":[],"product_cat":[200],"product_tag":[],"class_list":{"0":"post-29614","1":"product","2":"type-product","3":"status-publish","4":"has-post-thumbnail","6":"product_cat-szafy-przesuwne","7":"pa_kolor-wenge-bialy","8":"pa_kolor-wenge-dab-latte","9":"pa_kolor-wenge-sonoma","10":"pa_kolor-wenge-sosna-anderson","11":"pa_kolor-wenge-wilton","12":"pa_kolor-wenge-wotan","14":"first","15":"instock","16":"shipping-taxable","17":"product-type-variable"},"_links":{"self":[{"href":"https:\/\/www.krajan.pl\/index.php\/wp-json\/wp\/v2\/product\/29614","targetHints":{"allow":["GET"]}}],"collection":[{"href":"https:\/\/www.krajan.pl\/index.php\/wp-json\/wp\/v2\/product"}],"about":[{"href":"https:\/\/www.krajan.pl\/index.php\/wp-json\/wp\/v2\/types\/product"}],"replies":[{"embeddable":true,"href":"https:\/\/www.krajan.pl\/index.php\/wp-json\/wp\/v2\/comments?post=29614"}],"wp:featuredmedia":[{"embeddable":true,"href":"https:\/\/www.krajan.pl\/index.php\/wp-json\/wp\/v2\/media\/31198"}],"wp:attachment":[{"href":"https:\/\/www.krajan.pl\/index.php\/wp-json\/wp\/v2\/media?parent=29614"}],"wp:term":[{"taxonomy":"product_brand","embeddable":true,"href":"https:\/\/www.krajan.pl\/index.php\/wp-json\/wp\/v2\/product_brand?post=29614"},{"taxonomy":"product_cat","embeddable":true,"href":"https:\/\/www.krajan.pl\/index.php\/wp-json\/wp\/v2\/product_cat?post=29614"},{"taxonomy":"product_tag","embeddable":true,"href":"https:\/\/www.krajan.pl\/index.php\/wp-json\/wp\/v2\/product_tag?post=29614"}],"curies":[{"name":"wp","href":"https:\/\/api.w.org\/{rel}","templated":true}]}}