{"id":29606,"date":"2024-12-07T10:40:29","date_gmt":"2024-12-07T09:40:29","guid":{"rendered":"https:\/\/www.krajan.pl\/?post_type=product&#038;p=29606"},"modified":"2026-02-25T11:36:07","modified_gmt":"2026-02-25T10:36:07","slug":"ksenia-szafa-ks-1","status":"publish","type":"product","link":"https:\/\/www.krajan.pl\/index.php\/produkt\/ksenia-szafa-ks-1\/","title":{"rendered":"KSENIA Szafa KS-1"},"content":{"rendered":"<p><em>Uwagi:<\/em><\/p>\n<p><em><span class=\"ILfuVd\" lang=\"pl\"><span class=\"hgKElc\">\u00a0Kolory na zdj\u0119ciach\u00a0 mog\u0105 si\u0119 nieznacznie r\u00f3\u017cni\u0107 od rzeczywistych \u2013 wynika to z r\u00f3\u017cnorodno\u015bci dost\u0119pnego sprz\u0119tu komputerowego oraz jego indywidualnych ustawie\u0144 a w szczeg\u00f3lno\u015bci ustawie\u0144 monitora i karty graficznej.<\/span><\/span><\/em><\/p>\n<p>Views: 3<\/p>","protected":false},"excerpt":{"rendered":"<p>Szer.\/wys.\/g\u0142.: 200\/211\/64 cm<\/p>\n<p><strong>Pojemna szafa przesuwna KSENIA<\/strong>. Nowoczesna forma szafy idealnie sprawdzi si\u0119 w pokoju m\u0142odzie\u017cowym a tak\u017ce nowocze\u015bnie urz\u0105dzonej sypialni czy przedpokoju . Mebel wykonany z wysokogatunkowej p\u0142yty laminowanej. Na przesuwnych drzwiach zamontowano aluminiowe uchwyty u\u0142atwiaj\u0105ce otwieranie i zamykanie.<\/p>\n<p><strong>Wymiary:<\/strong><\/p>\n<p>\u2013 szeroko\u015b\u0107 200 cm \/ wysoko\u015b\u0107 211 cm \/ g\u0142\u0119boko\u015b\u0107 64 cm<\/p>\n<p><strong>Informacje dodatkowe:<\/strong><\/p>\n<p>\u2013 zastosowano najwy\u017cszej jako\u015bci system przesuwny; System superior Laguna,<br \/>\n\u2013 wn\u0119trze wyposa\u017cone w dr\u0105\u017cki na wieszaki oraz 4 x p\u00f3\u0142ki,<br \/>\n\u2013 uchwyty aluminiowe,<br \/>\n\u2013 meble s\u0105 nowe, zapakowane w paczkach do samodzielnego monta\u017cu, wraz z czyteln\u0105 instrukcj\u0105 oraz akcesoriami.<br \/>\n\u2013 szafa z wizualizacji wykonana w kolorze: trufel\/sosna krem(UWAGA!!!KOLOR NIEDOST\u0118PNY)<\/p>\n<p>&nbsp;<\/p>\n<div id=\"box_bottom\">\n<div class=\"paleta_box\">\n<div class=\"paleta\"><\/div>\n<\/div>\n<\/div>\n","protected":false},"featured_media":31210,"comment_status":"open","ping_status":"closed","template":"","meta":[],"product_brand":[],"product_cat":[230,200],"product_tag":[],"class_list":{"0":"post-29606","1":"product","2":"type-product","3":"status-publish","4":"has-post-thumbnail","6":"product_cat-ksenia","7":"product_cat-szafy-przesuwne","8":"pa_kolor-lefkas-ciemny-anderson","9":"pa_kolor-trufel-willton","11":"first","12":"instock","13":"shipping-taxable","14":"product-type-variable"},"_links":{"self":[{"href":"https:\/\/www.krajan.pl\/index.php\/wp-json\/wp\/v2\/product\/29606","targetHints":{"allow":["GET"]}}],"collection":[{"href":"https:\/\/www.krajan.pl\/index.php\/wp-json\/wp\/v2\/product"}],"about":[{"href":"https:\/\/www.krajan.pl\/index.php\/wp-json\/wp\/v2\/types\/product"}],"replies":[{"embeddable":true,"href":"https:\/\/www.krajan.pl\/index.php\/wp-json\/wp\/v2\/comments?post=29606"}],"wp:featuredmedia":[{"embeddable":true,"href":"https:\/\/www.krajan.pl\/index.php\/wp-json\/wp\/v2\/media\/31210"}],"wp:attachment":[{"href":"https:\/\/www.krajan.pl\/index.php\/wp-json\/wp\/v2\/media?parent=29606"}],"wp:term":[{"taxonomy":"product_brand","embeddable":true,"href":"https:\/\/www.krajan.pl\/index.php\/wp-json\/wp\/v2\/product_brand?post=29606"},{"taxonomy":"product_cat","embeddable":true,"href":"https:\/\/www.krajan.pl\/index.php\/wp-json\/wp\/v2\/product_cat?post=29606"},{"taxonomy":"product_tag","embeddable":true,"href":"https:\/\/www.krajan.pl\/index.php\/wp-json\/wp\/v2\/product_tag?post=29606"}],"curies":[{"name":"wp","href":"https:\/\/api.w.org\/{rel}","templated":true}]}}