{"id":29604,"date":"2024-12-07T10:40:28","date_gmt":"2024-12-07T09:40:28","guid":{"rendered":"https:\/\/www.krajan.pl\/?post_type=product&#038;p=29604"},"modified":"2026-02-20T11:59:32","modified_gmt":"2026-02-20T10:59:32","slug":"venesa-szafa-v-5","status":"publish","type":"product","link":"https:\/\/www.krajan.pl\/index.php\/produkt\/venesa-szafa-v-5\/","title":{"rendered":"VENESA Szafa V-5"},"content":{"rendered":"<p><em>Uwagi:<\/em><\/p>\n<p><em><span class=\"ILfuVd\" lang=\"pl\"><span class=\"hgKElc\">\u00a0Kolory na zdj\u0119ciach\u00a0 mog\u0105 si\u0119 nieznacznie r\u00f3\u017cni\u0107 od rzeczywistych \u2013 wynika to z r\u00f3\u017cnorodno\u015bci dost\u0119pnego sprz\u0119tu komputerowego oraz jego indywidualnych ustawie\u0144 a w szczeg\u00f3lno\u015bci ustawie\u0144 monitora i karty graficznej.<\/span><\/span><\/em><\/p>\n<p>Views: 6<\/p>","protected":false},"excerpt":{"rendered":"<p>Szer.\/wys.\/g\u0142.:200\/211\/62 cm<\/p>\n<p><strong>VENESA<\/strong> to nowoczesna i pojemna szafa przesuwna z lustrami. Szafa sprawdzi si\u0119 w eleganckiej sypialni, przedpokoju, a nawet w pokoju m\u0142odzie\u017cowym. Zosta\u0142a wykonana z wysokogatunkowej p\u0142yty laminowanej. Doskona\u0142ym zwie\u0144czeniem s\u0105 du\u017ce lustra<strong>,<\/strong> kt\u00f3re nie tylko pozwoli Ci dopi\u0105\u0107 stylizacj\u0119, ale tak\u017ce optycznie powi\u0119kszy pomieszczenie i znacz\u0105co je rozja\u015bni. Wewn\u0105trz szafy znajduj\u0105 si\u0119 praktyczne p\u00f3\u0142ki, oraz dr\u0105\u017cki na wieszaki. Szafa dost\u0119pna w r\u00f3\u017cnych kolorach.<\/p>\n<div id=\"box_bottom\">\n<h3 class=\"nag_min\"><\/h3>\n<\/div>\n","protected":false},"featured_media":31183,"comment_status":"open","ping_status":"closed","template":"","meta":[],"product_brand":[],"product_cat":[200,223],"product_tag":[],"class_list":{"0":"post-29604","1":"product","2":"type-product","3":"status-publish","4":"has-post-thumbnail","6":"product_cat-szafy-przesuwne","7":"product_cat-venesa","8":"pa_kolor-bialy-congo","9":"pa_kolor-czekolada-sonoma","10":"pa_kolor-syrach-congo","11":"pa_kolor-trufel-congo","12":"pa_kolor-trufel-willton","13":"pa_kolor-wellington-syrach","15":"first","16":"instock","17":"shipping-taxable","18":"product-type-variable"},"_links":{"self":[{"href":"https:\/\/www.krajan.pl\/index.php\/wp-json\/wp\/v2\/product\/29604","targetHints":{"allow":["GET"]}}],"collection":[{"href":"https:\/\/www.krajan.pl\/index.php\/wp-json\/wp\/v2\/product"}],"about":[{"href":"https:\/\/www.krajan.pl\/index.php\/wp-json\/wp\/v2\/types\/product"}],"replies":[{"embeddable":true,"href":"https:\/\/www.krajan.pl\/index.php\/wp-json\/wp\/v2\/comments?post=29604"}],"wp:featuredmedia":[{"embeddable":true,"href":"https:\/\/www.krajan.pl\/index.php\/wp-json\/wp\/v2\/media\/31183"}],"wp:attachment":[{"href":"https:\/\/www.krajan.pl\/index.php\/wp-json\/wp\/v2\/media?parent=29604"}],"wp:term":[{"taxonomy":"product_brand","embeddable":true,"href":"https:\/\/www.krajan.pl\/index.php\/wp-json\/wp\/v2\/product_brand?post=29604"},{"taxonomy":"product_cat","embeddable":true,"href":"https:\/\/www.krajan.pl\/index.php\/wp-json\/wp\/v2\/product_cat?post=29604"},{"taxonomy":"product_tag","embeddable":true,"href":"https:\/\/www.krajan.pl\/index.php\/wp-json\/wp\/v2\/product_tag?post=29604"}],"curies":[{"name":"wp","href":"https:\/\/api.w.org\/{rel}","templated":true}]}}