{"id":29597,"date":"2024-12-07T10:40:27","date_gmt":"2024-12-07T09:40:27","guid":{"rendered":"https:\/\/www.krajan.pl\/?post_type=product&#038;p=29597"},"modified":"2026-03-04T11:33:50","modified_gmt":"2026-03-04T10:33:50","slug":"luna-a-180-m","status":"publish","type":"product","link":"https:\/\/www.krajan.pl\/index.php\/produkt\/luna-a-180-m\/","title":{"rendered":"LUNA A-1,80 m"},"content":{"rendered":"<p><em>Uwagi:<\/em><\/p>\n<p><em><span class=\"ILfuVd\" lang=\"pl\"><span class=\"hgKElc\">\u00a0Kolory na zdj\u0119ciach\u00a0 mog\u0105 si\u0119 nieznacznie r\u00f3\u017cni\u0107 od rzeczywistych \u2013 wynika to z r\u00f3\u017cnorodno\u015bci dost\u0119pnego sprz\u0119tu komputerowego oraz jego indywidualnych ustawie\u0144 a w szczeg\u00f3lno\u015bci ustawie\u0144 monitora i karty graficznej.<\/span><\/span><\/em><\/p>\n<p>Views: 8<\/p>","protected":false},"excerpt":{"rendered":"<p><span style=\"font-size: 12pt;\">Szer.\/wys.\/g\u0142.: 180\/212\/65cm<\/span><\/p>\n<p><strong>Pojemna szafa przesuwna LUNA A<\/strong>. Nowoczesna forma szafy idealnie sprawdzi si\u0119 w pokoju m\u0142odzie\u017cowym a tak\u017ce nowocze\u015bnie urz\u0105dzonej sypialni czy przedpokoju . Mebel wykonany z wysokogatunkowej p\u0142yty laminowanej. Na przesuwnych drzwiach zamontowano aluminiowe uchwyty u\u0142atwiaj\u0105ce otwieranie i zamykanie.<\/p>\n<p><strong>Wymiary:<\/strong><\/p>\n<p>\u2013szeroko\u015b\u0107 180 cm \/ wysoko\u015b\u0107 212 cm \/ g\u0142\u0119boko\u015b\u0107 65 cm<\/p>\n<p><strong>Informacje dodatkowe:<\/strong><\/p>\n<p>\u2013 zastosowano najwy\u017cszej jako\u015bci system przesuwny;System superior Laguna,<br \/>\n\u2013 wn\u0119trze wyposa\u017cone w dr\u0105\u017cki na wieszaki oraz p\u00f3\u0142ki,<br \/>\n\u2013 uchwyty aluminiowe,<br \/>\n\u2013 meble s\u0105 nowe, zapakowane w paczkach do samodzielnego monta\u017cu, wraz z czyteln\u0105 instrukcj\u0105 oraz akcesoriami.<br \/>\n\u2013 szafa z wizualizacji wykonana w kolorze: d\u0105b s\u0119kowy<\/p>\n","protected":false},"featured_media":31251,"comment_status":"open","ping_status":"closed","template":"","meta":[],"product_brand":[],"product_cat":[200],"product_tag":[],"class_list":{"0":"post-29597","1":"product","2":"type-product","3":"status-publish","4":"has-post-thumbnail","6":"product_cat-szafy-przesuwne","7":"pa_kolor-artisan","8":"pa_kolor-czekolada","9":"pa_kolor-lefkas-ciemny","10":"pa_kolor-sonoma","11":"pa_kolor-wellington","12":"pa_kolor-wilton","13":"pa_kolor-wotan","15":"first","16":"instock","17":"shipping-taxable","18":"product-type-variable"},"_links":{"self":[{"href":"https:\/\/www.krajan.pl\/index.php\/wp-json\/wp\/v2\/product\/29597","targetHints":{"allow":["GET"]}}],"collection":[{"href":"https:\/\/www.krajan.pl\/index.php\/wp-json\/wp\/v2\/product"}],"about":[{"href":"https:\/\/www.krajan.pl\/index.php\/wp-json\/wp\/v2\/types\/product"}],"replies":[{"embeddable":true,"href":"https:\/\/www.krajan.pl\/index.php\/wp-json\/wp\/v2\/comments?post=29597"}],"wp:featuredmedia":[{"embeddable":true,"href":"https:\/\/www.krajan.pl\/index.php\/wp-json\/wp\/v2\/media\/31251"}],"wp:attachment":[{"href":"https:\/\/www.krajan.pl\/index.php\/wp-json\/wp\/v2\/media?parent=29597"}],"wp:term":[{"taxonomy":"product_brand","embeddable":true,"href":"https:\/\/www.krajan.pl\/index.php\/wp-json\/wp\/v2\/product_brand?post=29597"},{"taxonomy":"product_cat","embeddable":true,"href":"https:\/\/www.krajan.pl\/index.php\/wp-json\/wp\/v2\/product_cat?post=29597"},{"taxonomy":"product_tag","embeddable":true,"href":"https:\/\/www.krajan.pl\/index.php\/wp-json\/wp\/v2\/product_tag?post=29597"}],"curies":[{"name":"wp","href":"https:\/\/api.w.org\/{rel}","templated":true}]}}