{"id":29588,"date":"2024-12-07T10:40:25","date_gmt":"2024-12-07T09:40:25","guid":{"rendered":"https:\/\/www.krajan.pl\/?post_type=product&#038;p=29588"},"modified":"2026-02-25T11:14:50","modified_gmt":"2026-02-25T10:14:50","slug":"kora","status":"publish","type":"product","link":"https:\/\/www.krajan.pl\/index.php\/produkt\/kora\/","title":{"rendered":"Kora"},"content":{"rendered":"<p>&#8217;<\/p>\n<p><em>Uwagi:<\/em><\/p>\n<p><em><span class=\"ILfuVd\" lang=\"pl\"><span class=\"hgKElc\">\u00a0Kolory na zdj\u0119ciach\u00a0 mog\u0105 si\u0119 nieznacznie r\u00f3\u017cni\u0107 od rzeczywistych \u2013 wynika to z r\u00f3\u017cnorodno\u015bci dost\u0119pnego sprz\u0119tu komputerowego oraz jego indywidualnych ustawie\u0144 a w szczeg\u00f3lno\u015bci ustawie\u0144 monitora i karty graficznej.<\/span><\/span><\/em><\/p>\n<p>Views: 10<\/p>","protected":false},"excerpt":{"rendered":"<p>Szer.\/wys.\/g\u0142.:150\/200\/62,5 cm<\/p>\n<p><strong>Szafa 3-drzwiowa KORA<\/strong> z systemem drzwi przesuwnych, solidnie wykonana, funkcjonalna, elegancka, u\u0142atwiaj\u0105ca codzienne u\u017cytkowanie. Idealna zar\u00f3wno do sypialni, przedpokoju jaki i pokoju dziennego. Praktyczne wn\u0119trze podzielone jest na p\u00f3\u0142ki, 1x szuflada, 2 x dr\u0105\u017cek ubraniowy.<\/p>\n<p><strong>Wymiary:<\/strong><\/p>\n<p><strong>\u2013 <\/strong>szeroko\u015b\u0107 150 cm \/ wysoko\u015b\u0107 200 cm \/ g\u0142\u0119boko\u015b\u0107 62,5 cm<\/p>\n<p><strong>Informacje dodatkowe:<\/strong><\/p>\n<p>\u2013 meble s\u0105 nowe, zapakowane w paczkach do samodzielnego monta\u017cu, wraz z czyteln\u0105 instrukcj\u0105 oraz akcesoriami,<br \/>\n\u2013 mo\u017cliwo\u015b\u0107 zam\u00f3wienia lustra na \u015brodkowe drzwi,<br \/>\n\u2013 szafa z wizualizacji wykonana w kolorze: czekolada<\/p>\n<p>&nbsp;<\/p>\n","protected":false},"featured_media":31207,"comment_status":"open","ping_status":"closed","template":"","meta":[],"product_brand":[],"product_cat":[200],"product_tag":[],"class_list":{"0":"post-29588","1":"product","2":"type-product","3":"status-publish","4":"has-post-thumbnail","6":"product_cat-szafy-przesuwne","7":"pa_kolor-artisan","8":"pa_kolor-czekolada","9":"pa_kolor-sonoma","10":"pa_kolor-trufel","12":"first","13":"instock","14":"shipping-taxable","15":"product-type-variable"},"_links":{"self":[{"href":"https:\/\/www.krajan.pl\/index.php\/wp-json\/wp\/v2\/product\/29588","targetHints":{"allow":["GET"]}}],"collection":[{"href":"https:\/\/www.krajan.pl\/index.php\/wp-json\/wp\/v2\/product"}],"about":[{"href":"https:\/\/www.krajan.pl\/index.php\/wp-json\/wp\/v2\/types\/product"}],"replies":[{"embeddable":true,"href":"https:\/\/www.krajan.pl\/index.php\/wp-json\/wp\/v2\/comments?post=29588"}],"wp:featuredmedia":[{"embeddable":true,"href":"https:\/\/www.krajan.pl\/index.php\/wp-json\/wp\/v2\/media\/31207"}],"wp:attachment":[{"href":"https:\/\/www.krajan.pl\/index.php\/wp-json\/wp\/v2\/media?parent=29588"}],"wp:term":[{"taxonomy":"product_brand","embeddable":true,"href":"https:\/\/www.krajan.pl\/index.php\/wp-json\/wp\/v2\/product_brand?post=29588"},{"taxonomy":"product_cat","embeddable":true,"href":"https:\/\/www.krajan.pl\/index.php\/wp-json\/wp\/v2\/product_cat?post=29588"},{"taxonomy":"product_tag","embeddable":true,"href":"https:\/\/www.krajan.pl\/index.php\/wp-json\/wp\/v2\/product_tag?post=29588"}],"curies":[{"name":"wp","href":"https:\/\/api.w.org\/{rel}","templated":true}]}}