{"id":29582,"date":"2024-12-07T10:40:24","date_gmt":"2024-12-07T09:40:24","guid":{"rendered":"https:\/\/www.krajan.pl\/?post_type=product&#038;p=29582"},"modified":"2026-03-05T10:09:04","modified_gmt":"2026-03-05T09:09:04","slug":"kasia-i-a","status":"publish","type":"product","link":"https:\/\/www.krajan.pl\/index.php\/produkt\/kasia-i-a\/","title":{"rendered":"Kasia I A"},"content":{"rendered":"<p>&#8217;<br \/>\n<em>Uwagi:<\/em><\/p>\n<p><em><span class=\"ILfuVd\" lang=\"pl\"><span class=\"hgKElc\">\u00a0Kolory na zdj\u0119ciach\u00a0 mog\u0105 si\u0119 nieznacznie r\u00f3\u017cni\u0107 od rzeczywistych \u2013 wynika to z r\u00f3\u017cnorodno\u015bci dost\u0119pnego sprz\u0119tu komputerowego oraz jego indywidualnych ustawie\u0144 a w szczeg\u00f3lno\u015bci ustawie\u0144 monitora i karty graficznej.<\/span><\/span><\/em><\/p>\n<p>Views: 17<\/p>","protected":false},"excerpt":{"rendered":"<p>Szer.\/wys.\/g\u0142.: <span style=\"font-size: 12pt;\">100<\/span>\/200\/62,5 cm<\/p>\n<p><strong>Szafa dwudrzwiowa KASIA I A<\/strong>\u00a0 z systemem drzwi przesuwnych, solidnie wykonana, funkcjonalna, elegancka, u\u0142atwiaj\u0105ca codzienne u\u017cytkowanie. Idealna zar\u00f3wno do sypialni, przedpokoju jaki i pokoju dziennego. Praktyczne wn\u0119trze podzielone jest na p\u00f3\u0142ki oraz wieszaki.<\/p>\n<p><strong>Wymiary:<\/strong><\/p>\n<p>\u2013\u00a0szeroko\u015b\u0107 100 cm\u00a0\/ wysoko\u015b\u0107 200 cm \/ g\u0142\u0119boko\u015b\u0107 62,5 cm<\/p>\n<p><strong>Informacje dodatkowe:<\/strong><\/p>\n<p>\u2013 meble s\u0105 nowe, zapakowane w paczkach do samodzielnego monta\u017cu, wraz z czyteln\u0105 instrukcj\u0105 oraz akcesoriami.<br \/>\n\u2013 szafa z wizualizacji wykonana w kolorze: olcha (UWAGA!!! KOLOR NIEDOST\u0118PNY)<\/p>\n","protected":false},"featured_media":31264,"comment_status":"open","ping_status":"closed","template":"","meta":[],"product_brand":[],"product_cat":[200],"product_tag":[],"class_list":{"0":"post-29582","1":"product","2":"type-product","3":"status-publish","4":"has-post-thumbnail","6":"product_cat-szafy-przesuwne","7":"pa_kolor-czekolada","8":"pa_kolor-sonoma","9":"pa_kolor-trufel","11":"first","12":"instock","13":"shipping-taxable","14":"product-type-variable"},"_links":{"self":[{"href":"https:\/\/www.krajan.pl\/index.php\/wp-json\/wp\/v2\/product\/29582","targetHints":{"allow":["GET"]}}],"collection":[{"href":"https:\/\/www.krajan.pl\/index.php\/wp-json\/wp\/v2\/product"}],"about":[{"href":"https:\/\/www.krajan.pl\/index.php\/wp-json\/wp\/v2\/types\/product"}],"replies":[{"embeddable":true,"href":"https:\/\/www.krajan.pl\/index.php\/wp-json\/wp\/v2\/comments?post=29582"}],"wp:featuredmedia":[{"embeddable":true,"href":"https:\/\/www.krajan.pl\/index.php\/wp-json\/wp\/v2\/media\/31264"}],"wp:attachment":[{"href":"https:\/\/www.krajan.pl\/index.php\/wp-json\/wp\/v2\/media?parent=29582"}],"wp:term":[{"taxonomy":"product_brand","embeddable":true,"href":"https:\/\/www.krajan.pl\/index.php\/wp-json\/wp\/v2\/product_brand?post=29582"},{"taxonomy":"product_cat","embeddable":true,"href":"https:\/\/www.krajan.pl\/index.php\/wp-json\/wp\/v2\/product_cat?post=29582"},{"taxonomy":"product_tag","embeddable":true,"href":"https:\/\/www.krajan.pl\/index.php\/wp-json\/wp\/v2\/product_tag?post=29582"}],"curies":[{"name":"wp","href":"https:\/\/api.w.org\/{rel}","templated":true}]}}