{"id":29435,"date":"2024-12-07T09:42:16","date_gmt":"2024-12-07T08:42:16","guid":{"rendered":"https:\/\/www.krajan.pl\/?post_type=product&#038;p=29435"},"modified":"2026-01-29T13:38:56","modified_gmt":"2026-01-29T12:38:56","slug":"kleo-szafa-k-1-2","status":"publish","type":"product","link":"https:\/\/www.krajan.pl\/index.php\/produkt\/kleo-szafa-k-1-2\/","title":{"rendered":"KLEO Szafa K-1"},"content":{"rendered":"<p><em>Uwagi:<\/em><\/p>\n<p><em><span class=\"ILfuVd\" lang=\"pl\"><span class=\"hgKElc\">\u00a0Kolory na zdj\u0119ciach\u00a0 mog\u0105 si\u0119 nieznacznie r\u00f3\u017cni\u0107 od rzeczywistych \u2013 wynika to z r\u00f3\u017cnorodno\u015bci dost\u0119pnego sprz\u0119tu komputerowego oraz jego indywidualnych ustawie\u0144 a w szczeg\u00f3lno\u015bci ustawie\u0144 monitora i karty graficznej.<\/span><\/span><\/em><\/p>\n<p>fronty: 6 x drzwiczki; 4 x p\u00f3\u0142ki, dr\u0105\u017cek ubraniowy<\/p>\n<p>&nbsp;<\/p>\n<p>Views: 8<\/p>","protected":false},"excerpt":{"rendered":"<p>Szer.\/wys.\/g\u0142.:151\/215\/53 cm<\/p>\n<div id=\"box_bottom\">\n<div class=\"paleta_box\">\n<div class=\"paleta\">\n<p data-start=\"99\" data-end=\"160\"><strong data-start=\"99\" data-end=\"160\">Nowoczesna szafa do sypialni \u2013 elegancja i funkcjonalno\u015b\u0107<\/strong><\/p>\n<p data-start=\"162\" data-end=\"395\">Stylowa szafa o nowoczesnym designie, kt\u00f3ra doskonale sprawdzi si\u0119 w sypialni, garderobie lub pokoju m\u0142odzie\u017cowym. Po\u0142\u0105czenie ciep\u0142ego dekoru drewna z eleganckimi, czarnymi frontami nadaje wn\u0119trzu nowoczesny i ponadczasowy charakter.<\/p>\n<p data-start=\"397\" data-end=\"686\">Szafa zosta\u0142a zaprojektowana z my\u015bl\u0105 o wygodnym przechowywaniu \u2013 oferuje pojemne wn\u0119trze, kt\u00f3re pozwala na uporz\u0105dkowanie ubra\u0144, dodatk\u00f3w i tekstyli\u00f3w. Prosta forma oraz minimalistyczne uchwyty sprawiaj\u0105, \u017ce mebel \u015bwietnie komponuje si\u0119 zar\u00f3wno z aran\u017cacjami nowoczesnymi, jak i loftowymi.<\/p>\n<p data-start=\"688\" data-end=\"700\"><strong data-start=\"688\" data-end=\"700\">Wymiary:<\/strong><\/p>\n<ul data-start=\"701\" data-end=\"770\">\n<li data-start=\"701\" data-end=\"724\">\n<p data-start=\"703\" data-end=\"724\">szeroko\u015b\u0107: <strong data-start=\"714\" data-end=\"724\">151 cm<\/strong><\/p>\n<\/li>\n<li data-start=\"725\" data-end=\"747\">\n<p data-start=\"727\" data-end=\"747\">wysoko\u015b\u0107: <strong data-start=\"737\" data-end=\"747\">215 cm<\/strong><\/p>\n<\/li>\n<li data-start=\"748\" data-end=\"770\">\n<p data-start=\"750\" data-end=\"770\">g\u0142\u0119boko\u015b\u0107: <strong data-start=\"761\" data-end=\"770\">53 cm<\/strong><\/p>\n<\/li>\n<\/ul>\n<p data-start=\"772\" data-end=\"791\"><strong data-start=\"772\" data-end=\"791\">Cechy produktu:<\/strong><\/p>\n<ul data-start=\"792\" data-end=\"926\">\n<li data-start=\"792\" data-end=\"826\">\n<p data-start=\"794\" data-end=\"826\">nowoczesny, uniwersalny wygl\u0105d<\/p>\n<\/li>\n<li data-start=\"827\" data-end=\"850\">\n<p data-start=\"829\" data-end=\"850\">pojemna konstrukcja<\/p>\n<\/li>\n<li data-start=\"851\" data-end=\"873\">\n<p data-start=\"853\" data-end=\"873\">stabilne wykonanie<\/p>\n<\/li>\n<li data-start=\"874\" data-end=\"926\">\n<p data-start=\"876\" data-end=\"926\">\u0142atwa do dopasowania do r\u00f3\u017cnych aran\u017cacji wn\u0119trz<\/p>\n<\/li>\n<\/ul>\n<p data-start=\"928\" data-end=\"1011\">Idealna propozycja dla os\u00f3b ceni\u0105cych estetyk\u0119, funkcjonalno\u015b\u0107 i ponadczasowy styl.<\/p>\n<\/div>\n<\/div>\n<\/div>\n","protected":false},"featured_media":31120,"comment_status":"open","ping_status":"closed","template":"","meta":[],"product_brand":[],"product_cat":[231,196],"product_tag":[],"class_list":{"0":"post-29435","1":"product","2":"type-product","3":"status-publish","4":"has-post-thumbnail","6":"product_cat-kleo","7":"product_cat-szafy-otwierane-szafy-otwierane","8":"pa_kolor-sonoma-bialy-polysk","9":"pa_kolor-sonoma-czarny-polysk","10":"pa_kolor-sonoma-czekolada","11":"pa_kolor-trufel-willton","13":"first","14":"instock","15":"shipping-taxable","16":"product-type-variable"},"_links":{"self":[{"href":"https:\/\/www.krajan.pl\/index.php\/wp-json\/wp\/v2\/product\/29435","targetHints":{"allow":["GET"]}}],"collection":[{"href":"https:\/\/www.krajan.pl\/index.php\/wp-json\/wp\/v2\/product"}],"about":[{"href":"https:\/\/www.krajan.pl\/index.php\/wp-json\/wp\/v2\/types\/product"}],"replies":[{"embeddable":true,"href":"https:\/\/www.krajan.pl\/index.php\/wp-json\/wp\/v2\/comments?post=29435"}],"wp:featuredmedia":[{"embeddable":true,"href":"https:\/\/www.krajan.pl\/index.php\/wp-json\/wp\/v2\/media\/31120"}],"wp:attachment":[{"href":"https:\/\/www.krajan.pl\/index.php\/wp-json\/wp\/v2\/media?parent=29435"}],"wp:term":[{"taxonomy":"product_brand","embeddable":true,"href":"https:\/\/www.krajan.pl\/index.php\/wp-json\/wp\/v2\/product_brand?post=29435"},{"taxonomy":"product_cat","embeddable":true,"href":"https:\/\/www.krajan.pl\/index.php\/wp-json\/wp\/v2\/product_cat?post=29435"},{"taxonomy":"product_tag","embeddable":true,"href":"https:\/\/www.krajan.pl\/index.php\/wp-json\/wp\/v2\/product_tag?post=29435"}],"curies":[{"name":"wp","href":"https:\/\/api.w.org\/{rel}","templated":true}]}}