{"id":29432,"date":"2024-12-07T09:42:16","date_gmt":"2024-12-07T08:42:16","guid":{"rendered":"https:\/\/www.krajan.pl\/?post_type=product&#038;p=29432"},"modified":"2026-02-24T15:08:40","modified_gmt":"2026-02-24T14:08:40","slug":"zyta-szafa-zy-3-2","status":"publish","type":"product","link":"https:\/\/www.krajan.pl\/index.php\/produkt\/zyta-szafa-zy-3-2\/","title":{"rendered":"ZYTA Szafa ZY-3"},"content":{"rendered":"<p><em>Uwagi:<\/em><\/p>\n<p><em><span class=\"ILfuVd\" lang=\"pl\"><span class=\"hgKElc\">\u00a0Kolory na zdj\u0119ciach\u00a0 mog\u0105 si\u0119 nieznacznie r\u00f3\u017cni\u0107 od rzeczywistych \u2013 wynika to z r\u00f3\u017cnorodno\u015bci dost\u0119pnego sprz\u0119tu komputerowego oraz jego indywidualnych ustawie\u0144 a w szczeg\u00f3lno\u015bci ustawie\u0144 monitora i karty graficznej.<\/span><\/span><\/em><\/p>\n<p>Views: 9<\/p>","protected":false},"excerpt":{"rendered":"<div id=\"box_bottom\">\n<p>Szer.\/wys.\/g\u0142.:150\/200\/53 cm<\/p>\n<div class=\"paleta_box\">\n<div class=\"paleta\"><\/div>\n<\/div>\n<\/div>\n","protected":false},"featured_media":31191,"comment_status":"open","ping_status":"closed","template":"","meta":[],"product_brand":[],"product_cat":[196,217],"product_tag":[],"class_list":{"0":"post-29432","1":"product","2":"type-product","3":"status-publish","4":"has-post-thumbnail","6":"product_cat-szafy-otwierane-szafy-otwierane","7":"product_cat-zyta","8":"pa_kolor-bialy-artisan","9":"pa_kolor-bialy-lancelot","10":"pa_kolor-lefkas-ciemny-anderson","11":"pa_kolor-lefkas-ciemny-sosna-biala","13":"first","14":"instock","15":"shipping-taxable","16":"product-type-variable"},"_links":{"self":[{"href":"https:\/\/www.krajan.pl\/index.php\/wp-json\/wp\/v2\/product\/29432","targetHints":{"allow":["GET"]}}],"collection":[{"href":"https:\/\/www.krajan.pl\/index.php\/wp-json\/wp\/v2\/product"}],"about":[{"href":"https:\/\/www.krajan.pl\/index.php\/wp-json\/wp\/v2\/types\/product"}],"replies":[{"embeddable":true,"href":"https:\/\/www.krajan.pl\/index.php\/wp-json\/wp\/v2\/comments?post=29432"}],"wp:featuredmedia":[{"embeddable":true,"href":"https:\/\/www.krajan.pl\/index.php\/wp-json\/wp\/v2\/media\/31191"}],"wp:attachment":[{"href":"https:\/\/www.krajan.pl\/index.php\/wp-json\/wp\/v2\/media?parent=29432"}],"wp:term":[{"taxonomy":"product_brand","embeddable":true,"href":"https:\/\/www.krajan.pl\/index.php\/wp-json\/wp\/v2\/product_brand?post=29432"},{"taxonomy":"product_cat","embeddable":true,"href":"https:\/\/www.krajan.pl\/index.php\/wp-json\/wp\/v2\/product_cat?post=29432"},{"taxonomy":"product_tag","embeddable":true,"href":"https:\/\/www.krajan.pl\/index.php\/wp-json\/wp\/v2\/product_tag?post=29432"}],"curies":[{"name":"wp","href":"https:\/\/api.w.org\/{rel}","templated":true}]}}