{"id":29428,"date":"2024-12-07T09:42:15","date_gmt":"2024-12-07T08:42:15","guid":{"rendered":"https:\/\/www.krajan.pl\/?post_type=product&#038;p=29428"},"modified":"2026-02-20T11:12:31","modified_gmt":"2026-02-20T10:12:31","slug":"natasza-2","status":"publish","type":"product","link":"https:\/\/www.krajan.pl\/index.php\/produkt\/natasza-2\/","title":{"rendered":"NATASZA"},"content":{"rendered":"<p><em>Uwagi:<\/em><\/p>\n<p><em><span class=\"ILfuVd\" lang=\"pl\"><span class=\"hgKElc\">\u00a0Kolory na zdj\u0119ciach\u00a0 mog\u0105 si\u0119 nieznacznie r\u00f3\u017cni\u0107 od rzeczywistych \u2013 wynika to z r\u00f3\u017cnorodno\u015bci dost\u0119pnego sprz\u0119tu komputerowego oraz jego indywidualnych ustawie\u0144 a w szczeg\u00f3lno\u015bci ustawie\u0144 monitora i karty graficznej.<\/span><\/span><\/em><\/p>\n<p>Views: 24<\/p>","protected":false},"excerpt":{"rendered":"<p>Szer.\/wys.\/g\u0142.: 140\/200\/60cm<\/p>\n<p><strong>Szafa 3-drzwiowa NATASZA<\/strong> to idealny wyb\u00f3r do Twojej garderoby, pokoju czy sypialni. Wykonana z wysokiej jako\u015bci p\u0142yty laminowanej. Praktyczne szuflady, p\u00f3\u0142ki oraz dr\u0105\u017cki na ubrania pomieszcz\u0105 wiele rzeczy. Solidne wykonanie daje gwarancj\u0119 trwa\u0142o\u015bci, dzi\u0119ki czemu szafa pos\u0142u\u017cy Ci przez wiele lat.<\/p>\n<p><strong>Wymiary:<\/strong><\/p>\n<p>\u2013 szeroko\u015b\u0107 140 cm \/ wysoko\u015b\u0107 200 cm \/ g\u0142\u0119boko\u015b\u0107 60 cm<\/p>\n<p><strong>Informacje dodatkowe:<\/strong><\/p>\n<p>\u2013 uchwyty i n\u00f3\u017cki wykonane z wysokogatunkowego tworzywa sztucznego, kt\u00f3re zapewniaj\u0105 trwa\u0142o\u015b\u0107 oraz komfort u\u017cytkowania,<br \/>\n\u2013 lustro na \u015brodkowych drzwiach,<br \/>\n\u2013 boczne listwy MDF,<br \/>\n\u2013 meble s\u0105 nowe, zapakowane w paczkach do samodzielnego monta\u017cu, wraz z czyteln\u0105 instrukcj\u0105 oraz akcesoriami.<br \/>\n\u2013 szafa z wizualizacji wykonana w kolorze: olcha<\/p>\n<p>&nbsp;<\/p>\n","protected":false},"featured_media":31176,"comment_status":"open","ping_status":"closed","template":"","meta":[],"product_brand":[],"product_cat":[196],"product_tag":[],"class_list":{"0":"post-29428","1":"product","2":"type-product","3":"status-publish","4":"has-post-thumbnail","6":"product_cat-szafy-otwierane-szafy-otwierane","7":"pa_kolor-artisan","8":"pa_kolor-czekolada","9":"pa_kolor-lefkas-ciemny","10":"pa_kolor-sonoma","12":"first","13":"instock","14":"shipping-taxable","15":"product-type-variable"},"_links":{"self":[{"href":"https:\/\/www.krajan.pl\/index.php\/wp-json\/wp\/v2\/product\/29428","targetHints":{"allow":["GET"]}}],"collection":[{"href":"https:\/\/www.krajan.pl\/index.php\/wp-json\/wp\/v2\/product"}],"about":[{"href":"https:\/\/www.krajan.pl\/index.php\/wp-json\/wp\/v2\/types\/product"}],"replies":[{"embeddable":true,"href":"https:\/\/www.krajan.pl\/index.php\/wp-json\/wp\/v2\/comments?post=29428"}],"wp:featuredmedia":[{"embeddable":true,"href":"https:\/\/www.krajan.pl\/index.php\/wp-json\/wp\/v2\/media\/31176"}],"wp:attachment":[{"href":"https:\/\/www.krajan.pl\/index.php\/wp-json\/wp\/v2\/media?parent=29428"}],"wp:term":[{"taxonomy":"product_brand","embeddable":true,"href":"https:\/\/www.krajan.pl\/index.php\/wp-json\/wp\/v2\/product_brand?post=29428"},{"taxonomy":"product_cat","embeddable":true,"href":"https:\/\/www.krajan.pl\/index.php\/wp-json\/wp\/v2\/product_cat?post=29428"},{"taxonomy":"product_tag","embeddable":true,"href":"https:\/\/www.krajan.pl\/index.php\/wp-json\/wp\/v2\/product_tag?post=29428"}],"curies":[{"name":"wp","href":"https:\/\/api.w.org\/{rel}","templated":true}]}}