{"id":29427,"date":"2024-12-07T09:42:15","date_gmt":"2024-12-07T08:42:15","guid":{"rendered":"https:\/\/www.krajan.pl\/?post_type=product&#038;p=29427"},"modified":"2026-02-20T11:18:52","modified_gmt":"2026-02-20T10:18:52","slug":"orion-2","status":"publish","type":"product","link":"https:\/\/www.krajan.pl\/index.php\/produkt\/orion-2\/","title":{"rendered":"ORION"},"content":{"rendered":"<p><em>Uwagi:<\/em><\/p>\n<p><em><span class=\"ILfuVd\" lang=\"pl\"><span class=\"hgKElc\">\u00a0Kolory na zdj\u0119ciach\u00a0 mog\u0105 si\u0119 nieznacznie r\u00f3\u017cni\u0107 od rzeczywistych \u2013 wynika to z r\u00f3\u017cnorodno\u015bci dost\u0119pnego sprz\u0119tu komputerowego oraz jego indywidualnych ustawie\u0144 a w szczeg\u00f3lno\u015bci ustawie\u0144 monitora i karty graficznej.<\/span><\/span><\/em><\/p>\n<p>Views: 11<\/p>","protected":false},"excerpt":{"rendered":"<p>Szer.\/wys.\/g\u0142.: 180\/212\/53cm<\/p>\n<p><strong>Szafa 4-drzwiowa ORION<\/strong> to idealny wyb\u00f3r do Twojej garderoby, pokoju czy sypialni. Wykonana z wysokiej jako\u015bci p\u0142yty laminowanej. Praktyczne szuflady, p\u00f3\u0142ki oraz dr\u0105\u017cki na ubrania pomieszcz\u0105 wiele rzeczy. Solidne wykonanie daje gwarancj\u0119 trwa\u0142o\u015bci, dzi\u0119ki czemu szafa pos\u0142u\u017cy Ci przez wiele lat.<br \/>\nNowoczesna szafa <strong>ORION\u00a0 <\/strong>wyr\u00f3\u017cnia si\u0119 na tle innych szaf swym ciekawym zestawieniem kolorystycznym oraz ponadczasowym design\u2019em. Dzi\u0119ki swym gabarytom jest niesamowicie pojemna.<\/p>\n<p><strong>Wymiary:<\/strong><\/p>\n<p>\u2013 szeroko\u015b\u0107 180 cm \/ wysoko\u015b\u0107 212 cm \/ g\u0142\u0119boko\u015b\u0107 53 cm<\/p>\n<p><strong>Informacje dodatkowe:<\/strong><\/p>\n<div id=\"module_gallery\" class=\"module\">\n<div id=\"module_gallery\" class=\"module\">\n<p>\u2013 ilo\u015b\u0107 drzwi:\u00a04<br \/>\n\u2013 ilo\u015b\u0107 szuflad:\u00a02<br \/>\n\u2013 obrze\u017ca: starannie zako\u0144czone trwa\u0142\u0105 i odporn\u0105 na uszkodzenia oklein\u0105 PCV,<br \/>\n\u2013 materia\u0142: p\u0142yta laminowana o grubo\u015bci 16 mm,<br \/>\n\u2013 2 x lustro na \u015brodkowych drzwiach,<br \/>\n\u2013 uchwyty wykonane z wysokogatunkowego tworzywa sztucznego, kt\u00f3re zapewniaj\u0105 trwa\u0142o\u015b\u0107 oraz komfort u\u017cytkowania,<br \/>\n\u2013 meble s\u0105 nowe, zapakowane w paczkach do samodzielnego monta\u017cu, wraz z czyteln\u0105 instrukcj\u0105 oraz akcesoriami.<br \/>\n\u2013 szafa z wizualizacji wykonana w kolorze:sonoma\/czekolada<\/p>\n<\/div>\n<\/div>\n<p>&nbsp;<\/p>\n<div class=\"positioner\"><\/div>\n","protected":false},"featured_media":31177,"comment_status":"open","ping_status":"closed","template":"","meta":[],"product_brand":[],"product_cat":[195,196],"product_tag":[],"class_list":{"0":"post-29427","1":"product","2":"type-product","3":"status-publish","4":"has-post-thumbnail","6":"product_cat-szafy-otwierane","7":"product_cat-szafy-otwierane-szafy-otwierane","8":"pa_kolor-artisan-anderson","9":"pa_kolor-lefkas-ciemny","10":"pa_kolor-sonoma-bialy","11":"pa_kolor-sonoma-czekolada","12":"pa_kolor-sonoma-flamed-wood","13":"pa_kolor-wellington","14":"pa_kolor-wotan","16":"first","17":"instock","18":"shipping-taxable","19":"product-type-variable"},"_links":{"self":[{"href":"https:\/\/www.krajan.pl\/index.php\/wp-json\/wp\/v2\/product\/29427","targetHints":{"allow":["GET"]}}],"collection":[{"href":"https:\/\/www.krajan.pl\/index.php\/wp-json\/wp\/v2\/product"}],"about":[{"href":"https:\/\/www.krajan.pl\/index.php\/wp-json\/wp\/v2\/types\/product"}],"replies":[{"embeddable":true,"href":"https:\/\/www.krajan.pl\/index.php\/wp-json\/wp\/v2\/comments?post=29427"}],"wp:featuredmedia":[{"embeddable":true,"href":"https:\/\/www.krajan.pl\/index.php\/wp-json\/wp\/v2\/media\/31177"}],"wp:attachment":[{"href":"https:\/\/www.krajan.pl\/index.php\/wp-json\/wp\/v2\/media?parent=29427"}],"wp:term":[{"taxonomy":"product_brand","embeddable":true,"href":"https:\/\/www.krajan.pl\/index.php\/wp-json\/wp\/v2\/product_brand?post=29427"},{"taxonomy":"product_cat","embeddable":true,"href":"https:\/\/www.krajan.pl\/index.php\/wp-json\/wp\/v2\/product_cat?post=29427"},{"taxonomy":"product_tag","embeddable":true,"href":"https:\/\/www.krajan.pl\/index.php\/wp-json\/wp\/v2\/product_tag?post=29427"}],"curies":[{"name":"wp","href":"https:\/\/api.w.org\/{rel}","templated":true}]}}