{"id":29421,"date":"2024-12-07T09:42:13","date_gmt":"2024-12-07T08:42:13","guid":{"rendered":"https:\/\/www.krajan.pl\/?post_type=product&#038;p=29421"},"modified":"2026-03-04T11:59:12","modified_gmt":"2026-03-04T10:59:12","slug":"jaris-2","status":"publish","type":"product","link":"https:\/\/www.krajan.pl\/index.php\/produkt\/jaris-2\/","title":{"rendered":"JARIS"},"content":{"rendered":"<p><em>Uwagi:<\/em><\/p>\n<p><em><span class=\"ILfuVd\" lang=\"pl\"><span class=\"hgKElc\">\u00a0Kolory na zdj\u0119ciach\u00a0 mog\u0105 si\u0119 nieznacznie r\u00f3\u017cni\u0107 od rzeczywistych \u2013 wynika to z r\u00f3\u017cnorodno\u015bci dost\u0119pnego sprz\u0119tu komputerowego oraz jego indywidualnych ustawie\u0144 a w szczeg\u00f3lno\u015bci ustawie\u0144 monitora i karty graficznej.<\/span><\/span><\/em><\/p>\n<p>Views: 16<\/p>","protected":false},"excerpt":{"rendered":"<p>Szer.\/wys.\/g\u0142.: 150\/210\/52 cm<\/p>\n<p><strong>Szafa 3-drzwiowa JARIS<\/strong> to idealny wyb\u00f3r do Twojej garderoby, pokoju czy sypialni. Wykonana z wysokiej jako\u015bci p\u0142yty laminowanej. Praktyczne szuflady, p\u00f3\u0142ki oraz dr\u0105\u017cki na ubrania pomieszcz\u0105 wiele rzeczy. Solidne wykonanie daje gwarancj\u0119 trwa\u0142o\u015bci, dzi\u0119ki czemu szafa pos\u0142u\u017cy Ci przez wiele lat.<\/p>\n<p><strong>Wymiary:<\/strong><\/p>\n<p>\u2013 szeroko\u015b\u0107 150 cm \/ wysoko\u015b\u0107210 cm \/ g\u0142\u0119boko\u015b\u0107 52 cm<\/p>\n<p><strong>Informacje dodatkowe:<\/strong><\/p>\n<p>\u2013 uchwyty wykonane z wysokogatunkowego tworzywa sztucznego, kt\u00f3re zapewniaj\u0105 trwa\u0142o\u015b\u0107 oraz komfort u\u017cytkowania,<br \/>\n\u2013 meble s\u0105 nowe, zapakowane w paczkach do samodzielnego monta\u017cu, wraz z czyteln\u0105 instrukcj\u0105 oraz akcesoriami.<br \/>\n\u2013 szafa z wizualizacji wykonana w kolorze: czekolada<\/p>\n<p>&nbsp;<\/p>\n<div class=\"positioner\"><\/div>\n","protected":false},"featured_media":31255,"comment_status":"open","ping_status":"closed","template":"","meta":[],"product_brand":[],"product_cat":[196],"product_tag":[],"class_list":{"0":"post-29421","1":"product","2":"type-product","3":"status-publish","4":"has-post-thumbnail","6":"product_cat-szafy-otwierane-szafy-otwierane","7":"pa_kolor-artisan","8":"pa_kolor-czekolada","9":"pa_kolor-lefkas-ciemny","10":"pa_kolor-sonoma","11":"pa_kolor-trufel","12":"pa_kolor-wellington","13":"pa_kolor-wotan","15":"first","16":"instock","17":"shipping-taxable","18":"product-type-variable"},"_links":{"self":[{"href":"https:\/\/www.krajan.pl\/index.php\/wp-json\/wp\/v2\/product\/29421","targetHints":{"allow":["GET"]}}],"collection":[{"href":"https:\/\/www.krajan.pl\/index.php\/wp-json\/wp\/v2\/product"}],"about":[{"href":"https:\/\/www.krajan.pl\/index.php\/wp-json\/wp\/v2\/types\/product"}],"replies":[{"embeddable":true,"href":"https:\/\/www.krajan.pl\/index.php\/wp-json\/wp\/v2\/comments?post=29421"}],"wp:featuredmedia":[{"embeddable":true,"href":"https:\/\/www.krajan.pl\/index.php\/wp-json\/wp\/v2\/media\/31255"}],"wp:attachment":[{"href":"https:\/\/www.krajan.pl\/index.php\/wp-json\/wp\/v2\/media?parent=29421"}],"wp:term":[{"taxonomy":"product_brand","embeddable":true,"href":"https:\/\/www.krajan.pl\/index.php\/wp-json\/wp\/v2\/product_brand?post=29421"},{"taxonomy":"product_cat","embeddable":true,"href":"https:\/\/www.krajan.pl\/index.php\/wp-json\/wp\/v2\/product_cat?post=29421"},{"taxonomy":"product_tag","embeddable":true,"href":"https:\/\/www.krajan.pl\/index.php\/wp-json\/wp\/v2\/product_tag?post=29421"}],"curies":[{"name":"wp","href":"https:\/\/api.w.org\/{rel}","templated":true}]}}