{"id":2084,"date":"2017-10-18T13:19:49","date_gmt":"2017-10-18T11:19:49","guid":{"rendered":"https:\/\/www.krajan.pl\/index.php\/produkt\/lemur-biurko-leb-1\/"},"modified":"2024-10-31T12:09:42","modified_gmt":"2024-10-31T11:09:42","slug":"lemur-biurko-leb-1","status":"publish","type":"product","link":"https:\/\/www.krajan.pl\/index.php\/produkt\/lemur-biurko-leb-1\/","title":{"rendered":"Lemur biurko LEB-1"},"content":{"rendered":"<p><em>Uwagi:<\/em><\/p>\n<p><em><span class=\"ILfuVd\" lang=\"pl\"><span class=\"hgKElc\">\u00a0Kolory na zdj\u0119ciach\u00a0 mog\u0105 si\u0119 nieznacznie r\u00f3\u017cni\u0107 od rzeczywistych \u2013 wynika to z r\u00f3\u017cnorodno\u015bci dost\u0119pnego sprz\u0119tu komputerowego oraz jego indywidualnych ustawie\u0144 a w szczeg\u00f3lno\u015bci ustawie\u0144 monitora i karty graficznej.<\/span><\/span><\/em><\/p>\n<p>Views: 11<\/p>","protected":false},"excerpt":{"rendered":"<p><strong>Biurko LEB-1<\/strong> to idealne rozwi\u0105zanie dla os\u00f3b ceni\u0105cych klasyczne wyko\u0144czenia oraz praktyczno\u015b\u0107. Konstrukcja mebla wykonana zosta\u0142a z solidnej p\u0142yty laminowanej o gr.16 mm. Zgrabna forma, oraz nowoczesny wygl\u0105d sprawiaj\u0105, \u017ce mebel nie przyt\u0142oczy wn\u0119trza wi\u0119c \u015bwietnie sprawdza si\u0119 tak\u017ce w niewielkiej przestrzeni. Biurko dost\u0119pna jest w szerokiej gamie kolorystycznej.<\/p>\n<p>Meble w paczkach do samodzielnego monta\u017cu.<br \/>\nProdukt nowy, oryginalnie zapakowany!<br \/>\nFronty: front g\u0142adki.<\/p>\n<p><strong>Wymiary:<\/strong><\/p>\n<p>\u2013 szeroko\u015b\u0107 140 cm \/ wysoko\u015b\u0107 80 cm \/ g\u0142\u0119boko\u015b\u0107 60 cm<\/p>\n<p><strong>Informacje dodatkowe:<\/strong><\/p>\n<ul>\n<li>dost\u0119pne kolory: czekolada, sonoma, trufel<\/li>\n<li>wyko\u0144czenie korpusu : matowe<\/li>\n<li>wyko\u0144czenie front\u00f3w: matowe<\/li>\n<li>wykonanie: laminowana p\u0142yta wi\u00f3rowa<\/li>\n<li>rodzaj: stoj\u0105ca<\/li>\n<li>styl: nowoczesny<\/li>\n<\/ul>\n<div class=\"positioner\"><\/div>\n","protected":false},"featured_media":29089,"comment_status":"closed","ping_status":"closed","template":"","meta":[],"product_brand":[],"product_cat":[76,248,249],"product_tag":[],"class_list":{"0":"post-2084","1":"product","2":"type-product","3":"status-publish","4":"has-post-thumbnail","6":"product_cat-biurka","7":"product_cat-biuro","8":"product_cat-lemur","9":"pa_kolor-czekolada","10":"pa_kolor-sonoma","11":"pa_kolor-trufel","13":"first","14":"instock","15":"shipping-taxable","16":"purchasable","17":"product-type-variable"},"_links":{"self":[{"href":"https:\/\/www.krajan.pl\/index.php\/wp-json\/wp\/v2\/product\/2084","targetHints":{"allow":["GET"]}}],"collection":[{"href":"https:\/\/www.krajan.pl\/index.php\/wp-json\/wp\/v2\/product"}],"about":[{"href":"https:\/\/www.krajan.pl\/index.php\/wp-json\/wp\/v2\/types\/product"}],"replies":[{"embeddable":true,"href":"https:\/\/www.krajan.pl\/index.php\/wp-json\/wp\/v2\/comments?post=2084"}],"wp:featuredmedia":[{"embeddable":true,"href":"https:\/\/www.krajan.pl\/index.php\/wp-json\/wp\/v2\/media\/29089"}],"wp:attachment":[{"href":"https:\/\/www.krajan.pl\/index.php\/wp-json\/wp\/v2\/media?parent=2084"}],"wp:term":[{"taxonomy":"product_brand","embeddable":true,"href":"https:\/\/www.krajan.pl\/index.php\/wp-json\/wp\/v2\/product_brand?post=2084"},{"taxonomy":"product_cat","embeddable":true,"href":"https:\/\/www.krajan.pl\/index.php\/wp-json\/wp\/v2\/product_cat?post=2084"},{"taxonomy":"product_tag","embeddable":true,"href":"https:\/\/www.krajan.pl\/index.php\/wp-json\/wp\/v2\/product_tag?post=2084"}],"curies":[{"name":"wp","href":"https:\/\/api.w.org\/{rel}","templated":true}]}}