{"id":2058,"date":"2017-10-18T12:36:14","date_gmt":"2017-10-18T10:36:14","guid":{"rendered":"https:\/\/www.krajan.pl\/index.php\/produkt\/elis-stol-est-1\/"},"modified":"2025-02-03T15:32:04","modified_gmt":"2025-02-03T14:32:04","slug":"elis-stol-est-1","status":"publish","type":"product","link":"https:\/\/www.krajan.pl\/index.php\/produkt\/elis-stol-est-1\/","title":{"rendered":"Elis st\u00f3\u0142 EST-1A"},"content":{"rendered":"<p>Views: 2<\/p>","protected":false},"excerpt":{"rendered":"<p>EST-1A-160<\/p>\n<p>Szer.\/wys.\/g\u0142.: 160\/78\/90 cm<\/p>\n<p>Powy\u017cszy model dost\u0119pny jest w nast\u0119puj\u0105cej kolorystyce:<\/p>\n<div class=\"positioner\"><\/div>\n","protected":false},"featured_media":27984,"comment_status":"closed","ping_status":"closed","template":"","meta":[],"product_brand":[],"product_cat":[245,100],"product_tag":[],"class_list":{"0":"post-2058","1":"product","2":"type-product","3":"status-publish","4":"has-post-thumbnail","6":"product_cat-elis","7":"product_cat-stoly","8":"pa_kolor-wilton-canyon","9":"pa_kolor-wilton-country-oak","11":"first","12":"instock","13":"shipping-taxable","14":"purchasable","15":"product-type-variable"},"_links":{"self":[{"href":"https:\/\/www.krajan.pl\/index.php\/wp-json\/wp\/v2\/product\/2058","targetHints":{"allow":["GET"]}}],"collection":[{"href":"https:\/\/www.krajan.pl\/index.php\/wp-json\/wp\/v2\/product"}],"about":[{"href":"https:\/\/www.krajan.pl\/index.php\/wp-json\/wp\/v2\/types\/product"}],"replies":[{"embeddable":true,"href":"https:\/\/www.krajan.pl\/index.php\/wp-json\/wp\/v2\/comments?post=2058"}],"wp:featuredmedia":[{"embeddable":true,"href":"https:\/\/www.krajan.pl\/index.php\/wp-json\/wp\/v2\/media\/27984"}],"wp:attachment":[{"href":"https:\/\/www.krajan.pl\/index.php\/wp-json\/wp\/v2\/media?parent=2058"}],"wp:term":[{"taxonomy":"product_brand","embeddable":true,"href":"https:\/\/www.krajan.pl\/index.php\/wp-json\/wp\/v2\/product_brand?post=2058"},{"taxonomy":"product_cat","embeddable":true,"href":"https:\/\/www.krajan.pl\/index.php\/wp-json\/wp\/v2\/product_cat?post=2058"},{"taxonomy":"product_tag","embeddable":true,"href":"https:\/\/www.krajan.pl\/index.php\/wp-json\/wp\/v2\/product_tag?post=2058"}],"curies":[{"name":"wp","href":"https:\/\/api.w.org\/{rel}","templated":true}]}}