{"id":2038,"date":"2017-10-18T12:00:51","date_gmt":"2017-10-18T10:00:51","guid":{"rendered":"https:\/\/www.krajan.pl\/index.php\/produkt\/valdi-lawa-vlk-120\/"},"modified":"2024-10-31T11:50:21","modified_gmt":"2024-10-31T10:50:21","slug":"valdi-lawa-vlk-120","status":"publish","type":"product","link":"https:\/\/www.krajan.pl\/index.php\/produkt\/valdi-lawa-vlk-120\/","title":{"rendered":"Valdi \u0142awa V\u0141-120"},"content":{"rendered":"<p><em>Uwagi:<\/em><\/p>\n<p><em><span class=\"ILfuVd\" lang=\"pl\"><span class=\"hgKElc\">\u00a0Kolory na zdj\u0119ciach\u00a0 mog\u0105 si\u0119 nieznacznie r\u00f3\u017cni\u0107 od rzeczywistych \u2013 wynika to z r\u00f3\u017cnorodno\u015bci dost\u0119pnego sprz\u0119tu komputerowego oraz jego indywidualnych ustawie\u0144 a w szczeg\u00f3lno\u015bci ustawie\u0144 monitora i karty graficznej.<\/span><\/span><\/em><\/p>\n<p>Views: 4<\/p>","protected":false},"excerpt":{"rendered":"<p><strong>Szer.<\/strong>\/wys.\/g\u0142.:<strong>120<\/strong>\/45,5\/65 cm<\/p>\n<div class=\"positioner\"><\/div>\n","protected":false},"featured_media":28990,"comment_status":"closed","ping_status":"closed","template":"","meta":[],"product_brand":[],"product_cat":[93,244],"product_tag":[],"class_list":{"0":"post-2038","1":"product","2":"type-product","3":"status-publish","4":"has-post-thumbnail","6":"product_cat-lawy","7":"product_cat-valdi","8":"pa_kolor-lefkas-ciemny","9":"pa_kolor-syrach","10":"pa_kolor-wellington","11":"pa_kolor-wilton","13":"first","14":"instock","15":"shipping-taxable","16":"purchasable","17":"product-type-variable"},"_links":{"self":[{"href":"https:\/\/www.krajan.pl\/index.php\/wp-json\/wp\/v2\/product\/2038","targetHints":{"allow":["GET"]}}],"collection":[{"href":"https:\/\/www.krajan.pl\/index.php\/wp-json\/wp\/v2\/product"}],"about":[{"href":"https:\/\/www.krajan.pl\/index.php\/wp-json\/wp\/v2\/types\/product"}],"replies":[{"embeddable":true,"href":"https:\/\/www.krajan.pl\/index.php\/wp-json\/wp\/v2\/comments?post=2038"}],"wp:featuredmedia":[{"embeddable":true,"href":"https:\/\/www.krajan.pl\/index.php\/wp-json\/wp\/v2\/media\/28990"}],"wp:attachment":[{"href":"https:\/\/www.krajan.pl\/index.php\/wp-json\/wp\/v2\/media?parent=2038"}],"wp:term":[{"taxonomy":"product_brand","embeddable":true,"href":"https:\/\/www.krajan.pl\/index.php\/wp-json\/wp\/v2\/product_brand?post=2038"},{"taxonomy":"product_cat","embeddable":true,"href":"https:\/\/www.krajan.pl\/index.php\/wp-json\/wp\/v2\/product_cat?post=2038"},{"taxonomy":"product_tag","embeddable":true,"href":"https:\/\/www.krajan.pl\/index.php\/wp-json\/wp\/v2\/product_tag?post=2038"}],"curies":[{"name":"wp","href":"https:\/\/api.w.org\/{rel}","templated":true}]}}