{"id":1862,"date":"2017-10-17T11:22:54","date_gmt":"2017-10-17T09:22:54","guid":{"rendered":"https:\/\/www.krajan.pl\/index.php\/produkt\/geneva-lozko-g-1\/"},"modified":"2024-12-07T08:11:06","modified_gmt":"2024-12-07T07:11:06","slug":"geneva-lozko-g-1","status":"publish","type":"product","link":"https:\/\/www.krajan.pl\/index.php\/produkt\/geneva-lozko-g-1\/","title":{"rendered":"GENEWA \u0141\u00f3\u017cko G-1"},"content":{"rendered":"<p><em>Uwagi:<\/em><\/p>\n<p><em><span class=\"ILfuVd\" lang=\"pl\"><span class=\"hgKElc\">\u00a0Kolory na zdj\u0119ciach\u00a0 mog\u0105 si\u0119 nieznacznie r\u00f3\u017cni\u0107 od rzeczywistych \u2013 wynika to z r\u00f3\u017cnorodno\u015bci dost\u0119pnego sprz\u0119tu komputerowego oraz jego indywidualnych ustawie\u0144 a w szczeg\u00f3lno\u015bci ustawie\u0144 monitora i karty graficznej.<\/span><\/span><\/em><\/p>\n<p>Views: 5<\/p>","protected":false},"excerpt":{"rendered":"<p>Szer.\/wys.\/g\u0142.:170\/85\/210 cm<\/p>\n<p>&nbsp;<\/p>\n<p>Informacje dodatkowe:<\/p>\n<p>\u2013 \u0142\u00f3\u017cko: ma 160\u00d7200 cm powierzchni spania (brak materaca w zestawie)<\/p>\n<p>\u2013 \u0142\u00f3\u017cko\u00a0<strong>nie<\/strong>\u00a0posiada pojemnika na po\u015bciel.<\/p>\n","protected":false},"featured_media":29317,"comment_status":"closed","ping_status":"closed","template":"","meta":[],"product_brand":[],"product_cat":[234,213],"product_tag":[],"class_list":{"0":"post-1862","1":"product","2":"type-product","3":"status-publish","4":"has-post-thumbnail","6":"product_cat-genewa","7":"product_cat-sypialnie","8":"pa_kolor-bordeaux","9":"pa_kolor-wellington","10":"pa_kolor-wotan","12":"first","13":"instock","14":"shipping-taxable","15":"purchasable","16":"product-type-variable"},"_links":{"self":[{"href":"https:\/\/www.krajan.pl\/index.php\/wp-json\/wp\/v2\/product\/1862","targetHints":{"allow":["GET"]}}],"collection":[{"href":"https:\/\/www.krajan.pl\/index.php\/wp-json\/wp\/v2\/product"}],"about":[{"href":"https:\/\/www.krajan.pl\/index.php\/wp-json\/wp\/v2\/types\/product"}],"replies":[{"embeddable":true,"href":"https:\/\/www.krajan.pl\/index.php\/wp-json\/wp\/v2\/comments?post=1862"}],"wp:featuredmedia":[{"embeddable":true,"href":"https:\/\/www.krajan.pl\/index.php\/wp-json\/wp\/v2\/media\/29317"}],"wp:attachment":[{"href":"https:\/\/www.krajan.pl\/index.php\/wp-json\/wp\/v2\/media?parent=1862"}],"wp:term":[{"taxonomy":"product_brand","embeddable":true,"href":"https:\/\/www.krajan.pl\/index.php\/wp-json\/wp\/v2\/product_brand?post=1862"},{"taxonomy":"product_cat","embeddable":true,"href":"https:\/\/www.krajan.pl\/index.php\/wp-json\/wp\/v2\/product_cat?post=1862"},{"taxonomy":"product_tag","embeddable":true,"href":"https:\/\/www.krajan.pl\/index.php\/wp-json\/wp\/v2\/product_tag?post=1862"}],"curies":[{"name":"wp","href":"https:\/\/api.w.org\/{rel}","templated":true}]}}