{"id":1845,"date":"2017-10-17T10:59:32","date_gmt":"2017-10-17T08:59:32","guid":{"rendered":"https:\/\/www.krajan.pl\/index.php\/produkt\/lena-komoda-le-2\/"},"modified":"2025-02-01T09:47:02","modified_gmt":"2025-02-01T08:47:02","slug":"lena-komoda-le-2","status":"publish","type":"product","link":"https:\/\/www.krajan.pl\/index.php\/produkt\/lena-komoda-le-2\/","title":{"rendered":"LENA Komoda LE-2"},"content":{"rendered":"<p><em>Uwagi:<\/em><\/p>\n<p><em><span class=\"ILfuVd\" lang=\"pl\"><span class=\"hgKElc\">\u00a0Kolory na zdj\u0119ciach\u00a0 mog\u0105 si\u0119 nieznacznie r\u00f3\u017cni\u0107 od rzeczywistych \u2013 wynika to z r\u00f3\u017cnorodno\u015bci dost\u0119pnego sprz\u0119tu komputerowego oraz jego indywidualnych ustawie\u0144 a w szczeg\u00f3lno\u015bci ustawie\u0144 monitora i karty graficznej.<\/span><\/span><\/em><\/p>\n<p>Views: 16<\/p>","protected":false},"excerpt":{"rendered":"<p>Szer.\/wys.\/g\u0142.:144\/81\/42,5 cm<\/p>\n","protected":false},"featured_media":29338,"comment_status":"closed","ping_status":"closed","template":"","meta":[],"product_brand":[],"product_cat":[90,232],"product_tag":[],"class_list":{"0":"post-1845","1":"product","2":"type-product","3":"status-publish","4":"has-post-thumbnail","6":"product_cat-komody","7":"product_cat-lena","8":"pa_kolor-czekolada-sonoma","9":"pa_kolor-czekolada-anderson","10":"pa_kolor-czekolada-wilton","11":"pa_kolor-trufel-willton","13":"first","14":"instock","15":"shipping-taxable","16":"purchasable","17":"product-type-variable"},"_links":{"self":[{"href":"https:\/\/www.krajan.pl\/index.php\/wp-json\/wp\/v2\/product\/1845","targetHints":{"allow":["GET"]}}],"collection":[{"href":"https:\/\/www.krajan.pl\/index.php\/wp-json\/wp\/v2\/product"}],"about":[{"href":"https:\/\/www.krajan.pl\/index.php\/wp-json\/wp\/v2\/types\/product"}],"replies":[{"embeddable":true,"href":"https:\/\/www.krajan.pl\/index.php\/wp-json\/wp\/v2\/comments?post=1845"}],"wp:featuredmedia":[{"embeddable":true,"href":"https:\/\/www.krajan.pl\/index.php\/wp-json\/wp\/v2\/media\/29338"}],"wp:attachment":[{"href":"https:\/\/www.krajan.pl\/index.php\/wp-json\/wp\/v2\/media?parent=1845"}],"wp:term":[{"taxonomy":"product_brand","embeddable":true,"href":"https:\/\/www.krajan.pl\/index.php\/wp-json\/wp\/v2\/product_brand?post=1845"},{"taxonomy":"product_cat","embeddable":true,"href":"https:\/\/www.krajan.pl\/index.php\/wp-json\/wp\/v2\/product_cat?post=1845"},{"taxonomy":"product_tag","embeddable":true,"href":"https:\/\/www.krajan.pl\/index.php\/wp-json\/wp\/v2\/product_tag?post=1845"}],"curies":[{"name":"wp","href":"https:\/\/api.w.org\/{rel}","templated":true}]}}