{"id":1839,"date":"2017-10-17T10:51:24","date_gmt":"2017-10-17T08:51:24","guid":{"rendered":"https:\/\/www.krajan.pl\/index.php\/produkt\/lena\/"},"modified":"2026-01-29T14:01:33","modified_gmt":"2026-01-29T13:01:33","slug":"lena","status":"publish","type":"product","link":"https:\/\/www.krajan.pl\/index.php\/produkt\/lena\/","title":{"rendered":"Lena"},"content":{"rendered":"<p>Views: 7<\/p>","protected":false},"excerpt":{"rendered":"<div id=\"opisy\">\n<p><strong>Sypialnia LENA<\/strong><\/p>\n<p>Zestaw tej sypialni sk\u0142ada si\u0119 z \u0142\u00f3\u017cka do sypialni, szafy, komody, stolik\u00f3w nocnych stanowi\u0105ce komplet. Mo\u017cna\u00a0 kupowa\u0107 je r\u00f3wnie\u017c osobno z kt\u00f3rych mog\u0105 stworzy\u0107 Pa\u0144stwo sw\u00f3j w\u0142asny zestaw mebli sypialnianych, zgodnie z indywidualnymi preferencjami. S\u0105 wygodne i pojemne, dzi\u0119ki dobrze opracowanym funkcjom przechowywania. Dzi\u0119ki najwy\u017cszej jako\u015bci wykonania, mo\u017cesz cieszy\u0107 si\u0119 z u\u017cytkowania przez d\u0142ugie lata.<\/p>\n<p><strong>W sk\u0142ad zestawu wchodz\u0105:<\/strong><\/p>\n<p>\u2013 szafa otwierana\u2013 szafa sk\u0142ada si\u0119 z dw\u00f3ch oddzielnych bry\u0142<br \/>\n\u2013 \u0142\u00f3\u017cko ze stela\u017cem drabinkowym \u2013 1 szt.\u00a0<strong>(bez materaca)<\/strong><br \/>\n\u2013 komoda \u2013 1 szt.<br \/>\n\u2013 stolik nocny \u2013 2 szt<\/p>\n<p><strong>Wymiary:<\/strong><br \/>\nszeroko\u015b\u0107 \u00a0cm \/ wysoko\u015b\u0107\u00a0 cm \/ g\u0142\u0119boko\u015b\u0107 \u00a0cm<br \/>\n\u2013 szafa:\u00a0108\u00a0x 212 x 62,5 oraz\u00a0158\u00a0x 212 x 62,5<br \/>\n\u2013 \u0142\u00f3\u017cko: 169 x 85 x 207<br \/>\n\u2013 stolik nocny: 54 x 43 x 43<br \/>\n\u2013 komoda: 144 x 81 x 42,5<\/p>\n<p><strong>Informacje dodatkowe:<\/strong><\/p>\n<p>\u2013 \u0142\u00f3\u017cko: ma 160\u00d7200 cm powierzchni spania (brak materaca w zestawie)<br \/>\n\u2013 meble s\u0105 nowe, zapakowane w paczkach do samodzielnego monta\u017cu, wraz z czyteln\u0105 instrukcj\u0105 oraz akcesoriami.<br \/>\n\u2013 sypialnia z wizualizacji wykonana w kolorze: czekolada\/santrope<\/p>\n<\/div>\n","protected":false},"featured_media":31127,"comment_status":"closed","ping_status":"closed","template":"","meta":[],"product_brand":[],"product_cat":[232,213],"product_tag":[],"class_list":{"0":"post-1839","1":"product","2":"type-product","3":"status-publish","4":"has-post-thumbnail","6":"product_cat-lena","7":"product_cat-sypialnie","9":"first","10":"instock","11":"shipping-taxable","12":"product-type-simple"},"_links":{"self":[{"href":"https:\/\/www.krajan.pl\/index.php\/wp-json\/wp\/v2\/product\/1839","targetHints":{"allow":["GET"]}}],"collection":[{"href":"https:\/\/www.krajan.pl\/index.php\/wp-json\/wp\/v2\/product"}],"about":[{"href":"https:\/\/www.krajan.pl\/index.php\/wp-json\/wp\/v2\/types\/product"}],"replies":[{"embeddable":true,"href":"https:\/\/www.krajan.pl\/index.php\/wp-json\/wp\/v2\/comments?post=1839"}],"wp:featuredmedia":[{"embeddable":true,"href":"https:\/\/www.krajan.pl\/index.php\/wp-json\/wp\/v2\/media\/31127"}],"wp:attachment":[{"href":"https:\/\/www.krajan.pl\/index.php\/wp-json\/wp\/v2\/media?parent=1839"}],"wp:term":[{"taxonomy":"product_brand","embeddable":true,"href":"https:\/\/www.krajan.pl\/index.php\/wp-json\/wp\/v2\/product_brand?post=1839"},{"taxonomy":"product_cat","embeddable":true,"href":"https:\/\/www.krajan.pl\/index.php\/wp-json\/wp\/v2\/product_cat?post=1839"},{"taxonomy":"product_tag","embeddable":true,"href":"https:\/\/www.krajan.pl\/index.php\/wp-json\/wp\/v2\/product_tag?post=1839"}],"curies":[{"name":"wp","href":"https:\/\/api.w.org\/{rel}","templated":true}]}}