{"id":1820,"date":"2017-10-17T10:30:59","date_gmt":"2017-10-17T08:30:59","guid":{"rendered":"https:\/\/www.krajan.pl\/index.php\/produkt\/ksenia-komoda-ks-3\/"},"modified":"2024-12-06T14:16:21","modified_gmt":"2024-12-06T13:16:21","slug":"ksenia-komoda-ks-3","status":"publish","type":"product","link":"https:\/\/www.krajan.pl\/index.php\/produkt\/ksenia-komoda-ks-3\/","title":{"rendered":"KSENIA Komoda KS-3"},"content":{"rendered":"<p>&lt;em&gt;Uwagi:&lt;\/em&gt;<\/p>\n<p>&lt;em&gt;&lt;span class=&#8221;ILfuVd&#8221; lang=&#8221;pl&#8221;&gt;&lt;span class=&#8221;hgKElc&#8221;&gt;\u00a0Kolory na zdj\u0119ciach\u00a0 mog\u0105 si\u0119 nieznacznie r\u00f3\u017cni\u0107 od rzeczywistych \u2013 wynika to z r\u00f3\u017cnorodno\u015bci dost\u0119pnego sprz\u0119tu komputerowego oraz jego indywidualnych ustawie\u0144 a w szczeg\u00f3lno\u015bci ustawie\u0144 monitora i karty graficznej.&lt;\/span&gt;&lt;\/span&gt;&lt;\/em&gt;<\/p>\n<p>Views: 3<\/p>","protected":false},"excerpt":{"rendered":"<p>Szer.\/wys.\/g\u0142.:140\/84,5\/42,5 cm<\/p>\n<p>\u2013 komoda z wizualizacji wykonana w kolorze: trufel\/sosna krem(UWAGA!!!KOLOR NIEDOST\u0118PNY)<\/p>\n","protected":false},"featured_media":29326,"comment_status":"closed","ping_status":"closed","template":"","meta":[],"product_brand":[],"product_cat":[90,230],"product_tag":[],"class_list":{"0":"post-1820","1":"product","2":"type-product","3":"status-publish","4":"has-post-thumbnail","6":"product_cat-komody","7":"product_cat-ksenia","8":"pa_kolor-lefkas-ciemny-anderson","9":"pa_kolor-trufel-willton","11":"first","12":"instock","13":"shipping-taxable","14":"purchasable","15":"product-type-variable"},"_links":{"self":[{"href":"https:\/\/www.krajan.pl\/index.php\/wp-json\/wp\/v2\/product\/1820","targetHints":{"allow":["GET"]}}],"collection":[{"href":"https:\/\/www.krajan.pl\/index.php\/wp-json\/wp\/v2\/product"}],"about":[{"href":"https:\/\/www.krajan.pl\/index.php\/wp-json\/wp\/v2\/types\/product"}],"replies":[{"embeddable":true,"href":"https:\/\/www.krajan.pl\/index.php\/wp-json\/wp\/v2\/comments?post=1820"}],"wp:featuredmedia":[{"embeddable":true,"href":"https:\/\/www.krajan.pl\/index.php\/wp-json\/wp\/v2\/media\/29326"}],"wp:attachment":[{"href":"https:\/\/www.krajan.pl\/index.php\/wp-json\/wp\/v2\/media?parent=1820"}],"wp:term":[{"taxonomy":"product_brand","embeddable":true,"href":"https:\/\/www.krajan.pl\/index.php\/wp-json\/wp\/v2\/product_brand?post=1820"},{"taxonomy":"product_cat","embeddable":true,"href":"https:\/\/www.krajan.pl\/index.php\/wp-json\/wp\/v2\/product_cat?post=1820"},{"taxonomy":"product_tag","embeddable":true,"href":"https:\/\/www.krajan.pl\/index.php\/wp-json\/wp\/v2\/product_tag?post=1820"}],"curies":[{"name":"wp","href":"https:\/\/api.w.org\/{rel}","templated":true}]}}