{"id":1759,"date":"2017-10-14T09:58:09","date_gmt":"2017-10-14T07:58:09","guid":{"rendered":"https:\/\/www.krajan.pl\/index.php\/produkt\/livia-stolik-nocny-li-4\/"},"modified":"2024-12-06T14:20:27","modified_gmt":"2024-12-06T13:20:27","slug":"livia-stolik-nocny-li-4","status":"publish","type":"product","link":"https:\/\/www.krajan.pl\/index.php\/produkt\/livia-stolik-nocny-li-4\/","title":{"rendered":"LIVIA Stolik nocny LI-4"},"content":{"rendered":"<p><em>Uwagi:<\/em><\/p>\n<p><em><span class=\"ILfuVd\" lang=\"pl\"><span class=\"hgKElc\">\u00a0Kolory na zdj\u0119ciach\u00a0 mog\u0105 si\u0119 nieznacznie r\u00f3\u017cni\u0107 od rzeczywistych \u2013 wynika to z r\u00f3\u017cnorodno\u015bci dost\u0119pnego sprz\u0119tu komputerowego oraz jego indywidualnych ustawie\u0144 a w szczeg\u00f3lno\u015bci ustawie\u0144 monitora i karty graficznej.<\/span><\/span><\/em><\/p>\n<p>Views: 4<\/p>","protected":false},"excerpt":{"rendered":"<p>Szer.\/wys.\/g\u0142.:50\/42\/42,5 cm<\/p>\n<p>&nbsp;<\/p>\n<p>Cena dotyczy- 1szt.<\/p>\n","protected":false},"featured_media":29344,"comment_status":"closed","ping_status":"closed","template":"","meta":[],"product_brand":[],"product_cat":[221],"product_tag":[],"class_list":{"0":"post-1759","1":"product","2":"type-product","3":"status-publish","4":"has-post-thumbnail","6":"product_cat-livia","7":"pa_kolor-czekolada-sonoma","8":"pa_kolor-lefkas-ciemny-anderson","9":"pa_kolor-sonoma-czekolada","10":"pa_kolor-trufel-bialy","11":"pa_kolor-trufel-anderson","12":"pa_kolor-trufel-willton","14":"first","15":"instock","16":"shipping-taxable","17":"purchasable","18":"product-type-variable"},"_links":{"self":[{"href":"https:\/\/www.krajan.pl\/index.php\/wp-json\/wp\/v2\/product\/1759","targetHints":{"allow":["GET"]}}],"collection":[{"href":"https:\/\/www.krajan.pl\/index.php\/wp-json\/wp\/v2\/product"}],"about":[{"href":"https:\/\/www.krajan.pl\/index.php\/wp-json\/wp\/v2\/types\/product"}],"replies":[{"embeddable":true,"href":"https:\/\/www.krajan.pl\/index.php\/wp-json\/wp\/v2\/comments?post=1759"}],"wp:featuredmedia":[{"embeddable":true,"href":"https:\/\/www.krajan.pl\/index.php\/wp-json\/wp\/v2\/media\/29344"}],"wp:attachment":[{"href":"https:\/\/www.krajan.pl\/index.php\/wp-json\/wp\/v2\/media?parent=1759"}],"wp:term":[{"taxonomy":"product_brand","embeddable":true,"href":"https:\/\/www.krajan.pl\/index.php\/wp-json\/wp\/v2\/product_brand?post=1759"},{"taxonomy":"product_cat","embeddable":true,"href":"https:\/\/www.krajan.pl\/index.php\/wp-json\/wp\/v2\/product_cat?post=1759"},{"taxonomy":"product_tag","embeddable":true,"href":"https:\/\/www.krajan.pl\/index.php\/wp-json\/wp\/v2\/product_tag?post=1759"}],"curies":[{"name":"wp","href":"https:\/\/api.w.org\/{rel}","templated":true}]}}