{"id":1743,"date":"2017-10-14T09:27:13","date_gmt":"2017-10-14T07:27:13","guid":{"rendered":"https:\/\/www.krajan.pl\/index.php\/produkt\/zyta-zestaw-1\/"},"modified":"2025-02-05T12:39:27","modified_gmt":"2025-02-05T11:39:27","slug":"zyta-zestaw-1","status":"publish","type":"product","link":"https:\/\/www.krajan.pl\/index.php\/produkt\/zyta-zestaw-1\/","title":{"rendered":"Zyta"},"content":{"rendered":"<p>Views: 6<\/p>","protected":false},"excerpt":{"rendered":"<div id=\"opisy\">\n<h2><strong>Sypialnia ZYTA<\/strong><\/h2>\n<p>Zestaw tej sypialni sk\u0142ada si\u0119 z \u0142\u00f3\u017cka do sypialni, szafy, komody, stolik\u00f3w nocnych stanowi\u0105ce komplet. Mo\u017cna\u00a0 kupowa\u0107 je r\u00f3wnie\u017c osobno z kt\u00f3rych mog\u0105 stworzy\u0107 Pa\u0144stwo sw\u00f3j w\u0142asny zestaw mebli sypialnianych, zgodnie z indywidualnymi preferencjami. S\u0105 wygodne i pojemne, dzi\u0119ki dobrze opracowanym funkcjom przechowywania. Dzi\u0119ki najwy\u017cszej jako\u015bci wykonania, mo\u017cesz cieszy\u0107 si\u0119 z u\u017cytkowania przez d\u0142ugie lata.<\/p>\n<p><strong>W sk\u0142ad zestawu wchodz\u0105:<\/strong><\/p>\n<p>\u2013 szafa otwierana 3-drzwiowa z lustrem\u2013 1 szt<br \/>\n\u2013 lub szafa przesuwna 2-drzwiowa \u2192podgl\u0105d szafy \u2192\u00a0<em><a href=\"https:\/\/krajan.jamauryc.vdl.pl\/produkt\/zyta-2\/\">Zyta<\/a><\/em><br \/>\n\u2013 \u0142\u00f3\u017cko ze stela\u017cem drabinkowym \u2013 1 szt.\u00a0<strong>(bez materaca)<\/strong><br \/>\n\u2013 komoda \u2013 1 szt.<br \/>\n\u2013 stolik nocny \u2013 2 szt<\/p>\n<p><strong>Wymiary:<\/strong><br \/>\nszeroko\u015b\u0107 \u00a0cm \/ wysoko\u015b\u0107\u00a0 cm \/ g\u0142\u0119boko\u015b\u0107 \u00a0cm<br \/>\n\u2013 szafa otwierana: 150 x 200 x 53<br \/>\n\u2013 \u0142\u00f3\u017cko ze stolikami nocnymi: 262 x 100 x 204 (wymiar zewn\u0119trzny)<\/p>\n<p><strong>Informacje dodatkowe:<\/strong><\/p>\n<p>\u2013 \u0142\u00f3\u017cko: ma\u00a0<strong>160\u00d7200 cm powierzchni spania<\/strong>\u00a0(brak materaca w zestawie)<br \/>\n\u2013 meble s\u0105 nowe, zapakowane w paczkach do samodzielnego monta\u017cu, wraz z czyteln\u0105 instrukcj\u0105 oraz akcesoriami.<br \/>\n\u2013 sypialnia z wizualizacji wykonana w kolorze: bia\u0142y\/riva<\/p>\n<\/div>\n<div id=\"box_bottom\">\n<div class=\"paleta_box\"><\/div>\n<\/div>\n","protected":false},"featured_media":27840,"comment_status":"closed","ping_status":"closed","template":"","meta":[],"product_brand":[],"product_cat":[213,217],"product_tag":[],"class_list":{"0":"post-1743","1":"product","2":"type-product","3":"status-publish","4":"has-post-thumbnail","6":"product_cat-sypialnie","7":"product_cat-zyta","9":"first","10":"instock","11":"shipping-taxable","12":"product-type-simple"},"_links":{"self":[{"href":"https:\/\/www.krajan.pl\/index.php\/wp-json\/wp\/v2\/product\/1743","targetHints":{"allow":["GET"]}}],"collection":[{"href":"https:\/\/www.krajan.pl\/index.php\/wp-json\/wp\/v2\/product"}],"about":[{"href":"https:\/\/www.krajan.pl\/index.php\/wp-json\/wp\/v2\/types\/product"}],"replies":[{"embeddable":true,"href":"https:\/\/www.krajan.pl\/index.php\/wp-json\/wp\/v2\/comments?post=1743"}],"wp:featuredmedia":[{"embeddable":true,"href":"https:\/\/www.krajan.pl\/index.php\/wp-json\/wp\/v2\/media\/27840"}],"wp:attachment":[{"href":"https:\/\/www.krajan.pl\/index.php\/wp-json\/wp\/v2\/media?parent=1743"}],"wp:term":[{"taxonomy":"product_brand","embeddable":true,"href":"https:\/\/www.krajan.pl\/index.php\/wp-json\/wp\/v2\/product_brand?post=1743"},{"taxonomy":"product_cat","embeddable":true,"href":"https:\/\/www.krajan.pl\/index.php\/wp-json\/wp\/v2\/product_cat?post=1743"},{"taxonomy":"product_tag","embeddable":true,"href":"https:\/\/www.krajan.pl\/index.php\/wp-json\/wp\/v2\/product_tag?post=1743"}],"curies":[{"name":"wp","href":"https:\/\/api.w.org\/{rel}","templated":true}]}}